{"id":1019,"date":"2024-08-27T15:39:10","date_gmt":"2024-08-27T13:39:10","guid":{"rendered":"https:\/\/arto.hu\/?page_id=1019"},"modified":"2024-12-07T17:57:24","modified_gmt":"2024-12-07T16:57:24","slug":"sponsors","status":"publish","type":"page","link":"https:\/\/arto.hu\/en\/tamogatasok\/","title":{"rendered":"Grants"},"content":{"rendered":"<p class=\"wp-block-paragraph\"><\/p>\n\n\n\n<div id=\"wp-block-themeisle-blocks-advanced-columns-55b78b58\" class=\"wp-block-themeisle-blocks-advanced-columns alignfull has-2-columns has-desktop-equal-layout has-tablet-equal-layout has-mobile-collapsedRows-layout has-vertical-center ticss-c00aadba\"><div class=\"wp-block-themeisle-blocks-advanced-columns-overlay\"><\/div><div class=\"innerblocks-wrap\">\n<div id=\"wp-block-themeisle-blocks-advanced-column-d16eef57\" class=\"wp-block-themeisle-blocks-advanced-column\">\n<figure class=\"wp-block-image aligncenter size-full\"><img data-recalc-dims=\"1\" decoding=\"async\" width=\"933\" height=\"201\" data-attachment-id=\"1023\" data-permalink=\"https:\/\/arto.hu\/en\/tamogatasok\/transit-arto\/\" data-orig-file=\"https:\/\/i0.wp.com\/arto.hu\/wp-content\/uploads\/2024\/08\/TransIT-arto.png?fit=933%2C201&amp;ssl=1\" data-orig-size=\"933,201\" data-comments-opened=\"1\" data-image-meta=\"{&quot;aperture&quot;:&quot;0&quot;,&quot;credit&quot;:&quot;&quot;,&quot;camera&quot;:&quot;&quot;,&quot;caption&quot;:&quot;&quot;,&quot;created_timestamp&quot;:&quot;0&quot;,&quot;copyright&quot;:&quot;&quot;,&quot;focal_length&quot;:&quot;0&quot;,&quot;iso&quot;:&quot;0&quot;,&quot;shutter_speed&quot;:&quot;0&quot;,&quot;title&quot;:&quot;&quot;,&quot;orientation&quot;:&quot;0&quot;}\" data-image-title=\"TransIT arto\" data-image-description=\"\" data-image-caption=\"\" data-large-file=\"https:\/\/i0.wp.com\/arto.hu\/wp-content\/uploads\/2024\/08\/TransIT-arto.png?fit=933%2C201&amp;ssl=1\" src=\"https:\/\/i0.wp.com\/arto.hu\/wp-content\/uploads\/2024\/08\/TransIT-arto.png?resize=933%2C201&#038;ssl=1\" alt=\"\" class=\"wp-image-1023\" srcset=\"https:\/\/i0.wp.com\/arto.hu\/wp-content\/uploads\/2024\/08\/TransIT-arto.png?w=933&amp;ssl=1 933w, https:\/\/i0.wp.com\/arto.hu\/wp-content\/uploads\/2024\/08\/TransIT-arto.png?resize=300%2C65&amp;ssl=1 300w, https:\/\/i0.wp.com\/arto.hu\/wp-content\/uploads\/2024\/08\/TransIT-arto.png?resize=768%2C165&amp;ssl=1 768w, https:\/\/i0.wp.com\/arto.hu\/wp-content\/uploads\/2024\/08\/TransIT-arto.png?resize=18%2C4&amp;ssl=1 18w\" sizes=\"(max-width: 933px) 100vw, 933px\" \/><\/figure>\n<\/div>\n\n\n\n<div id=\"wp-block-themeisle-blocks-advanced-column-bd1b0b6b\" class=\"wp-block-themeisle-blocks-advanced-column\">\n<figure class=\"wp-block-image size-full\"><img data-recalc-dims=\"1\" decoding=\"async\" width=\"1920\" height=\"1357\" data-attachment-id=\"632\" data-permalink=\"https:\/\/arto.hu\/en\/mikro-es-kisvallalkozas-szechenyi-2020-arto\/\" data-orig-file=\"https:\/\/i0.wp.com\/arto.hu\/wp-content\/uploads\/2024\/08\/mikro-es-kisvallalkozas-szechenyi-2020-arto.jpg?fit=1920%2C1357&amp;ssl=1\" data-orig-size=\"1920,1357\" data-comments-opened=\"1\" data-image-meta=\"{&quot;aperture&quot;:&quot;0&quot;,&quot;credit&quot;:&quot;&quot;,&quot;camera&quot;:&quot;&quot;,&quot;caption&quot;:&quot;&quot;,&quot;created_timestamp&quot;:&quot;0&quot;,&quot;copyright&quot;:&quot;&quot;,&quot;focal_length&quot;:&quot;0&quot;,&quot;iso&quot;:&quot;0&quot;,&quot;shutter_speed&quot;:&quot;0&quot;,&quot;title&quot;:&quot;&quot;,&quot;orientation&quot;:&quot;0&quot;}\" data-image-title=\"mikro \u00e9s kisv\u00e1llalkoz\u00e1s sz\u00e9chenyi 2020 arto\" data-image-description=\"\" data-image-caption=\"\" data-large-file=\"https:\/\/i0.wp.com\/arto.hu\/wp-content\/uploads\/2024\/08\/mikro-es-kisvallalkozas-szechenyi-2020-arto.jpg?fit=1024%2C724&amp;ssl=1\" src=\"https:\/\/i0.wp.com\/arto.hu\/wp-content\/uploads\/2024\/08\/mikro-es-kisvallalkozas-szechenyi-2020-arto.jpg?resize=1920%2C1357&#038;ssl=1\" alt=\"\" class=\"wp-image-632\" srcset=\"https:\/\/i0.wp.com\/arto.hu\/wp-content\/uploads\/2024\/08\/mikro-es-kisvallalkozas-szechenyi-2020-arto.jpg?w=1920&amp;ssl=1 1920w, https:\/\/i0.wp.com\/arto.hu\/wp-content\/uploads\/2024\/08\/mikro-es-kisvallalkozas-szechenyi-2020-arto.jpg?resize=300%2C212&amp;ssl=1 300w, https:\/\/i0.wp.com\/arto.hu\/wp-content\/uploads\/2024\/08\/mikro-es-kisvallalkozas-szechenyi-2020-arto.jpg?resize=1024%2C724&amp;ssl=1 1024w, https:\/\/i0.wp.com\/arto.hu\/wp-content\/uploads\/2024\/08\/mikro-es-kisvallalkozas-szechenyi-2020-arto.jpg?resize=768%2C543&amp;ssl=1 768w, https:\/\/i0.wp.com\/arto.hu\/wp-content\/uploads\/2024\/08\/mikro-es-kisvallalkozas-szechenyi-2020-arto.jpg?resize=1536%2C1086&amp;ssl=1 1536w, https:\/\/i0.wp.com\/arto.hu\/wp-content\/uploads\/2024\/08\/mikro-es-kisvallalkozas-szechenyi-2020-arto.jpg?resize=18%2C12&amp;ssl=1 18w\" sizes=\"(max-width: 1000px) 100vw, 1000px\" \/><\/figure>\n<\/div>\n<\/div><\/div>\n\n\n\n<div id=\"wp-block-themeisle-blocks-advanced-columns-763613f3\" class=\"wp-block-themeisle-blocks-advanced-columns has-1-columns has-desktop-equal-layout has-tablet-equal-layout has-mobile-equal-layout has-vertical-unset\"><div class=\"wp-block-themeisle-blocks-advanced-columns-overlay\"><\/div><div class=\"innerblocks-wrap\">\n<div id=\"wp-block-themeisle-blocks-advanced-column-95450046\" class=\"wp-block-themeisle-blocks-advanced-column\">\n<figure class=\"wp-block-image aligncenter size-large\"><img data-recalc-dims=\"1\" decoding=\"async\" width=\"1024\" height=\"305\" data-attachment-id=\"630\" data-permalink=\"https:\/\/arto.hu\/en\/ginop-szechenyi-2020-arto\/\" data-orig-file=\"https:\/\/i0.wp.com\/arto.hu\/wp-content\/uploads\/2024\/08\/Ginop-szechenyi-2020-arto.jpg?fit=1433%2C427&amp;ssl=1\" data-orig-size=\"1433,427\" data-comments-opened=\"1\" data-image-meta=\"{&quot;aperture&quot;:&quot;0&quot;,&quot;credit&quot;:&quot;&quot;,&quot;camera&quot;:&quot;&quot;,&quot;caption&quot;:&quot;&quot;,&quot;created_timestamp&quot;:&quot;0&quot;,&quot;copyright&quot;:&quot;&quot;,&quot;focal_length&quot;:&quot;0&quot;,&quot;iso&quot;:&quot;0&quot;,&quot;shutter_speed&quot;:&quot;0&quot;,&quot;title&quot;:&quot;&quot;,&quot;orientation&quot;:&quot;0&quot;}\" data-image-title=\"Ginop sz\u00e9chenyi 2020 arto\" data-image-description=\"\" data-image-caption=\"\" data-large-file=\"https:\/\/i0.wp.com\/arto.hu\/wp-content\/uploads\/2024\/08\/Ginop-szechenyi-2020-arto.jpg?fit=1024%2C305&amp;ssl=1\" src=\"https:\/\/i0.wp.com\/arto.hu\/wp-content\/uploads\/2024\/08\/Ginop-szechenyi-2020-arto.jpg?resize=1024%2C305&#038;ssl=1\" alt=\"\" class=\"wp-image-630\" srcset=\"https:\/\/i0.wp.com\/arto.hu\/wp-content\/uploads\/2024\/08\/Ginop-szechenyi-2020-arto.jpg?resize=1024%2C305&amp;ssl=1 1024w, https:\/\/i0.wp.com\/arto.hu\/wp-content\/uploads\/2024\/08\/Ginop-szechenyi-2020-arto.jpg?resize=300%2C89&amp;ssl=1 300w, https:\/\/i0.wp.com\/arto.hu\/wp-content\/uploads\/2024\/08\/Ginop-szechenyi-2020-arto.jpg?resize=768%2C229&amp;ssl=1 768w, https:\/\/i0.wp.com\/arto.hu\/wp-content\/uploads\/2024\/08\/Ginop-szechenyi-2020-arto.jpg?resize=18%2C5&amp;ssl=1 18w, https:\/\/i0.wp.com\/arto.hu\/wp-content\/uploads\/2024\/08\/Ginop-szechenyi-2020-arto.jpg?w=1433&amp;ssl=1 1433w\" sizes=\"(max-width: 1000px) 100vw, 1000px\" \/><\/figure>\n<\/div>\n<\/div><\/div>","protected":false},"excerpt":{"rendered":"","protected":false},"author":253070136,"featured_media":0,"parent":0,"menu_order":0,"comment_status":"closed","ping_status":"closed","template":"","meta":{"_crdt_document":"","_themeisle_gutenberg_block_has_review":false,"footnotes":""},"class_list":["post-1019","page","type-page","status-publish","hentry"],"yoast_head":"<!-- This site is optimized with the Yoast SEO plugin v27.5 - https:\/\/yoast.com\/product\/yoast-seo-wordpress\/ -->\n<title>T\u00e1mogat\u00e1sok \u2013 Arto Consulting<\/title>\n<meta name=\"description\" content=\"Az Arto Consulting \u00e1ltal elnyert t\u00e1mogat\u00e1sok \u00e9s sikeres p\u00e1ly\u00e1zatok. Ismerje meg a d\u00edjnyertes projekteket \u00e9s eredm\u00e9nyeinket!\" \/>\n<meta name=\"robots\" content=\"index, follow, max-snippet:-1, max-image-preview:large, max-video-preview:-1\" \/>\n<link rel=\"canonical\" href=\"https:\/\/arto.hu\/en\/sponsors\/\" \/>\n<meta property=\"og:locale\" content=\"en_US\" \/>\n<meta property=\"og:type\" content=\"article\" \/>\n<meta property=\"og:title\" content=\"T\u00e1mogat\u00e1sok \u2013 Arto Consulting\" \/>\n<meta property=\"og:description\" content=\"Az Arto Consulting \u00e1ltal elnyert t\u00e1mogat\u00e1sok \u00e9s sikeres p\u00e1ly\u00e1zatok. Ismerje meg a d\u00edjnyertes projekteket \u00e9s eredm\u00e9nyeinket!\" \/>\n<meta property=\"og:url\" content=\"https:\/\/arto.hu\/en\/sponsors\/\" \/>\n<meta property=\"og:site_name\" content=\"Arto Consulting\" \/>\n<meta property=\"article:publisher\" content=\"https:\/\/www.facebook.com\/ArtoConsulting\/?locale=hu_HU\" \/>\n<meta property=\"article:modified_time\" content=\"2024-12-07T16:57:24+00:00\" \/>\n<meta property=\"og:image\" content=\"https:\/\/arto.hu\/wp-content\/uploads\/2024\/08\/TransIT-arto.png\" \/>\n<meta name=\"twitter:card\" content=\"summary_large_image\" \/>\n<meta name=\"twitter:label1\" content=\"Est. reading time\" \/>\n\t<meta name=\"twitter:data1\" content=\"1 minute\" \/>\n<script type=\"application\/ld+json\" class=\"yoast-schema-graph\">{\"@context\":\"https:\\\/\\\/schema.org\",\"@graph\":[{\"@type\":\"WebPage\",\"@id\":\"https:\\\/\\\/arto.hu\\\/tamogatasok\\\/\",\"url\":\"https:\\\/\\\/arto.hu\\\/tamogatasok\\\/\",\"name\":\"T\u00e1mogat\u00e1sok \u2013 Arto Consulting\",\"isPartOf\":{\"@id\":\"https:\\\/\\\/arto.hu\\\/#website\"},\"primaryImageOfPage\":{\"@id\":\"https:\\\/\\\/arto.hu\\\/tamogatasok\\\/#primaryimage\"},\"image\":{\"@id\":\"https:\\\/\\\/arto.hu\\\/tamogatasok\\\/#primaryimage\"},\"thumbnailUrl\":\"https:\\\/\\\/arto.hu\\\/wp-content\\\/uploads\\\/2024\\\/08\\\/TransIT-arto.png\",\"datePublished\":\"2024-08-27T13:39:10+00:00\",\"dateModified\":\"2024-12-07T16:57:24+00:00\",\"description\":\"Az Arto Consulting \u00e1ltal elnyert t\u00e1mogat\u00e1sok \u00e9s sikeres p\u00e1ly\u00e1zatok. Ismerje meg a d\u00edjnyertes projekteket \u00e9s eredm\u00e9nyeinket!\",\"breadcrumb\":{\"@id\":\"https:\\\/\\\/arto.hu\\\/tamogatasok\\\/#breadcrumb\"},\"inLanguage\":\"en-US\",\"potentialAction\":[{\"@type\":\"ReadAction\",\"target\":[\"https:\\\/\\\/arto.hu\\\/tamogatasok\\\/\"]}]},{\"@type\":\"ImageObject\",\"inLanguage\":\"en-US\",\"@id\":\"https:\\\/\\\/arto.hu\\\/tamogatasok\\\/#primaryimage\",\"url\":\"https:\\\/\\\/arto.hu\\\/wp-content\\\/uploads\\\/2024\\\/08\\\/TransIT-arto.png\",\"contentUrl\":\"https:\\\/\\\/arto.hu\\\/wp-content\\\/uploads\\\/2024\\\/08\\\/TransIT-arto.png\"},{\"@type\":\"BreadcrumbList\",\"@id\":\"https:\\\/\\\/arto.hu\\\/tamogatasok\\\/#breadcrumb\",\"itemListElement\":[{\"@type\":\"ListItem\",\"position\":1,\"name\":\"Kezd\u0151lap\",\"item\":\"https:\\\/\\\/arto.hu\\\/\"},{\"@type\":\"ListItem\",\"position\":2,\"name\":\"T\u00e1mogat\u00e1sok\"}]},{\"@type\":\"WebSite\",\"@id\":\"https:\\\/\\\/arto.hu\\\/#website\",\"url\":\"https:\\\/\\\/arto.hu\\\/\",\"name\":\"Arto Consulting\",\"description\":\"Arto P\u00e1ly\u00e1zatir\u00e1s\",\"publisher\":{\"@id\":\"https:\\\/\\\/arto.hu\\\/#organization\"},\"potentialAction\":[{\"@type\":\"SearchAction\",\"target\":{\"@type\":\"EntryPoint\",\"urlTemplate\":\"https:\\\/\\\/arto.hu\\\/?s={search_term_string}\"},\"query-input\":{\"@type\":\"PropertyValueSpecification\",\"valueRequired\":true,\"valueName\":\"search_term_string\"}}],\"inLanguage\":\"en-US\"},{\"@type\":\"Organization\",\"@id\":\"https:\\\/\\\/arto.hu\\\/#organization\",\"name\":\"Arto Consulting\",\"url\":\"https:\\\/\\\/arto.hu\\\/\",\"logo\":{\"@type\":\"ImageObject\",\"inLanguage\":\"en-US\",\"@id\":\"https:\\\/\\\/arto.hu\\\/#\\\/schema\\\/logo\\\/image\\\/\",\"url\":\"https:\\\/\\\/i0.wp.com\\\/arto.hu\\\/wp-content\\\/uploads\\\/2024\\\/11\\\/ARTO-VEGLEGES-edited.png?fit=827%2C583&ssl=1\",\"contentUrl\":\"https:\\\/\\\/i0.wp.com\\\/arto.hu\\\/wp-content\\\/uploads\\\/2024\\\/11\\\/ARTO-VEGLEGES-edited.png?fit=827%2C583&ssl=1\",\"width\":827,\"height\":583,\"caption\":\"Arto Consulting\"},\"image\":{\"@id\":\"https:\\\/\\\/arto.hu\\\/#\\\/schema\\\/logo\\\/image\\\/\"},\"sameAs\":[\"https:\\\/\\\/www.facebook.com\\\/ArtoConsulting\\\/?locale=hu_HU\"]}]}<\/script>\n<!-- \/ Yoast SEO plugin. -->","yoast_head_json":{"title":"Grants \u2013 Arto Consulting","description":"Grants and successful applications won by Arto Consulting. Learn about our award-winning projects and results!","robots":{"index":"index","follow":"follow","max-snippet":"max-snippet:-1","max-image-preview":"max-image-preview:large","max-video-preview":"max-video-preview:-1"},"canonical":"https:\/\/arto.hu\/en\/sponsors\/","og_locale":"en_US","og_type":"article","og_title":"T\u00e1mogat\u00e1sok \u2013 Arto Consulting","og_description":"Az Arto Consulting \u00e1ltal elnyert t\u00e1mogat\u00e1sok \u00e9s sikeres p\u00e1ly\u00e1zatok. Ismerje meg a d\u00edjnyertes projekteket \u00e9s eredm\u00e9nyeinket!","og_url":"https:\/\/arto.hu\/en\/sponsors\/","og_site_name":"Arto Consulting","article_publisher":"https:\/\/www.facebook.com\/ArtoConsulting\/?locale=hu_HU","article_modified_time":"2024-12-07T16:57:24+00:00","og_image":[{"url":"https:\/\/arto.hu\/wp-content\/uploads\/2024\/08\/TransIT-arto.png","type":"","width":"","height":""}],"twitter_card":"summary_large_image","twitter_misc":{"Est. reading time":"1 minute"},"schema":{"@context":"https:\/\/schema.org","@graph":[{"@type":"WebPage","@id":"https:\/\/arto.hu\/tamogatasok\/","url":"https:\/\/arto.hu\/tamogatasok\/","name":"Grants \u2013 Arto Consulting","isPartOf":{"@id":"https:\/\/arto.hu\/#website"},"primaryImageOfPage":{"@id":"https:\/\/arto.hu\/tamogatasok\/#primaryimage"},"image":{"@id":"https:\/\/arto.hu\/tamogatasok\/#primaryimage"},"thumbnailUrl":"https:\/\/arto.hu\/wp-content\/uploads\/2024\/08\/TransIT-arto.png","datePublished":"2024-08-27T13:39:10+00:00","dateModified":"2024-12-07T16:57:24+00:00","description":"Grants and successful applications won by Arto Consulting. Learn about our award-winning projects and results!","breadcrumb":{"@id":"https:\/\/arto.hu\/tamogatasok\/#breadcrumb"},"inLanguage":"en-US","potentialAction":[{"@type":"ReadAction","target":["https:\/\/arto.hu\/tamogatasok\/"]}]},{"@type":"ImageObject","inLanguage":"en-US","@id":"https:\/\/arto.hu\/tamogatasok\/#primaryimage","url":"https:\/\/arto.hu\/wp-content\/uploads\/2024\/08\/TransIT-arto.png","contentUrl":"https:\/\/arto.hu\/wp-content\/uploads\/2024\/08\/TransIT-arto.png"},{"@type":"BreadcrumbList","@id":"https:\/\/arto.hu\/tamogatasok\/#breadcrumb","itemListElement":[{"@type":"ListItem","position":1,"name":"Kezd\u0151lap","item":"https:\/\/arto.hu\/"},{"@type":"ListItem","position":2,"name":"T\u00e1mogat\u00e1sok"}]},{"@type":"WebSite","@id":"https:\/\/arto.hu\/#website","url":"https:\/\/arto.hu\/","name":"Arto Consulting","description":"Arto Application Form","publisher":{"@id":"https:\/\/arto.hu\/#organization"},"potentialAction":[{"@type":"SearchAction","target":{"@type":"EntryPoint","urlTemplate":"https:\/\/arto.hu\/?s={search_term_string}"},"query-input":{"@type":"PropertyValueSpecification","valueRequired":true,"valueName":"search_term_string"}}],"inLanguage":"en-US"},{"@type":"Organization","@id":"https:\/\/arto.hu\/#organization","name":"Arto Consulting","url":"https:\/\/arto.hu\/","logo":{"@type":"ImageObject","inLanguage":"en-US","@id":"https:\/\/arto.hu\/#\/schema\/logo\/image\/","url":"https:\/\/i0.wp.com\/arto.hu\/wp-content\/uploads\/2024\/11\/ARTO-VEGLEGES-edited.png?fit=827%2C583&ssl=1","contentUrl":"https:\/\/i0.wp.com\/arto.hu\/wp-content\/uploads\/2024\/11\/ARTO-VEGLEGES-edited.png?fit=827%2C583&ssl=1","width":827,"height":583,"caption":"Arto Consulting"},"image":{"@id":"https:\/\/arto.hu\/#\/schema\/logo\/image\/"},"sameAs":["https:\/\/www.facebook.com\/ArtoConsulting\/?locale=hu_HU"]}]}},"jetpack_likes_enabled":true,"jetpack_sharing_enabled":true,"jetpack_shortlink":"https:\/\/wp.me\/PfTTDI-gr","jetpack-related-posts":[],"_links":{"self":[{"href":"https:\/\/arto.hu\/en\/wp-json\/wp\/v2\/pages\/1019","targetHints":{"allow":["GET"]}}],"collection":[{"href":"https:\/\/arto.hu\/en\/wp-json\/wp\/v2\/pages"}],"about":[{"href":"https:\/\/arto.hu\/en\/wp-json\/wp\/v2\/types\/page"}],"author":[{"embeddable":true,"href":"https:\/\/arto.hu\/en\/wp-json\/wp\/v2\/users\/253070136"}],"replies":[{"embeddable":true,"href":"https:\/\/arto.hu\/en\/wp-json\/wp\/v2\/comments?post=1019"}],"version-history":[{"count":0,"href":"https:\/\/arto.hu\/en\/wp-json\/wp\/v2\/pages\/1019\/revisions"}],"wp:attachment":[{"href":"https:\/\/arto.hu\/en\/wp-json\/wp\/v2\/media?parent=1019"}],"curies":[{"name":"wp","href":"https:\/\/api.w.org\/{rel}","templated":true}]}}