{"id":2329,"date":"2024-11-26T12:13:13","date_gmt":"2024-11-26T11:13:13","guid":{"rendered":"https:\/\/arto.hu\/?page_id=2329"},"modified":"2024-12-07T17:46:05","modified_gmt":"2024-12-07T16:46:05","slug":"asphalt-road","status":"publish","type":"page","link":"https:\/\/arto.hu\/en\/aszf-arto\/","title":{"rendered":"General Terms and Conditions \u2013 Arto Consulting"},"content":{"rendered":"<h4 id=\"wp-block-themeisle-blocks-advanced-heading-946d3b42\" class=\"wp-block-themeisle-blocks-advanced-heading wp-block-themeisle-blocks-advanced-heading-946d3b42\">Below we present the General Terms and Conditions (GTC) for the website of Arto Consulting Kft. <br><\/h4>\n\n\n\n<p class=\"wp-block-paragraph\"><strong>General Terms and Conditions (GTC)<\/strong> <\/p>\n\n\n\n<p class=\"has-white-color has-text-color has-link-color wp-elements-a2fd88c658190a251dae46f32e05d3e2 wp-block-paragraph\"><strong>1. Introduction<\/strong><br>These General Terms and Conditions are the property of Arto Consulting Kft. (registered office: 2045 Buda\u00f6rs. K\u00e1roly Kir\u00e1ly utca 38, company registration number: 13 09 225853, tax number: 10627709213, e-mail: <a href=\"mailto:info@arto.hu\">info@arto.hu<\/a>, telephone number: +36 1 770 0084; hereinafter referred to as: Service Provider) contains the terms and conditions for using the services provided through the arto.hu website. <\/p>\n\n\n\n<p class=\"has-white-color has-text-color has-link-color wp-elements-e78c11beaf379b0802cadb80f2d31ee3 wp-block-paragraph\"><strong>2. Description of services<\/strong><br>The Service Provider provides tender writing, project management, project development, project communication and market research services through the Website. A detailed description and terms of the services can be found on the Website.<br><strong>3. Registration and conclusion of contract<\/strong><br>To use the services, the User must register on the Website and accept the GTC. During registration, the User is obliged to provide true and accurate data. The contract is concluded upon confirmation of registration.<br><strong>4. Fees and payment terms<\/strong><br>The fees for the services are indicated on the Website. Payment is made by bank transfer or other method indicated on the Website. The invoice is sent to the User by the Service Provider electronically.<br><strong>5. Right of withdrawal<\/strong><br>The User may withdraw from the contract without giving any reason within 14 days from the date of conclusion of the contract. Detailed information on the exercise of the right of withdrawal and a sample withdrawal statement can be found on the Website.<br><strong>6. Data protection<\/strong><br>The Service Provider acts in accordance with the applicable data protection laws during data processing. The detailed rules of data processing are contained in the Data Protection Notice, which is available on the Website.<br><strong>7. Liability<\/strong><br>The Service Provider is not liable for any indirect or direct damages resulting from the use of the Website, unless the damage is the result of intentional or grossly negligent conduct.<br><strong>8. Complaints handling<\/strong><br>The User&#039;s complaints are <a href=\"mailto:info@arto.hu\">info@arto.hu<\/a> You can report it by e-mail or by calling +36 1 770 0084. The Service Provider will investigate and respond to complaints within 30 days.<br><strong>9. Other provisions<\/strong><br>The Service Provider is entitled to unilaterally amend the GTC. The amendments shall become effective upon publication on the Website. The contract shall be governed by Hungarian law.<br><br><\/p>","protected":false},"excerpt":{"rendered":"<p>\u00c1ltal\u00e1nos Szerz\u0151d\u00e9si Felt\u00e9telek (\u00c1SZF) 1. Bevezet\u00e9sJelen \u00c1ltal\u00e1nos Szerz\u0151d\u00e9si Felt\u00e9telek az Arto Consulting Kft. (sz\u00e9khely: 2045 Buda\u00f6rs. K\u00e1roly Kir\u00e1ly utca 38, c\u00e9gjegyz\u00e9ksz\u00e1m: 13 09 225853, ad\u00f3sz\u00e1m: 10627709213, e-mail: info@arto.hu, telefonsz\u00e1m: +36 1 770 0084; a tov\u00e1bbiakban: Szolg\u00e1ltat\u00f3) \u00e1ltal \u00fczemeltetett arto.hu weboldalon kereszt\u00fcl ny\u00fajtott szolg\u00e1ltat\u00e1sok ig\u00e9nybev\u00e9tel\u00e9nek felt\u00e9teleit tartalmazza. 2. Szolg\u00e1ltat\u00e1sok le\u00edr\u00e1saA Szolg\u00e1ltat\u00f3 a Weboldalon kereszt\u00fcl p\u00e1ly\u00e1zat\u00edr\u00e1si, projektmenedzsment, projektfejleszt\u00e9si, projektkommunik\u00e1ci\u00f3s \u00e9s piackutat\u00e1si szolg\u00e1ltat\u00e1sokat ny\u00fajt. A szolg\u00e1ltat\u00e1sok r\u00e9szletes le\u00edr\u00e1sa \u00e9s felt\u00e9telei a Weboldalon tal\u00e1lhat\u00f3k.3. Regisztr\u00e1ci\u00f3 \u00e9s szerz\u0151d\u00e9sk\u00f6t\u00e9sA szolg\u00e1ltat\u00e1sok ig\u00e9nybev\u00e9tel\u00e9hez a Felhaszn\u00e1l\u00f3nak regisztr\u00e1lnia kell a Weboldalon, \u00e9s el kell fogadnia az \u00c1SZF-et. A regisztr\u00e1ci\u00f3 sor\u00e1n a Felhaszn\u00e1l\u00f3 k\u00f6teles val\u00f3s \u00e9s pontos adatokat megadni. A szerz\u0151d\u00e9s<\/p>","protected":false},"author":253070136,"featured_media":0,"parent":0,"menu_order":0,"comment_status":"closed","ping_status":"closed","template":"","meta":{"_crdt_document":"","_themeisle_gutenberg_block_has_review":false,"footnotes":""},"class_list":["post-2329","page","type-page","status-publish","hentry"],"yoast_head":"<!-- This site is optimized with the Yoast SEO plugin v27.5 - https:\/\/yoast.com\/product\/yoast-seo-wordpress\/ -->\n<title>\u00c1ltal\u00e1nos Szerz\u0151d\u00e9si Felt\u00e9telek - Arto Consulting - Arto Consulting<\/title>\n<meta name=\"description\" content=\"Ismerje meg az Arto Consulting \u00c1ltal\u00e1nos Szerz\u0151d\u00e9si Felt\u00e9teleit! Tov\u00e1bbi inform\u00e1ci\u00f3k az \u00fczleti felt\u00e9teleinkr\u0151l \u00e9s szolg\u00e1ltat\u00e1sainkr\u00f3l.\" \/>\n<meta name=\"robots\" content=\"index, follow, max-snippet:-1, max-image-preview:large, max-video-preview:-1\" \/>\n<link rel=\"canonical\" href=\"https:\/\/arto.hu\/en\/asphalt-road\/\" \/>\n<meta property=\"og:locale\" content=\"en_US\" \/>\n<meta property=\"og:type\" content=\"article\" \/>\n<meta property=\"og:title\" content=\"\u00c1ltal\u00e1nos Szerz\u0151d\u00e9si Felt\u00e9telek - Arto Consulting - Arto Consulting\" \/>\n<meta property=\"og:description\" content=\"Ismerje meg az Arto Consulting \u00c1ltal\u00e1nos Szerz\u0151d\u00e9si Felt\u00e9teleit! Tov\u00e1bbi inform\u00e1ci\u00f3k az \u00fczleti felt\u00e9teleinkr\u0151l \u00e9s szolg\u00e1ltat\u00e1sainkr\u00f3l.\" \/>\n<meta property=\"og:url\" content=\"https:\/\/arto.hu\/en\/asphalt-road\/\" \/>\n<meta property=\"og:site_name\" content=\"Arto Consulting\" \/>\n<meta property=\"article:publisher\" content=\"https:\/\/www.facebook.com\/ArtoConsulting\/?locale=hu_HU\" \/>\n<meta property=\"article:modified_time\" content=\"2024-12-07T16:46:05+00:00\" \/>\n<meta property=\"og:image\" content=\"https:\/\/i0.wp.com\/arto.hu\/wp-content\/uploads\/2024\/11\/cropped-ARTO-VEGLEGES-edited.png?fit=512%2C512&ssl=1\" \/>\n\t<meta property=\"og:image:width\" content=\"512\" \/>\n\t<meta property=\"og:image:height\" content=\"512\" \/>\n\t<meta property=\"og:image:type\" content=\"image\/png\" \/>\n<meta name=\"twitter:card\" content=\"summary_large_image\" \/>\n<meta name=\"twitter:label1\" content=\"Est. reading time\" \/>\n\t<meta name=\"twitter:data1\" content=\"2 minutes\" \/>\n<script type=\"application\/ld+json\" class=\"yoast-schema-graph\">{\"@context\":\"https:\\\/\\\/schema.org\",\"@graph\":[{\"@type\":\"WebPage\",\"@id\":\"https:\\\/\\\/arto.hu\\\/aszf-arto\\\/\",\"url\":\"https:\\\/\\\/arto.hu\\\/aszf-arto\\\/\",\"name\":\"\u00c1ltal\u00e1nos Szerz\u0151d\u00e9si Felt\u00e9telek - Arto Consulting - Arto Consulting\",\"isPartOf\":{\"@id\":\"https:\\\/\\\/arto.hu\\\/#website\"},\"datePublished\":\"2024-11-26T11:13:13+00:00\",\"dateModified\":\"2024-12-07T16:46:05+00:00\",\"description\":\"Ismerje meg az Arto Consulting \u00c1ltal\u00e1nos Szerz\u0151d\u00e9si Felt\u00e9teleit! Tov\u00e1bbi inform\u00e1ci\u00f3k az \u00fczleti felt\u00e9teleinkr\u0151l \u00e9s szolg\u00e1ltat\u00e1sainkr\u00f3l.\",\"breadcrumb\":{\"@id\":\"https:\\\/\\\/arto.hu\\\/aszf-arto\\\/#breadcrumb\"},\"inLanguage\":\"en-US\",\"potentialAction\":[{\"@type\":\"ReadAction\",\"target\":[\"https:\\\/\\\/arto.hu\\\/aszf-arto\\\/\"]}]},{\"@type\":\"BreadcrumbList\",\"@id\":\"https:\\\/\\\/arto.hu\\\/aszf-arto\\\/#breadcrumb\",\"itemListElement\":[{\"@type\":\"ListItem\",\"position\":1,\"name\":\"Kezd\u0151lap\",\"item\":\"https:\\\/\\\/arto.hu\\\/\"},{\"@type\":\"ListItem\",\"position\":2,\"name\":\"\u00c1ltal\u00e1nos Szerz\u0151d\u00e9si Felt\u00e9telek &#8211; Arto Consulting\"}]},{\"@type\":\"WebSite\",\"@id\":\"https:\\\/\\\/arto.hu\\\/#website\",\"url\":\"https:\\\/\\\/arto.hu\\\/\",\"name\":\"Arto Consulting\",\"description\":\"Arto P\u00e1ly\u00e1zatir\u00e1s\",\"publisher\":{\"@id\":\"https:\\\/\\\/arto.hu\\\/#organization\"},\"potentialAction\":[{\"@type\":\"SearchAction\",\"target\":{\"@type\":\"EntryPoint\",\"urlTemplate\":\"https:\\\/\\\/arto.hu\\\/?s={search_term_string}\"},\"query-input\":{\"@type\":\"PropertyValueSpecification\",\"valueRequired\":true,\"valueName\":\"search_term_string\"}}],\"inLanguage\":\"en-US\"},{\"@type\":\"Organization\",\"@id\":\"https:\\\/\\\/arto.hu\\\/#organization\",\"name\":\"Arto Consulting\",\"url\":\"https:\\\/\\\/arto.hu\\\/\",\"logo\":{\"@type\":\"ImageObject\",\"inLanguage\":\"en-US\",\"@id\":\"https:\\\/\\\/arto.hu\\\/#\\\/schema\\\/logo\\\/image\\\/\",\"url\":\"https:\\\/\\\/i0.wp.com\\\/arto.hu\\\/wp-content\\\/uploads\\\/2024\\\/11\\\/ARTO-VEGLEGES-edited.png?fit=827%2C583&ssl=1\",\"contentUrl\":\"https:\\\/\\\/i0.wp.com\\\/arto.hu\\\/wp-content\\\/uploads\\\/2024\\\/11\\\/ARTO-VEGLEGES-edited.png?fit=827%2C583&ssl=1\",\"width\":827,\"height\":583,\"caption\":\"Arto Consulting\"},\"image\":{\"@id\":\"https:\\\/\\\/arto.hu\\\/#\\\/schema\\\/logo\\\/image\\\/\"},\"sameAs\":[\"https:\\\/\\\/www.facebook.com\\\/ArtoConsulting\\\/?locale=hu_HU\"]}]}<\/script>\n<!-- \/ Yoast SEO plugin. -->","yoast_head_json":{"title":"General Terms and Conditions - Arto Consulting - Arto Consulting","description":"Learn about Arto Consulting&#039;s General Terms and Conditions! More information about our business terms and services.","robots":{"index":"index","follow":"follow","max-snippet":"max-snippet:-1","max-image-preview":"max-image-preview:large","max-video-preview":"max-video-preview:-1"},"canonical":"https:\/\/arto.hu\/en\/asphalt-road\/","og_locale":"en_US","og_type":"article","og_title":"\u00c1ltal\u00e1nos Szerz\u0151d\u00e9si Felt\u00e9telek - Arto Consulting - Arto Consulting","og_description":"Ismerje meg az Arto Consulting \u00c1ltal\u00e1nos Szerz\u0151d\u00e9si Felt\u00e9teleit! Tov\u00e1bbi inform\u00e1ci\u00f3k az \u00fczleti felt\u00e9teleinkr\u0151l \u00e9s szolg\u00e1ltat\u00e1sainkr\u00f3l.","og_url":"https:\/\/arto.hu\/en\/asphalt-road\/","og_site_name":"Arto Consulting","article_publisher":"https:\/\/www.facebook.com\/ArtoConsulting\/?locale=hu_HU","article_modified_time":"2024-12-07T16:46:05+00:00","og_image":[{"width":512,"height":512,"url":"https:\/\/i0.wp.com\/arto.hu\/wp-content\/uploads\/2024\/11\/cropped-ARTO-VEGLEGES-edited.png?fit=512%2C512&ssl=1","type":"image\/png"}],"twitter_card":"summary_large_image","twitter_misc":{"Est. reading time":"2 minutes"},"schema":{"@context":"https:\/\/schema.org","@graph":[{"@type":"WebPage","@id":"https:\/\/arto.hu\/aszf-arto\/","url":"https:\/\/arto.hu\/aszf-arto\/","name":"General Terms and Conditions - Arto Consulting - Arto Consulting","isPartOf":{"@id":"https:\/\/arto.hu\/#website"},"datePublished":"2024-11-26T11:13:13+00:00","dateModified":"2024-12-07T16:46:05+00:00","description":"Learn about Arto Consulting&#039;s General Terms and Conditions! More information about our business terms and services.","breadcrumb":{"@id":"https:\/\/arto.hu\/aszf-arto\/#breadcrumb"},"inLanguage":"en-US","potentialAction":[{"@type":"ReadAction","target":["https:\/\/arto.hu\/aszf-arto\/"]}]},{"@type":"BreadcrumbList","@id":"https:\/\/arto.hu\/aszf-arto\/#breadcrumb","itemListElement":[{"@type":"ListItem","position":1,"name":"Kezd\u0151lap","item":"https:\/\/arto.hu\/"},{"@type":"ListItem","position":2,"name":"\u00c1ltal\u00e1nos Szerz\u0151d\u00e9si Felt\u00e9telek &#8211; Arto Consulting"}]},{"@type":"WebSite","@id":"https:\/\/arto.hu\/#website","url":"https:\/\/arto.hu\/","name":"Arto Consulting","description":"Arto Application Form","publisher":{"@id":"https:\/\/arto.hu\/#organization"},"potentialAction":[{"@type":"SearchAction","target":{"@type":"EntryPoint","urlTemplate":"https:\/\/arto.hu\/?s={search_term_string}"},"query-input":{"@type":"PropertyValueSpecification","valueRequired":true,"valueName":"search_term_string"}}],"inLanguage":"en-US"},{"@type":"Organization","@id":"https:\/\/arto.hu\/#organization","name":"Arto Consulting","url":"https:\/\/arto.hu\/","logo":{"@type":"ImageObject","inLanguage":"en-US","@id":"https:\/\/arto.hu\/#\/schema\/logo\/image\/","url":"https:\/\/i0.wp.com\/arto.hu\/wp-content\/uploads\/2024\/11\/ARTO-VEGLEGES-edited.png?fit=827%2C583&ssl=1","contentUrl":"https:\/\/i0.wp.com\/arto.hu\/wp-content\/uploads\/2024\/11\/ARTO-VEGLEGES-edited.png?fit=827%2C583&ssl=1","width":827,"height":583,"caption":"Arto Consulting"},"image":{"@id":"https:\/\/arto.hu\/#\/schema\/logo\/image\/"},"sameAs":["https:\/\/www.facebook.com\/ArtoConsulting\/?locale=hu_HU"]}]}},"jetpack_likes_enabled":true,"jetpack_sharing_enabled":true,"jetpack_shortlink":"https:\/\/wp.me\/PfTTDI-Bz","jetpack-related-posts":[],"_links":{"self":[{"href":"https:\/\/arto.hu\/en\/wp-json\/wp\/v2\/pages\/2329","targetHints":{"allow":["GET"]}}],"collection":[{"href":"https:\/\/arto.hu\/en\/wp-json\/wp\/v2\/pages"}],"about":[{"href":"https:\/\/arto.hu\/en\/wp-json\/wp\/v2\/types\/page"}],"author":[{"embeddable":true,"href":"https:\/\/arto.hu\/en\/wp-json\/wp\/v2\/users\/253070136"}],"replies":[{"embeddable":true,"href":"https:\/\/arto.hu\/en\/wp-json\/wp\/v2\/comments?post=2329"}],"version-history":[{"count":0,"href":"https:\/\/arto.hu\/en\/wp-json\/wp\/v2\/pages\/2329\/revisions"}],"wp:attachment":[{"href":"https:\/\/arto.hu\/en\/wp-json\/wp\/v2\/media?parent=2329"}],"curies":[{"name":"wp","href":"https:\/\/api.w.org\/{rel}","templated":true}]}}