{"id":27,"date":"2024-07-15T10:14:14","date_gmt":"2024-07-15T08:14:14","guid":{"rendered":"https:\/\/arto.hu\/?page_id=27"},"modified":"2025-11-26T10:52:55","modified_gmt":"2025-11-26T09:52:55","slug":"palyazatiras","status":"publish","type":"page","link":"https:\/\/arto.hu\/en\/palyazatiras\/","title":{"rendered":"Successful application writing: Advice and support"},"content":{"rendered":"<div class=\"wp-block-group alignfull is-style-default has-custom-prussian-blue-background-color has-background is-layout-constrained wp-block-group-is-layout-constrained\" style=\"margin-top:0;margin-bottom:0\">\n<div style=\"height:1.5rem;width:0px\" aria-hidden=\"true\" class=\"wp-block-spacer\"><\/div>\n\n\n\n<div class=\"wp-block-columns alignwide is-layout-flex wp-container-core-columns-is-layout-b686ca54 wp-block-columns-is-layout-flex\">\n<div class=\"wp-block-column is-vertically-aligned-center is-layout-flow wp-container-core-column-is-layout-9c94dc9e wp-block-column-is-layout-flow\" style=\"flex-basis:30%\">\n<h2 class=\"wp-block-heading has-white-color has-text-color has-link-color wp-elements-688198968aabf9f6f62e9edd8e3fd372\">Application writing<\/h2>\n<\/div>\n\n\n\n<div class=\"wp-block-column is-layout-flow wp-block-column-is-layout-flow\" style=\"flex-basis:33.33%\">\n<figure class=\"wp-block-image size-large\"><img data-recalc-dims=\"1\" decoding=\"async\" width=\"681\" height=\"1024\" data-attachment-id=\"3782\" data-permalink=\"https:\/\/arto.hu\/en\/palyazatiras\/palyazatiras-3\/\" data-orig-file=\"https:\/\/i0.wp.com\/arto.hu\/wp-content\/uploads\/2025\/11\/palyazatiras.png?fit=1017%2C1530&amp;ssl=1\" data-orig-size=\"1017,1530\" data-comments-opened=\"1\" data-image-meta=\"{&quot;aperture&quot;:&quot;0&quot;,&quot;credit&quot;:&quot;&quot;,&quot;camera&quot;:&quot;&quot;,&quot;caption&quot;:&quot;&quot;,&quot;created_timestamp&quot;:&quot;0&quot;,&quot;copyright&quot;:&quot;&quot;,&quot;focal_length&quot;:&quot;0&quot;,&quot;iso&quot;:&quot;0&quot;,&quot;shutter_speed&quot;:&quot;0&quot;,&quot;title&quot;:&quot;&quot;,&quot;orientation&quot;:&quot;0&quot;}\" data-image-title=\"p\u00e1ly\u00e1zatir\u00e1s\" data-image-description=\"\" data-image-caption=\"\" data-large-file=\"https:\/\/i0.wp.com\/arto.hu\/wp-content\/uploads\/2025\/11\/palyazatiras.png?fit=681%2C1024&amp;ssl=1\" src=\"https:\/\/i0.wp.com\/arto.hu\/wp-content\/uploads\/2025\/11\/palyazatiras.png?resize=681%2C1024&#038;ssl=1\" alt=\"\" class=\"wp-image-3782\" srcset=\"https:\/\/i0.wp.com\/arto.hu\/wp-content\/uploads\/2025\/11\/palyazatiras.png?resize=681%2C1024&amp;ssl=1 681w, https:\/\/i0.wp.com\/arto.hu\/wp-content\/uploads\/2025\/11\/palyazatiras.png?resize=199%2C300&amp;ssl=1 199w, https:\/\/i0.wp.com\/arto.hu\/wp-content\/uploads\/2025\/11\/palyazatiras.png?resize=768%2C1155&amp;ssl=1 768w, https:\/\/i0.wp.com\/arto.hu\/wp-content\/uploads\/2025\/11\/palyazatiras.png?resize=8%2C12&amp;ssl=1 8w, https:\/\/i0.wp.com\/arto.hu\/wp-content\/uploads\/2025\/11\/palyazatiras.png?w=1017&amp;ssl=1 1017w\" sizes=\"(max-width: 681px) 100vw, 681px\" \/><\/figure>\n<\/div>\n\n\n\n<div class=\"wp-block-column is-layout-flow wp-block-column-is-layout-flow\" style=\"flex-basis:36.67%\">\n<blockquote class=\"wp-block-quote has-text-align-left alignleft has-white-color has-text-color has-link-color wp-elements-f12e8f343a56fd2baf0e2f1e6df83afd is-layout-flow wp-block-quote-is-layout-flow\">\n<p class=\"has-white-color has-text-color has-link-color wp-elements-2a181368804bf5e23650ccba05ee7bd9 wp-block-paragraph\">Our company specializes in the application support of research and development (R&amp;D) projects, so we have a thorough understanding of the application requirements of innovation and research funding programs, especially the European Union. Our service covers the entire application process, from the basic needs assessment to the development of project details and then to obtaining support. Our experts provide personalized advice in mapping the most relevant application opportunities, preparing application documentation, and in the proper financial planning of projects. During each application writing process, we strive to propose solutions that fit our clients&#039; goals and research focuses, thereby increasing the chances of success of the application.<\/p>\n<\/blockquote>\n<\/div>\n<\/div>\n\n\n\n<div style=\"height:1.5rem;width:0px\" aria-hidden=\"true\" class=\"wp-block-spacer\"><\/div>\n<\/div>\n\n\n\n<p class=\"wp-block-paragraph\"><\/p>","protected":false},"excerpt":{"rendered":"<p>P\u00e1ly\u00e1zat\u00edr\u00e1s C\u00e9g\u00fcnk kifejezetten kutat\u00e1s-fejleszt\u00e9si (K+F) projektek p\u00e1ly\u00e1zati t\u00e1mogat\u00e1s\u00e1ra specializ\u00e1l\u00f3dott, \u00edgy alaposan ismerj\u00fck az innov\u00e1ci\u00f3ra \u00e9s kutat\u00e1sra ir\u00e1nyul\u00f3 finansz\u00edroz\u00e1si programok, k\u00fcl\u00f6n\u00f6sen az Eur\u00f3pai Uni\u00f3 p\u00e1ly\u00e1zati k\u00f6vetelm\u00e9nyeit. Szolg\u00e1ltat\u00e1sunk a teljes p\u00e1ly\u00e1zati folyamatot \u00e1tfogja, az alapvet\u0151 ig\u00e9nyfelm\u00e9r\u00e9st\u0151l a projekt r\u00e9szleteinek kidolgoz\u00e1s\u00e1ig, majd a t\u00e1mogat\u00e1s elnyer\u00e9s\u00e9ig. Szak\u00e9rt\u0151ink szem\u00e9lyre szabott tan\u00e1csad\u00e1st ny\u00fajtanak a legrelev\u00e1nsabb p\u00e1ly\u00e1zati lehet\u0151s\u00e9gek felt\u00e9rk\u00e9pez\u00e9s\u00e9ben, a p\u00e1ly\u00e1zati dokument\u00e1ci\u00f3 elk\u00e9sz\u00edt\u00e9s\u00e9ben, valamint a projektek szab\u00e1lyos p\u00e9nz\u00fcgyi tervez\u00e9s\u00e9ben. Minden egyes p\u00e1ly\u00e1zat\u00edr\u00e1si folyamat sor\u00e1n arra t\u00f6reksz\u00fcnk, hogy \u00fcgyfeleink c\u00e9ljaihoz \u00e9s kutat\u00e1si f\u00f3kuszaihoz illeszked\u0151 megold\u00e1sokat javasoljunk, ezzel n\u00f6velve a p\u00e1ly\u00e1zat sikeress\u00e9gi es\u00e9lyeit.<\/p>","protected":false},"author":253070136,"featured_media":0,"parent":0,"menu_order":0,"comment_status":"closed","ping_status":"closed","template":"","meta":{"_crdt_document":"","_themeisle_gutenberg_block_has_review":false,"footnotes":""},"class_list":["post-27","page","type-page","status-publish","hentry"],"yoast_head":"<!-- This site is optimized with the Yoast SEO plugin v27.5 - https:\/\/yoast.com\/product\/yoast-seo-wordpress\/ -->\n<title>P\u00e1ly\u00e1zat\u00edr\u00e1s: Tan\u00e1csad\u00e1s \u00e9s T\u00e1mogat\u00e1s \u2013 Arto Consulting<\/title>\n<meta name=\"description\" content=\"Sikeres p\u00e1ly\u00e1zat\u00edr\u00e1s tan\u00e1csad\u00e1ssal \u00e9s t\u00e1mogat\u00e1ssal az Arto Consultingt\u00f3l. Seg\u00edt\u00fcnk megval\u00f3s\u00edtani projektjeit.\" \/>\n<meta name=\"robots\" content=\"index, follow, max-snippet:-1, max-image-preview:large, max-video-preview:-1\" \/>\n<link rel=\"canonical\" href=\"https:\/\/arto.hu\/en\/palyazatiras\/\" \/>\n<meta property=\"og:locale\" content=\"en_US\" \/>\n<meta property=\"og:type\" content=\"article\" \/>\n<meta property=\"og:title\" content=\"P\u00e1ly\u00e1zat\u00edr\u00e1s: Tan\u00e1csad\u00e1s \u00e9s T\u00e1mogat\u00e1s \u2013 Arto Consulting\" \/>\n<meta property=\"og:description\" content=\"Sikeres p\u00e1ly\u00e1zat\u00edr\u00e1s tan\u00e1csad\u00e1ssal \u00e9s t\u00e1mogat\u00e1ssal az Arto Consultingt\u00f3l. Seg\u00edt\u00fcnk megval\u00f3s\u00edtani projektjeit.\" \/>\n<meta property=\"og:url\" content=\"https:\/\/arto.hu\/en\/palyazatiras\/\" \/>\n<meta property=\"og:site_name\" content=\"Arto Consulting\" \/>\n<meta property=\"article:publisher\" content=\"https:\/\/www.facebook.com\/ArtoConsulting\/?locale=hu_HU\" \/>\n<meta property=\"article:modified_time\" content=\"2025-11-26T09:52:55+00:00\" \/>\n<meta property=\"og:image\" content=\"https:\/\/arto.hu\/wp-content\/uploads\/2025\/11\/palyazatiras-681x1024.png\" \/>\n<meta name=\"twitter:card\" content=\"summary_large_image\" \/>\n<meta name=\"twitter:label1\" content=\"Est. reading time\" \/>\n\t<meta name=\"twitter:data1\" content=\"1 minute\" \/>\n<script type=\"application\/ld+json\" class=\"yoast-schema-graph\">{\"@context\":\"https:\\\/\\\/schema.org\",\"@graph\":[{\"@type\":\"WebPage\",\"@id\":\"https:\\\/\\\/arto.hu\\\/palyazatiras\\\/\",\"url\":\"https:\\\/\\\/arto.hu\\\/palyazatiras\\\/\",\"name\":\"P\u00e1ly\u00e1zat\u00edr\u00e1s: Tan\u00e1csad\u00e1s \u00e9s T\u00e1mogat\u00e1s \u2013 Arto Consulting\",\"isPartOf\":{\"@id\":\"https:\\\/\\\/arto.hu\\\/#website\"},\"primaryImageOfPage\":{\"@id\":\"https:\\\/\\\/arto.hu\\\/palyazatiras\\\/#primaryimage\"},\"image\":{\"@id\":\"https:\\\/\\\/arto.hu\\\/palyazatiras\\\/#primaryimage\"},\"thumbnailUrl\":\"https:\\\/\\\/arto.hu\\\/wp-content\\\/uploads\\\/2025\\\/11\\\/palyazatiras-681x1024.png\",\"datePublished\":\"2024-07-15T08:14:14+00:00\",\"dateModified\":\"2025-11-26T09:52:55+00:00\",\"description\":\"Sikeres p\u00e1ly\u00e1zat\u00edr\u00e1s tan\u00e1csad\u00e1ssal \u00e9s t\u00e1mogat\u00e1ssal az Arto Consultingt\u00f3l. Seg\u00edt\u00fcnk megval\u00f3s\u00edtani projektjeit.\",\"breadcrumb\":{\"@id\":\"https:\\\/\\\/arto.hu\\\/palyazatiras\\\/#breadcrumb\"},\"inLanguage\":\"en-US\",\"potentialAction\":[{\"@type\":\"ReadAction\",\"target\":[\"https:\\\/\\\/arto.hu\\\/palyazatiras\\\/\"]}]},{\"@type\":\"ImageObject\",\"inLanguage\":\"en-US\",\"@id\":\"https:\\\/\\\/arto.hu\\\/palyazatiras\\\/#primaryimage\",\"url\":\"https:\\\/\\\/arto.hu\\\/wp-content\\\/uploads\\\/2025\\\/11\\\/palyazatiras-681x1024.png\",\"contentUrl\":\"https:\\\/\\\/arto.hu\\\/wp-content\\\/uploads\\\/2025\\\/11\\\/palyazatiras-681x1024.png\"},{\"@type\":\"BreadcrumbList\",\"@id\":\"https:\\\/\\\/arto.hu\\\/palyazatiras\\\/#breadcrumb\",\"itemListElement\":[{\"@type\":\"ListItem\",\"position\":1,\"name\":\"Kezd\u0151lap\",\"item\":\"https:\\\/\\\/arto.hu\\\/\"},{\"@type\":\"ListItem\",\"position\":2,\"name\":\"Sikeres p\u00e1ly\u00e1zat\u00edr\u00e1s: Tan\u00e1csad\u00e1s \u00e9s t\u00e1mogat\u00e1s\"}]},{\"@type\":\"WebSite\",\"@id\":\"https:\\\/\\\/arto.hu\\\/#website\",\"url\":\"https:\\\/\\\/arto.hu\\\/\",\"name\":\"Arto Consulting\",\"description\":\"Arto P\u00e1ly\u00e1zatir\u00e1s\",\"publisher\":{\"@id\":\"https:\\\/\\\/arto.hu\\\/#organization\"},\"potentialAction\":[{\"@type\":\"SearchAction\",\"target\":{\"@type\":\"EntryPoint\",\"urlTemplate\":\"https:\\\/\\\/arto.hu\\\/?s={search_term_string}\"},\"query-input\":{\"@type\":\"PropertyValueSpecification\",\"valueRequired\":true,\"valueName\":\"search_term_string\"}}],\"inLanguage\":\"en-US\"},{\"@type\":\"Organization\",\"@id\":\"https:\\\/\\\/arto.hu\\\/#organization\",\"name\":\"Arto Consulting\",\"url\":\"https:\\\/\\\/arto.hu\\\/\",\"logo\":{\"@type\":\"ImageObject\",\"inLanguage\":\"en-US\",\"@id\":\"https:\\\/\\\/arto.hu\\\/#\\\/schema\\\/logo\\\/image\\\/\",\"url\":\"https:\\\/\\\/i0.wp.com\\\/arto.hu\\\/wp-content\\\/uploads\\\/2024\\\/11\\\/ARTO-VEGLEGES-edited.png?fit=827%2C583&ssl=1\",\"contentUrl\":\"https:\\\/\\\/i0.wp.com\\\/arto.hu\\\/wp-content\\\/uploads\\\/2024\\\/11\\\/ARTO-VEGLEGES-edited.png?fit=827%2C583&ssl=1\",\"width\":827,\"height\":583,\"caption\":\"Arto Consulting\"},\"image\":{\"@id\":\"https:\\\/\\\/arto.hu\\\/#\\\/schema\\\/logo\\\/image\\\/\"},\"sameAs\":[\"https:\\\/\\\/www.facebook.com\\\/ArtoConsulting\\\/?locale=hu_HU\"]}]}<\/script>\n<!-- \/ Yoast SEO plugin. -->","yoast_head_json":{"title":"P\u00e1ly\u00e1zat\u00edr\u00e1s: Tan\u00e1csad\u00e1s \u00e9s T\u00e1mogat\u00e1s \u2013 Arto Consulting","description":"Successful application writing with advice and support from Arto Consulting. We help you implement your projects.","robots":{"index":"index","follow":"follow","max-snippet":"max-snippet:-1","max-image-preview":"max-image-preview:large","max-video-preview":"max-video-preview:-1"},"canonical":"https:\/\/arto.hu\/en\/palyazatiras\/","og_locale":"en_US","og_type":"article","og_title":"P\u00e1ly\u00e1zat\u00edr\u00e1s: Tan\u00e1csad\u00e1s \u00e9s T\u00e1mogat\u00e1s \u2013 Arto Consulting","og_description":"Sikeres p\u00e1ly\u00e1zat\u00edr\u00e1s tan\u00e1csad\u00e1ssal \u00e9s t\u00e1mogat\u00e1ssal az Arto Consultingt\u00f3l. Seg\u00edt\u00fcnk megval\u00f3s\u00edtani projektjeit.","og_url":"https:\/\/arto.hu\/en\/palyazatiras\/","og_site_name":"Arto Consulting","article_publisher":"https:\/\/www.facebook.com\/ArtoConsulting\/?locale=hu_HU","article_modified_time":"2025-11-26T09:52:55+00:00","og_image":[{"url":"https:\/\/arto.hu\/wp-content\/uploads\/2025\/11\/palyazatiras-681x1024.png","type":"","width":"","height":""}],"twitter_card":"summary_large_image","twitter_misc":{"Est. reading time":"1 minute"},"schema":{"@context":"https:\/\/schema.org","@graph":[{"@type":"WebPage","@id":"https:\/\/arto.hu\/palyazatiras\/","url":"https:\/\/arto.hu\/palyazatiras\/","name":"P\u00e1ly\u00e1zat\u00edr\u00e1s: Tan\u00e1csad\u00e1s \u00e9s T\u00e1mogat\u00e1s \u2013 Arto Consulting","isPartOf":{"@id":"https:\/\/arto.hu\/#website"},"primaryImageOfPage":{"@id":"https:\/\/arto.hu\/palyazatiras\/#primaryimage"},"image":{"@id":"https:\/\/arto.hu\/palyazatiras\/#primaryimage"},"thumbnailUrl":"https:\/\/arto.hu\/wp-content\/uploads\/2025\/11\/palyazatiras-681x1024.png","datePublished":"2024-07-15T08:14:14+00:00","dateModified":"2025-11-26T09:52:55+00:00","description":"Successful application writing with advice and support from Arto Consulting. We help you implement your projects.","breadcrumb":{"@id":"https:\/\/arto.hu\/palyazatiras\/#breadcrumb"},"inLanguage":"en-US","potentialAction":[{"@type":"ReadAction","target":["https:\/\/arto.hu\/palyazatiras\/"]}]},{"@type":"ImageObject","inLanguage":"en-US","@id":"https:\/\/arto.hu\/palyazatiras\/#primaryimage","url":"https:\/\/arto.hu\/wp-content\/uploads\/2025\/11\/palyazatiras-681x1024.png","contentUrl":"https:\/\/arto.hu\/wp-content\/uploads\/2025\/11\/palyazatiras-681x1024.png"},{"@type":"BreadcrumbList","@id":"https:\/\/arto.hu\/palyazatiras\/#breadcrumb","itemListElement":[{"@type":"ListItem","position":1,"name":"Kezd\u0151lap","item":"https:\/\/arto.hu\/"},{"@type":"ListItem","position":2,"name":"Sikeres p\u00e1ly\u00e1zat\u00edr\u00e1s: Tan\u00e1csad\u00e1s \u00e9s t\u00e1mogat\u00e1s"}]},{"@type":"WebSite","@id":"https:\/\/arto.hu\/#website","url":"https:\/\/arto.hu\/","name":"Arto Consulting","description":"Arto Application Form","publisher":{"@id":"https:\/\/arto.hu\/#organization"},"potentialAction":[{"@type":"SearchAction","target":{"@type":"EntryPoint","urlTemplate":"https:\/\/arto.hu\/?s={search_term_string}"},"query-input":{"@type":"PropertyValueSpecification","valueRequired":true,"valueName":"search_term_string"}}],"inLanguage":"en-US"},{"@type":"Organization","@id":"https:\/\/arto.hu\/#organization","name":"Arto Consulting","url":"https:\/\/arto.hu\/","logo":{"@type":"ImageObject","inLanguage":"en-US","@id":"https:\/\/arto.hu\/#\/schema\/logo\/image\/","url":"https:\/\/i0.wp.com\/arto.hu\/wp-content\/uploads\/2024\/11\/ARTO-VEGLEGES-edited.png?fit=827%2C583&ssl=1","contentUrl":"https:\/\/i0.wp.com\/arto.hu\/wp-content\/uploads\/2024\/11\/ARTO-VEGLEGES-edited.png?fit=827%2C583&ssl=1","width":827,"height":583,"caption":"Arto Consulting"},"image":{"@id":"https:\/\/arto.hu\/#\/schema\/logo\/image\/"},"sameAs":["https:\/\/www.facebook.com\/ArtoConsulting\/?locale=hu_HU"]}]}},"jetpack_likes_enabled":true,"jetpack_sharing_enabled":true,"jetpack_shortlink":"https:\/\/wp.me\/PfTTDI-r","jetpack-related-posts":[],"_links":{"self":[{"href":"https:\/\/arto.hu\/en\/wp-json\/wp\/v2\/pages\/27","targetHints":{"allow":["GET"]}}],"collection":[{"href":"https:\/\/arto.hu\/en\/wp-json\/wp\/v2\/pages"}],"about":[{"href":"https:\/\/arto.hu\/en\/wp-json\/wp\/v2\/types\/page"}],"author":[{"embeddable":true,"href":"https:\/\/arto.hu\/en\/wp-json\/wp\/v2\/users\/253070136"}],"replies":[{"embeddable":true,"href":"https:\/\/arto.hu\/en\/wp-json\/wp\/v2\/comments?post=27"}],"version-history":[{"count":0,"href":"https:\/\/arto.hu\/en\/wp-json\/wp\/v2\/pages\/27\/revisions"}],"wp:attachment":[{"href":"https:\/\/arto.hu\/en\/wp-json\/wp\/v2\/media?parent=27"}],"curies":[{"name":"wp","href":"https:\/\/api.w.org\/{rel}","templated":true}]}}