{"id":3535,"date":"2025-06-10T12:32:27","date_gmt":"2025-06-10T10:32:27","guid":{"rendered":"https:\/\/arto.hu\/?page_id=3535"},"modified":"2025-06-10T12:45:50","modified_gmt":"2025-06-10T10:45:50","slug":"social-news","status":"publish","type":"page","link":"https:\/\/arto.hu\/en\/kozossegi-hirek\/","title":{"rendered":"Community News"},"content":{"rendered":"<div class=\"cff-wrapper\">\t<div id=\"cff-visual-header-111197361800639\" class=\"cff-visual-header cff-has-name cff-has-about\">\n\t\t\t\t\t\t<div class=\"cff-header-inner-wrap\">\n\t\t\t\t\t\t<div class=\"cff-header-text\" >\n\n\t\t\t\t\t\t\t<a href=\"https:\/\/facebook.com\/111197361800639\" target=\"_blank\" rel=\"nofollow noopener\" title=\"\" class=\"cff-header-name\"><h3 style=\"font-size:inheritpx;\"><\/h3><\/a>\n\t\t\t\t\t\t\t\t\t\t\t\t<\/div>\n\t\t<\/div>\n\t<\/div>\n<div class=\"cff-wrapper-ctn\" ><div id=\"cff\"  class=\"cff cff-list-container cff-masonry masonry-2-mobile masonry-2-mobile masonry-3-tablet cff-masonry-js cff-default-styles  cff-mob-cols-2 cff-tab-cols-3 cff-palette-1\"   style=\"width:100%;\"   data-char=\"400\" >\n<section class=\"cff-likebox cff-top\" >\n\t\t<iframe title=\"Likebox Iframe\" src=\"\" class=\"fb_iframe_widget\" data-likebox-id=\"111197361800639\" data-likebox-width=\"300\" data-likebox-header=\"\" data-hide-cover=\"\" data-hide-cta=\"\" data-likebox-faces=\"\" data-height=\"130\" data-locale=\"hu_HU\" scrolling=\"no\" allowtransparency=\"true\" allow=\"encrypted-media\" ><\/iframe>\n<\/section>\n<div class=\"cff-error-msg\">\n\t<div>\n\t\t<i class=\"fa fa-lock\" aria-hidden=\"true\" style=\"margin-right: 5px;\"><\/i><b>This message is only visible to admins.<\/b><br\/>\n\t\tProblem displaying Facebook posts. Backup cache in use.\t\t\t\t\t<br\/><a href=\"javascript:void(0);\" id=\"cff-show-error\" onclick=\"cffShowError()\">Click to show error<\/a>\n\t\t\t<script type=\"text\/javascript\">function cffShowError() { document.getElementById(\"cff-error-reason\").style.display = \"block\"; document.getElementById(\"cff-show-error\").style.display = \"none\"; }<\/script>\n\t\t\t<\/div>\n\t\t\t<div id=\"cff-error-reason\">\n\t\t\t\t\t\t\t\t\t<b>Error:<\/b> Error validating access token: The session has been invalidated because the user changed their password or Facebook has changed the session for security reasons.\t\t\t\t\t\t\t\t\t\t\t\t\t<b>Type:<\/b> OAuthException\t\t\t\t\t\t\t\t\t\t\t\t\t\t\t\t\t\t\t\t\t\t\t\t\t\t\t\t\n\t\t\t<\/div>\n\t\t\t\t\n<\/div>\n<div class=\"cff-posts-wrap\"><\/div><input class=\"cff-pag-url\" type=\"hidden\" data-locatornonce=\"109cc4a2c3\" data-cff-shortcode=\"{&quot;feed&quot;: &quot;1&quot;}\" data-post-id=\"3535\" data-feed-id=\"111197361800639\"><\/div><\/div><div class=\"cff-clear\"><\/div><\/div><style type=\"text\/css\">\n#cff.cff-palette-1  .cff-item,\n#cff.cff-palette-1  .cff-item.cff-box,\n#cff.cff-palette-1  .cff-item.cff-box:first-child,\n#cff.cff-palette-1  .cff-album-item {\n  background-color: #314B5A;\n}\n#cff.cff-palette-1  .cff-comment .cff-comment-text p,\n#cff.cff-palette-1  .cff-album-info p,\n#cff.cff-palette-1  .cff-story,\n#cff.cff-palette-1  .cff-text {\n  color: #FFFFFF;\n}\n#cff.cff-palette-1  .cff-comment-date,\n#cff.cff-palette-1  .cff-text-link .cff-post-desc,\n#cff.cff-palette-1  .cff-link-caption,\n#cff.cff-palette-1  .cff-date {\n  color: #F9C0A3;\n}\n#cff.cff-palette-1  a,\n#cff.cff-palette-1  .cff-post-links a,\n#cff.cff-palette-1  a {\n  color: #FFFFFF;\n}\n<\/style>\n\n\n\n<p class=\"wp-block-paragraph\"><\/p>","protected":false},"excerpt":{"rendered":"","protected":false},"author":253070136,"featured_media":0,"parent":0,"menu_order":0,"comment_status":"closed","ping_status":"closed","template":"","meta":{"_crdt_document":"","_themeisle_gutenberg_block_has_review":false,"footnotes":""},"class_list":["post-3535","page","type-page","status-publish","hentry"],"yoast_head":"<!-- This site is optimized with the Yoast SEO plugin v27.5 - https:\/\/yoast.com\/product\/yoast-seo-wordpress\/ -->\n<title>K\u00f6z\u00f6ss\u00e9gi h\u00edrek \u2013 Arto Consulting<\/title>\n<meta name=\"description\" content=\"Fedezd fel az Arto Consulting legfrissebb k\u00f6z\u00f6ss\u00e9gi h\u00edreit, esem\u00e9nyeit \u00e9s Facebook-bejegyz\u00e9seit egy helyen. K\u00f6vess benn\u00fcnket!\" \/>\n<meta name=\"robots\" content=\"index, follow, max-snippet:-1, max-image-preview:large, max-video-preview:-1\" \/>\n<link rel=\"canonical\" href=\"https:\/\/arto.hu\/en\/social-news\/\" \/>\n<meta property=\"og:locale\" content=\"en_US\" \/>\n<meta property=\"og:type\" content=\"article\" \/>\n<meta property=\"og:title\" content=\"K\u00f6z\u00f6ss\u00e9gi h\u00edrek \u2013 Arto Consulting\" \/>\n<meta property=\"og:description\" content=\"Fedezd fel az Arto Consulting legfrissebb k\u00f6z\u00f6ss\u00e9gi h\u00edreit, esem\u00e9nyeit \u00e9s Facebook-bejegyz\u00e9seit egy helyen. K\u00f6vess benn\u00fcnket!\" \/>\n<meta property=\"og:url\" content=\"https:\/\/arto.hu\/en\/social-news\/\" \/>\n<meta property=\"og:site_name\" content=\"Arto Consulting\" \/>\n<meta property=\"article:publisher\" content=\"https:\/\/www.facebook.com\/ArtoConsulting\/?locale=hu_HU\" \/>\n<meta property=\"article:modified_time\" content=\"2025-06-10T10:45:50+00:00\" \/>\n<meta property=\"og:image\" content=\"https:\/\/i0.wp.com\/arto.hu\/wp-content\/uploads\/2024\/11\/cropped-ARTO-VEGLEGES-edited.png?fit=512%2C512&ssl=1\" \/>\n\t<meta property=\"og:image:width\" content=\"512\" \/>\n\t<meta property=\"og:image:height\" content=\"512\" \/>\n\t<meta property=\"og:image:type\" content=\"image\/png\" \/>\n<meta name=\"twitter:card\" content=\"summary_large_image\" \/>\n<meta name=\"twitter:label1\" content=\"Est. reading time\" \/>\n\t<meta name=\"twitter:data1\" content=\"1 minute\" \/>\n<script type=\"application\/ld+json\" class=\"yoast-schema-graph\">{\"@context\":\"https:\\\/\\\/schema.org\",\"@graph\":[{\"@type\":\"WebPage\",\"@id\":\"https:\\\/\\\/arto.hu\\\/kozossegi-hirek\\\/\",\"url\":\"https:\\\/\\\/arto.hu\\\/kozossegi-hirek\\\/\",\"name\":\"K\u00f6z\u00f6ss\u00e9gi h\u00edrek \u2013 Arto Consulting\",\"isPartOf\":{\"@id\":\"https:\\\/\\\/arto.hu\\\/#website\"},\"datePublished\":\"2025-06-10T10:32:27+00:00\",\"dateModified\":\"2025-06-10T10:45:50+00:00\",\"description\":\"Fedezd fel az Arto Consulting legfrissebb k\u00f6z\u00f6ss\u00e9gi h\u00edreit, esem\u00e9nyeit \u00e9s Facebook-bejegyz\u00e9seit egy helyen. K\u00f6vess benn\u00fcnket!\",\"breadcrumb\":{\"@id\":\"https:\\\/\\\/arto.hu\\\/kozossegi-hirek\\\/#breadcrumb\"},\"inLanguage\":\"en-US\",\"potentialAction\":[{\"@type\":\"ReadAction\",\"target\":[\"https:\\\/\\\/arto.hu\\\/kozossegi-hirek\\\/\"]}]},{\"@type\":\"BreadcrumbList\",\"@id\":\"https:\\\/\\\/arto.hu\\\/kozossegi-hirek\\\/#breadcrumb\",\"itemListElement\":[{\"@type\":\"ListItem\",\"position\":1,\"name\":\"Kezd\u0151lap\",\"item\":\"https:\\\/\\\/arto.hu\\\/\"},{\"@type\":\"ListItem\",\"position\":2,\"name\":\"K\u00f6z\u00f6ss\u00e9gi h\u00edrek\"}]},{\"@type\":\"WebSite\",\"@id\":\"https:\\\/\\\/arto.hu\\\/#website\",\"url\":\"https:\\\/\\\/arto.hu\\\/\",\"name\":\"Arto Consulting\",\"description\":\"Arto P\u00e1ly\u00e1zatir\u00e1s\",\"publisher\":{\"@id\":\"https:\\\/\\\/arto.hu\\\/#organization\"},\"potentialAction\":[{\"@type\":\"SearchAction\",\"target\":{\"@type\":\"EntryPoint\",\"urlTemplate\":\"https:\\\/\\\/arto.hu\\\/?s={search_term_string}\"},\"query-input\":{\"@type\":\"PropertyValueSpecification\",\"valueRequired\":true,\"valueName\":\"search_term_string\"}}],\"inLanguage\":\"en-US\"},{\"@type\":\"Organization\",\"@id\":\"https:\\\/\\\/arto.hu\\\/#organization\",\"name\":\"Arto Consulting\",\"url\":\"https:\\\/\\\/arto.hu\\\/\",\"logo\":{\"@type\":\"ImageObject\",\"inLanguage\":\"en-US\",\"@id\":\"https:\\\/\\\/arto.hu\\\/#\\\/schema\\\/logo\\\/image\\\/\",\"url\":\"https:\\\/\\\/i0.wp.com\\\/arto.hu\\\/wp-content\\\/uploads\\\/2024\\\/11\\\/ARTO-VEGLEGES-edited.png?fit=827%2C583&ssl=1\",\"contentUrl\":\"https:\\\/\\\/i0.wp.com\\\/arto.hu\\\/wp-content\\\/uploads\\\/2024\\\/11\\\/ARTO-VEGLEGES-edited.png?fit=827%2C583&ssl=1\",\"width\":827,\"height\":583,\"caption\":\"Arto Consulting\"},\"image\":{\"@id\":\"https:\\\/\\\/arto.hu\\\/#\\\/schema\\\/logo\\\/image\\\/\"},\"sameAs\":[\"https:\\\/\\\/www.facebook.com\\\/ArtoConsulting\\\/?locale=hu_HU\"]}]}<\/script>\n<!-- \/ Yoast SEO plugin. -->","yoast_head_json":{"title":"Community News \u2013 Arto Consulting","description":"Discover the latest social news, events and Facebook posts from Arto Consulting in one place. Follow us!","robots":{"index":"index","follow":"follow","max-snippet":"max-snippet:-1","max-image-preview":"max-image-preview:large","max-video-preview":"max-video-preview:-1"},"canonical":"https:\/\/arto.hu\/en\/social-news\/","og_locale":"en_US","og_type":"article","og_title":"K\u00f6z\u00f6ss\u00e9gi h\u00edrek \u2013 Arto Consulting","og_description":"Fedezd fel az Arto Consulting legfrissebb k\u00f6z\u00f6ss\u00e9gi h\u00edreit, esem\u00e9nyeit \u00e9s Facebook-bejegyz\u00e9seit egy helyen. K\u00f6vess benn\u00fcnket!","og_url":"https:\/\/arto.hu\/en\/social-news\/","og_site_name":"Arto Consulting","article_publisher":"https:\/\/www.facebook.com\/ArtoConsulting\/?locale=hu_HU","article_modified_time":"2025-06-10T10:45:50+00:00","og_image":[{"width":512,"height":512,"url":"https:\/\/i0.wp.com\/arto.hu\/wp-content\/uploads\/2024\/11\/cropped-ARTO-VEGLEGES-edited.png?fit=512%2C512&ssl=1","type":"image\/png"}],"twitter_card":"summary_large_image","twitter_misc":{"Est. reading time":"1 minute"},"schema":{"@context":"https:\/\/schema.org","@graph":[{"@type":"WebPage","@id":"https:\/\/arto.hu\/kozossegi-hirek\/","url":"https:\/\/arto.hu\/kozossegi-hirek\/","name":"Community News \u2013 Arto Consulting","isPartOf":{"@id":"https:\/\/arto.hu\/#website"},"datePublished":"2025-06-10T10:32:27+00:00","dateModified":"2025-06-10T10:45:50+00:00","description":"Discover the latest social news, events and Facebook posts from Arto Consulting in one place. Follow us!","breadcrumb":{"@id":"https:\/\/arto.hu\/kozossegi-hirek\/#breadcrumb"},"inLanguage":"en-US","potentialAction":[{"@type":"ReadAction","target":["https:\/\/arto.hu\/kozossegi-hirek\/"]}]},{"@type":"BreadcrumbList","@id":"https:\/\/arto.hu\/kozossegi-hirek\/#breadcrumb","itemListElement":[{"@type":"ListItem","position":1,"name":"Kezd\u0151lap","item":"https:\/\/arto.hu\/"},{"@type":"ListItem","position":2,"name":"K\u00f6z\u00f6ss\u00e9gi h\u00edrek"}]},{"@type":"WebSite","@id":"https:\/\/arto.hu\/#website","url":"https:\/\/arto.hu\/","name":"Arto Consulting","description":"Arto Application Form","publisher":{"@id":"https:\/\/arto.hu\/#organization"},"potentialAction":[{"@type":"SearchAction","target":{"@type":"EntryPoint","urlTemplate":"https:\/\/arto.hu\/?s={search_term_string}"},"query-input":{"@type":"PropertyValueSpecification","valueRequired":true,"valueName":"search_term_string"}}],"inLanguage":"en-US"},{"@type":"Organization","@id":"https:\/\/arto.hu\/#organization","name":"Arto Consulting","url":"https:\/\/arto.hu\/","logo":{"@type":"ImageObject","inLanguage":"en-US","@id":"https:\/\/arto.hu\/#\/schema\/logo\/image\/","url":"https:\/\/i0.wp.com\/arto.hu\/wp-content\/uploads\/2024\/11\/ARTO-VEGLEGES-edited.png?fit=827%2C583&ssl=1","contentUrl":"https:\/\/i0.wp.com\/arto.hu\/wp-content\/uploads\/2024\/11\/ARTO-VEGLEGES-edited.png?fit=827%2C583&ssl=1","width":827,"height":583,"caption":"Arto Consulting"},"image":{"@id":"https:\/\/arto.hu\/#\/schema\/logo\/image\/"},"sameAs":["https:\/\/www.facebook.com\/ArtoConsulting\/?locale=hu_HU"]}]}},"jetpack_likes_enabled":true,"jetpack_sharing_enabled":true,"jetpack_shortlink":"https:\/\/wp.me\/PfTTDI-V1","jetpack-related-posts":[],"_links":{"self":[{"href":"https:\/\/arto.hu\/en\/wp-json\/wp\/v2\/pages\/3535","targetHints":{"allow":["GET"]}}],"collection":[{"href":"https:\/\/arto.hu\/en\/wp-json\/wp\/v2\/pages"}],"about":[{"href":"https:\/\/arto.hu\/en\/wp-json\/wp\/v2\/types\/page"}],"author":[{"embeddable":true,"href":"https:\/\/arto.hu\/en\/wp-json\/wp\/v2\/users\/253070136"}],"replies":[{"embeddable":true,"href":"https:\/\/arto.hu\/en\/wp-json\/wp\/v2\/comments?post=3535"}],"version-history":[{"count":0,"href":"https:\/\/arto.hu\/en\/wp-json\/wp\/v2\/pages\/3535\/revisions"}],"wp:attachment":[{"href":"https:\/\/arto.hu\/en\/wp-json\/wp\/v2\/media?parent=3535"}],"curies":[{"name":"wp","href":"https:\/\/api.w.org\/{rel}","templated":true}]}}