{"id":2590,"date":"2025-01-16T18:30:17","date_gmt":"2025-01-16T17:30:17","guid":{"rendered":"https:\/\/arto.hu\/?page_id=2590"},"modified":"2025-07-03T15:09:15","modified_gmt":"2025-07-03T13:09:15","slug":"dobiti-poslove","status":"publish","type":"page","link":"https:\/\/arto.hu\/hr\/kap-palyazatok\/","title":{"rendered":"ZPP Natje\u010daji"},"content":{"rendered":"<div style=\"height:100px\" aria-hidden=\"true\" class=\"wp-block-spacer\"><\/div>\n\n\n\n<div class=\"wp-block-group alignfull is-style-section-1 is-content-justification-center is-layout-constrained wp-container-core-group-is-layout-4d494d4d wp-block-group-is-layout-constrained\" style=\"margin-top:0;margin-bottom:0;padding-top:var(--wp--preset--spacing--50);padding-bottom:var(--wp--preset--spacing--50)\">\n<div class=\"wp-block-columns alignwide is-layout-flex wp-container-core-columns-is-layout-5abfc610 wp-block-columns-is-layout-flex\">\n<div class=\"wp-block-column is-vertically-aligned-center is-content-justification-left is-layout-constrained wp-container-core-column-is-layout-e9aa5fa4 wp-block-column-is-layout-constrained\" style=\"flex-basis:50%\">\n<h1 class=\"wp-block-heading alignwide has-custom-vil-gosk-k-color has-text-color has-link-color wp-elements-7e80484a992955d7d1b3496e57929ce0\">CAP aplikacije<\/h1>\n\n\n\n<hr class=\"wp-block-separator has-text-color has-custom-r-zsasz-n-color has-alpha-channel-opacity has-custom-r-zsasz-n-background-color has-background is-style-wide\"\/>\n\n\n\n<div class=\"wp-block-group is-vertical is-nowrap is-layout-flex wp-container-core-group-is-layout-e62d309c wp-block-group-is-layout-flex\">\n<h3 class=\"wp-block-heading is-service-name has-custom-vil-gosk-k-color has-text-color has-link-color wp-elements-0b91df857aeff7fb46dbf8a603f3aebd\">Mladi poljoprivrednik<\/h3>\n\n\n\n<p class=\"has-text-align-left wp-block-paragraph is-service-description has-white-color has-text-color has-link-color wp-elements-965c86f51f0bb5599a15711b1a78ec80\">Potpora mladom poljoprivredniku pru\u017ea financijsku pomo\u0107 mladima koji zapo\u010dinju poljoprivrednu djelatnost za pokretanje i razvoj svojih poljoprivrednih gospodarstava. Cilj mu je obnoviti poljoprivredu, zadr\u017eati mlade na selu i podr\u017eati odr\u017eivu poljoprivredu.<\/p>\n<\/div>\n\n\n\n<div class=\"wp-block-buttons is-horizontal is-content-justification-center is-layout-flex wp-container-core-buttons-is-layout-03b81ae0 wp-block-buttons-is-layout-flex\">\n<div class=\"wp-block-button has-custom-width wp-block-button__width-25 is-style-outline is-style-outline--1\"><a class=\"wp-block-button__link has-custom-vil-gosk-k-color has-text-color has-link-color has-text-align-center wp-element-button\" href=\"https:\/\/arto.hu\/hr\/dobiti-sazetak-mladog-poljoprivrednika\/\">Vi\u0161e<\/a><\/div>\n<\/div>\n\n\n\n<div style=\"height:15px\" aria-hidden=\"true\" class=\"wp-block-spacer\"><\/div>\n\n\n\n<div class=\"wp-block-group is-vertical is-nowrap is-layout-flex wp-container-core-group-is-layout-e62d309c wp-block-group-is-layout-flex\">\n<h3 class=\"wp-block-heading is-service-name has-custom-vil-gosk-k-color has-text-color has-link-color wp-elements-e6de0fe4a440cc52e64d7e5b567ae833\">Potpora malim poljoprivrednim poduze\u0107ima<\/h3>\n\n\n\n<p class=\"wp-block-paragraph is-service-description has-white-color has-text-color has-link-color wp-elements-4271a1d21d4758f6bb5b0f336aa30dda\">Cilj Programa potpore malim poljoprivrednim gospodarstvima je pove\u0107ati konkurentnost manjih poljoprivrednih gospodarstava, u\u010diniti njihovo poslovanje odr\u017eivijim i razviti ih. Potporama se osiguravaju financijska sredstva za nabavu opreme, razvoj i modernizaciju proizvodnje.<\/p>\n<\/div>\n\n\n\n<div class=\"wp-block-buttons is-horizontal is-content-justification-center is-layout-flex wp-container-core-buttons-is-layout-03b81ae0 wp-block-buttons-is-layout-flex\">\n<div class=\"wp-block-button has-custom-width wp-block-button__width-25 is-style-outline is-style-outline--2\"><a class=\"wp-block-button__link has-custom-vil-gosk-k-color has-text-color has-link-color has-text-align-center wp-element-button\" href=\"https:\/\/arto.hu\/hr\/dobiti-poljoprivredna-mala-gospodarstva\/\">Vi\u0161e<\/a><\/div>\n<\/div>\n<\/div>\n\n\n\n<div class=\"wp-block-column is-layout-flow wp-block-column-is-layout-flow\" style=\"flex-basis:50%\">\n<div style=\"height:120px\" aria-hidden=\"true\" class=\"wp-block-spacer\"><\/div>\n\n\n\n<figure class=\"wp-block-image aligncenter size-full\" style=\"margin-top:var(--wp--preset--spacing--80);margin-bottom:var(--wp--preset--spacing--80)\"><img data-recalc-dims=\"1\" decoding=\"async\" width=\"676\" height=\"318\" data-attachment-id=\"2474\" data-permalink=\"https:\/\/arto.hu\/hr\/hazai-palyazatok\/image-5\/\" data-orig-file=\"https:\/\/i0.wp.com\/arto.hu\/wp-content\/uploads\/2025\/01\/image.png?fit=676%2C318&amp;ssl=1\" data-orig-size=\"676,318\" data-comments-opened=\"1\" data-image-meta=\"{&quot;aperture&quot;:&quot;0&quot;,&quot;credit&quot;:&quot;&quot;,&quot;camera&quot;:&quot;&quot;,&quot;caption&quot;:&quot;&quot;,&quot;created_timestamp&quot;:&quot;0&quot;,&quot;copyright&quot;:&quot;&quot;,&quot;focal_length&quot;:&quot;0&quot;,&quot;iso&quot;:&quot;0&quot;,&quot;shutter_speed&quot;:&quot;0&quot;,&quot;title&quot;:&quot;&quot;,&quot;orientation&quot;:&quot;0&quot;}\" data-image-title=\"image\" data-image-description=\"\" data-image-caption=\"\" data-large-file=\"https:\/\/i0.wp.com\/arto.hu\/wp-content\/uploads\/2025\/01\/image.png?fit=676%2C318&amp;ssl=1\" src=\"https:\/\/i0.wp.com\/arto.hu\/wp-content\/uploads\/2025\/01\/image.png?resize=676%2C318&#038;ssl=1\" alt=\"\" class=\"wp-image-2474\" srcset=\"https:\/\/i0.wp.com\/arto.hu\/wp-content\/uploads\/2025\/01\/image.png?w=676&amp;ssl=1 676w, https:\/\/i0.wp.com\/arto.hu\/wp-content\/uploads\/2025\/01\/image.png?resize=300%2C141&amp;ssl=1 300w, https:\/\/i0.wp.com\/arto.hu\/wp-content\/uploads\/2025\/01\/image.png?resize=18%2C8&amp;ssl=1 18w\" sizes=\"(max-width: 676px) 100vw, 676px\" \/><\/figure>\n<\/div>\n<\/div>\n<\/div>\n\n\n\n<p class=\"wp-block-paragraph\"><\/p>","protected":false},"excerpt":{"rendered":"<p>KAP p\u00e1ly\u00e1zatok Fiatal gazda A Fiatal Gazda t\u00e1mogat\u00e1s a mez\u0151gazdas\u00e1gi tev\u00e9kenys\u00e9get kezd\u0151 fiatalok sz\u00e1m\u00e1ra ny\u00fajt p\u00e9nz\u00fcgyi seg\u00edts\u00e9get a gazdas\u00e1guk elind\u00edt\u00e1s\u00e1hoz \u00e9s fejleszt\u00e9s\u00e9hez. C\u00e9lja az agr\u00e1rium meg\u00faj\u00edt\u00e1sa, a fiatalok vid\u00e9ken tart\u00e1sa \u00e9s a fenntarthat\u00f3 mez\u0151gazdas\u00e1g t\u00e1mogat\u00e1sa. Mez\u0151gazdas\u00e1gi kis\u00fczemek t\u00e1mogat\u00e1sa A Mez\u0151gazdas\u00e1gi kis\u00fczemek t\u00e1mogat\u00e1sa program c\u00e9lja a kisebb gazdas\u00e1gok versenyk\u00e9pess\u00e9g\u00e9nek n\u00f6vel\u00e9se, m\u0171k\u00f6d\u00e9s\u00fck fenntarthat\u00f3bb\u00e1 t\u00e9tele \u00e9s fejleszt\u00e9se. A t\u00e1mogat\u00e1s p\u00e9nz\u00fcgyi forr\u00e1st biztos\u00edt eszk\u00f6zbeszerz\u00e9shez, termel\u00e9sfejleszt\u00e9shez \u00e9s moderniz\u00e1ci\u00f3hoz.<\/p>","protected":false},"author":253070136,"featured_media":0,"parent":0,"menu_order":0,"comment_status":"closed","ping_status":"closed","template":"","meta":{"_crdt_document":"","_themeisle_gutenberg_block_has_review":false,"footnotes":""},"class_list":["post-2590","page","type-page","status-publish","hentry"],"yoast_head":"<!-- This site is optimized with the Yoast SEO plugin v27.5 - https:\/\/yoast.com\/product\/yoast-seo-wordpress\/ -->\n<title>KAP p\u00e1ly\u00e1zatok 2025 \u2013 Fenntarthat\u00f3 fejleszt\u00e9s<\/title>\n<meta name=\"description\" content=\"KAP 2025 p\u00e1ly\u00e1zatok agr\u00e1rfejleszt\u00e9shez, g\u00e9pbeszerz\u00e9shez, energiahat\u00e9konys\u00e1ghoz \u2013 Arto Consulting szak\u00e9rt\u0151i t\u00e1mogat\u00e1ssal.\" \/>\n<meta name=\"robots\" content=\"index, follow, max-snippet:-1, max-image-preview:large, max-video-preview:-1\" \/>\n<link rel=\"canonical\" href=\"https:\/\/arto.hu\/hr\/dobiti-poslove\/\" \/>\n<meta property=\"og:locale\" content=\"hr_HR\" \/>\n<meta property=\"og:type\" content=\"article\" \/>\n<meta property=\"og:title\" content=\"KAP p\u00e1ly\u00e1zatok 2025 \u2013 Fenntarthat\u00f3 fejleszt\u00e9s\" \/>\n<meta property=\"og:description\" content=\"KAP 2025 p\u00e1ly\u00e1zatok agr\u00e1rfejleszt\u00e9shez, g\u00e9pbeszerz\u00e9shez, energiahat\u00e9konys\u00e1ghoz \u2013 Arto Consulting szak\u00e9rt\u0151i t\u00e1mogat\u00e1ssal.\" \/>\n<meta property=\"og:url\" content=\"https:\/\/arto.hu\/hr\/dobiti-poslove\/\" \/>\n<meta property=\"og:site_name\" content=\"Arto Consulting\" \/>\n<meta property=\"article:publisher\" content=\"https:\/\/www.facebook.com\/ArtoConsulting\/?locale=hu_HU\" \/>\n<meta property=\"article:modified_time\" content=\"2025-07-03T13:09:15+00:00\" \/>\n<meta property=\"og:image\" content=\"https:\/\/arto.hu\/wp-content\/uploads\/2025\/01\/image.png\" \/>\n<meta name=\"twitter:card\" content=\"summary_large_image\" \/>\n<meta name=\"twitter:label1\" content=\"Procijenjeno vrijeme \u010ditanja\" \/>\n\t<meta name=\"twitter:data1\" content=\"1 minuta\" \/>\n<script type=\"application\/ld+json\" class=\"yoast-schema-graph\">{\"@context\":\"https:\\\/\\\/schema.org\",\"@graph\":[{\"@type\":\"WebPage\",\"@id\":\"https:\\\/\\\/arto.hu\\\/kap-palyazatok\\\/\",\"url\":\"https:\\\/\\\/arto.hu\\\/kap-palyazatok\\\/\",\"name\":\"KAP p\u00e1ly\u00e1zatok 2025 \u2013 Fenntarthat\u00f3 fejleszt\u00e9s\",\"isPartOf\":{\"@id\":\"https:\\\/\\\/arto.hu\\\/#website\"},\"primaryImageOfPage\":{\"@id\":\"https:\\\/\\\/arto.hu\\\/kap-palyazatok\\\/#primaryimage\"},\"image\":{\"@id\":\"https:\\\/\\\/arto.hu\\\/kap-palyazatok\\\/#primaryimage\"},\"thumbnailUrl\":\"https:\\\/\\\/arto.hu\\\/wp-content\\\/uploads\\\/2025\\\/01\\\/image.png\",\"datePublished\":\"2025-01-16T17:30:17+00:00\",\"dateModified\":\"2025-07-03T13:09:15+00:00\",\"description\":\"KAP 2025 p\u00e1ly\u00e1zatok agr\u00e1rfejleszt\u00e9shez, g\u00e9pbeszerz\u00e9shez, energiahat\u00e9konys\u00e1ghoz \u2013 Arto Consulting szak\u00e9rt\u0151i t\u00e1mogat\u00e1ssal.\",\"breadcrumb\":{\"@id\":\"https:\\\/\\\/arto.hu\\\/kap-palyazatok\\\/#breadcrumb\"},\"inLanguage\":\"hr\",\"potentialAction\":[{\"@type\":\"ReadAction\",\"target\":[\"https:\\\/\\\/arto.hu\\\/kap-palyazatok\\\/\"]}]},{\"@type\":\"ImageObject\",\"inLanguage\":\"hr\",\"@id\":\"https:\\\/\\\/arto.hu\\\/kap-palyazatok\\\/#primaryimage\",\"url\":\"https:\\\/\\\/arto.hu\\\/wp-content\\\/uploads\\\/2025\\\/01\\\/image.png\",\"contentUrl\":\"https:\\\/\\\/arto.hu\\\/wp-content\\\/uploads\\\/2025\\\/01\\\/image.png\"},{\"@type\":\"BreadcrumbList\",\"@id\":\"https:\\\/\\\/arto.hu\\\/kap-palyazatok\\\/#breadcrumb\",\"itemListElement\":[{\"@type\":\"ListItem\",\"position\":1,\"name\":\"Kezd\u0151lap\",\"item\":\"https:\\\/\\\/arto.hu\\\/\"},{\"@type\":\"ListItem\",\"position\":2,\"name\":\"KAP P\u00e1ly\u00e1zatok\"}]},{\"@type\":\"WebSite\",\"@id\":\"https:\\\/\\\/arto.hu\\\/#website\",\"url\":\"https:\\\/\\\/arto.hu\\\/\",\"name\":\"Arto Consulting\",\"description\":\"Arto P\u00e1ly\u00e1zatir\u00e1s\",\"publisher\":{\"@id\":\"https:\\\/\\\/arto.hu\\\/#organization\"},\"potentialAction\":[{\"@type\":\"SearchAction\",\"target\":{\"@type\":\"EntryPoint\",\"urlTemplate\":\"https:\\\/\\\/arto.hu\\\/?s={search_term_string}\"},\"query-input\":{\"@type\":\"PropertyValueSpecification\",\"valueRequired\":true,\"valueName\":\"search_term_string\"}}],\"inLanguage\":\"hr\"},{\"@type\":\"Organization\",\"@id\":\"https:\\\/\\\/arto.hu\\\/#organization\",\"name\":\"Arto Consulting\",\"url\":\"https:\\\/\\\/arto.hu\\\/\",\"logo\":{\"@type\":\"ImageObject\",\"inLanguage\":\"hr\",\"@id\":\"https:\\\/\\\/arto.hu\\\/#\\\/schema\\\/logo\\\/image\\\/\",\"url\":\"https:\\\/\\\/i0.wp.com\\\/arto.hu\\\/wp-content\\\/uploads\\\/2024\\\/11\\\/ARTO-VEGLEGES-edited.png?fit=827%2C583&ssl=1\",\"contentUrl\":\"https:\\\/\\\/i0.wp.com\\\/arto.hu\\\/wp-content\\\/uploads\\\/2024\\\/11\\\/ARTO-VEGLEGES-edited.png?fit=827%2C583&ssl=1\",\"width\":827,\"height\":583,\"caption\":\"Arto Consulting\"},\"image\":{\"@id\":\"https:\\\/\\\/arto.hu\\\/#\\\/schema\\\/logo\\\/image\\\/\"},\"sameAs\":[\"https:\\\/\\\/www.facebook.com\\\/ArtoConsulting\\\/?locale=hu_HU\"]}]}<\/script>\n<!-- \/ Yoast SEO plugin. -->","yoast_head_json":{"title":"Primjene ZPP-a 2025. \u2013 Odr\u017eivi razvoj","description":"Prijave za ZPP 2025 za poljoprivredni razvoj, nabavu strojeva, energetsku u\u010dinkovitost - uz stru\u010dnu podr\u0161ku tvrtke Arto Consulting.","robots":{"index":"index","follow":"follow","max-snippet":"max-snippet:-1","max-image-preview":"max-image-preview:large","max-video-preview":"max-video-preview:-1"},"canonical":"https:\/\/arto.hu\/hr\/dobiti-poslove\/","og_locale":"hr_HR","og_type":"article","og_title":"KAP p\u00e1ly\u00e1zatok 2025 \u2013 Fenntarthat\u00f3 fejleszt\u00e9s","og_description":"KAP 2025 p\u00e1ly\u00e1zatok agr\u00e1rfejleszt\u00e9shez, g\u00e9pbeszerz\u00e9shez, energiahat\u00e9konys\u00e1ghoz \u2013 Arto Consulting szak\u00e9rt\u0151i t\u00e1mogat\u00e1ssal.","og_url":"https:\/\/arto.hu\/hr\/dobiti-poslove\/","og_site_name":"Arto Consulting","article_publisher":"https:\/\/www.facebook.com\/ArtoConsulting\/?locale=hu_HU","article_modified_time":"2025-07-03T13:09:15+00:00","og_image":[{"url":"https:\/\/arto.hu\/wp-content\/uploads\/2025\/01\/image.png","type":"","width":"","height":""}],"twitter_card":"summary_large_image","twitter_misc":{"Procijenjeno vrijeme \u010ditanja":"1 minuta"},"schema":{"@context":"https:\/\/schema.org","@graph":[{"@type":"WebPage","@id":"https:\/\/arto.hu\/kap-palyazatok\/","url":"https:\/\/arto.hu\/kap-palyazatok\/","name":"Primjene ZPP-a 2025. \u2013 Odr\u017eivi razvoj","isPartOf":{"@id":"https:\/\/arto.hu\/#website"},"primaryImageOfPage":{"@id":"https:\/\/arto.hu\/kap-palyazatok\/#primaryimage"},"image":{"@id":"https:\/\/arto.hu\/kap-palyazatok\/#primaryimage"},"thumbnailUrl":"https:\/\/arto.hu\/wp-content\/uploads\/2025\/01\/image.png","datePublished":"2025-01-16T17:30:17+00:00","dateModified":"2025-07-03T13:09:15+00:00","description":"Prijave za ZPP 2025 za poljoprivredni razvoj, nabavu strojeva, energetsku u\u010dinkovitost - uz stru\u010dnu podr\u0161ku tvrtke Arto Consulting.","breadcrumb":{"@id":"https:\/\/arto.hu\/kap-palyazatok\/#breadcrumb"},"inLanguage":"hr","potentialAction":[{"@type":"ReadAction","target":["https:\/\/arto.hu\/kap-palyazatok\/"]}]},{"@type":"ImageObject","inLanguage":"hr","@id":"https:\/\/arto.hu\/kap-palyazatok\/#primaryimage","url":"https:\/\/arto.hu\/wp-content\/uploads\/2025\/01\/image.png","contentUrl":"https:\/\/arto.hu\/wp-content\/uploads\/2025\/01\/image.png"},{"@type":"BreadcrumbList","@id":"https:\/\/arto.hu\/kap-palyazatok\/#breadcrumb","itemListElement":[{"@type":"ListItem","position":1,"name":"Kezd\u0151lap","item":"https:\/\/arto.hu\/"},{"@type":"ListItem","position":2,"name":"KAP P\u00e1ly\u00e1zatok"}]},{"@type":"WebSite","@id":"https:\/\/arto.hu\/#website","url":"https:\/\/arto.hu\/","name":"Arto savjetovanje","description":"Arto obrazac za prijavu","publisher":{"@id":"https:\/\/arto.hu\/#organization"},"potentialAction":[{"@type":"SearchAction","target":{"@type":"EntryPoint","urlTemplate":"https:\/\/arto.hu\/?s={search_term_string}"},"query-input":{"@type":"PropertyValueSpecification","valueRequired":true,"valueName":"search_term_string"}}],"inLanguage":"hr"},{"@type":"Organization","@id":"https:\/\/arto.hu\/#organization","name":"Arto savjetovanje","url":"https:\/\/arto.hu\/","logo":{"@type":"ImageObject","inLanguage":"hr","@id":"https:\/\/arto.hu\/#\/schema\/logo\/image\/","url":"https:\/\/i0.wp.com\/arto.hu\/wp-content\/uploads\/2024\/11\/ARTO-VEGLEGES-edited.png?fit=827%2C583&ssl=1","contentUrl":"https:\/\/i0.wp.com\/arto.hu\/wp-content\/uploads\/2024\/11\/ARTO-VEGLEGES-edited.png?fit=827%2C583&ssl=1","width":827,"height":583,"caption":"Arto Consulting"},"image":{"@id":"https:\/\/arto.hu\/#\/schema\/logo\/image\/"},"sameAs":["https:\/\/www.facebook.com\/ArtoConsulting\/?locale=hu_HU"]}]}},"jetpack_likes_enabled":true,"jetpack_sharing_enabled":true,"jetpack_shortlink":"https:\/\/wp.me\/PfTTDI-FM","jetpack-related-posts":[],"_links":{"self":[{"href":"https:\/\/arto.hu\/hr\/wp-json\/wp\/v2\/pages\/2590","targetHints":{"allow":["GET"]}}],"collection":[{"href":"https:\/\/arto.hu\/hr\/wp-json\/wp\/v2\/pages"}],"about":[{"href":"https:\/\/arto.hu\/hr\/wp-json\/wp\/v2\/types\/page"}],"author":[{"embeddable":true,"href":"https:\/\/arto.hu\/hr\/wp-json\/wp\/v2\/users\/253070136"}],"replies":[{"embeddable":true,"href":"https:\/\/arto.hu\/hr\/wp-json\/wp\/v2\/comments?post=2590"}],"version-history":[{"count":0,"href":"https:\/\/arto.hu\/hr\/wp-json\/wp\/v2\/pages\/2590\/revisions"}],"wp:attachment":[{"href":"https:\/\/arto.hu\/hr\/wp-json\/wp\/v2\/media?parent=2590"}],"curies":[{"name":"wp","href":"https:\/\/api.w.org\/{rel}","templated":true}]}}