{"id":663,"date":"2024-08-26T15:38:25","date_gmt":"2024-08-26T13:38:25","guid":{"rendered":"https:\/\/arto.hu\/?page_id=663"},"modified":"2026-03-12T11:41:04","modified_gmt":"2026-03-12T10:41:04","slug":"fondovi-europske-unije","status":"publish","type":"page","link":"https:\/\/arto.hu\/hr\/europai-unios-forrasok\/","title":{"rendered":"fondovi Europske unije"},"content":{"rendered":"<div class=\"wp-block-group alignwide alignfull ticss-31430c4a is-content-justification-center is-layout-constrained wp-container-core-group-is-layout-d74e2b56 wp-block-group-is-layout-constrained\" style=\"margin-top:0;margin-bottom:0;padding-top:calc( 0.5 * var(--wp--style--root--padding-right, var(--wp--custom--gap--horizontal)));padding-right:var(--wp--style--root--padding-right, var(--wp--custom--gap--horizontal));padding-bottom:calc( 0.5 * var(--wp--style--root--padding-right, var(--wp--custom--gap--horizontal)));padding-left:var(--wp--style--root--padding-left, var(--wp--custom--gap--horizontal))\">\n<div style=\"height:33px\" aria-hidden=\"true\" class=\"wp-block-spacer\"><\/div>\n\n\n\n<div class=\"wp-block-columns alignwide is-layout-flex wp-container-core-columns-is-layout-0bb4a7f4 wp-block-columns-is-layout-flex\">\n<div class=\"wp-block-column is-vertically-aligned-center is-layout-flow wp-block-column-is-layout-flow\">\n<figure class=\"wp-block-image aligncenter size-medium is-style-rounded\"><img data-recalc-dims=\"1\" decoding=\"async\" width=\"300\" height=\"167\" data-attachment-id=\"2632\" data-permalink=\"https:\/\/arto.hu\/hr\/europai-unios-forrasok\/image-13\/\" data-orig-file=\"https:\/\/i0.wp.com\/arto.hu\/wp-content\/uploads\/2025\/01\/image-8.png?fit=2048%2C1142&amp;ssl=1\" data-orig-size=\"2048,1142\" data-comments-opened=\"1\" data-image-meta=\"{&quot;aperture&quot;:&quot;0&quot;,&quot;credit&quot;:&quot;&quot;,&quot;camera&quot;:&quot;&quot;,&quot;caption&quot;:&quot;&quot;,&quot;created_timestamp&quot;:&quot;0&quot;,&quot;copyright&quot;:&quot;&quot;,&quot;focal_length&quot;:&quot;0&quot;,&quot;iso&quot;:&quot;0&quot;,&quot;shutter_speed&quot;:&quot;0&quot;,&quot;title&quot;:&quot;&quot;,&quot;orientation&quot;:&quot;0&quot;}\" data-image-title=\"image\" data-image-description=\"\" data-image-caption=\"\" data-large-file=\"https:\/\/i0.wp.com\/arto.hu\/wp-content\/uploads\/2025\/01\/image-8.png?fit=1024%2C571&amp;ssl=1\" src=\"https:\/\/i0.wp.com\/arto.hu\/wp-content\/uploads\/2025\/01\/image-8.png?resize=300%2C167&#038;ssl=1\" alt=\"\" class=\"wp-image-2632\" srcset=\"https:\/\/i0.wp.com\/arto.hu\/wp-content\/uploads\/2025\/01\/image-8.png?resize=300%2C167&amp;ssl=1 300w, https:\/\/i0.wp.com\/arto.hu\/wp-content\/uploads\/2025\/01\/image-8.png?resize=1024%2C571&amp;ssl=1 1024w, https:\/\/i0.wp.com\/arto.hu\/wp-content\/uploads\/2025\/01\/image-8.png?resize=768%2C428&amp;ssl=1 768w, https:\/\/i0.wp.com\/arto.hu\/wp-content\/uploads\/2025\/01\/image-8.png?resize=1536%2C856&amp;ssl=1 1536w, https:\/\/i0.wp.com\/arto.hu\/wp-content\/uploads\/2025\/01\/image-8.png?w=2048&amp;ssl=1 2048w, https:\/\/i0.wp.com\/arto.hu\/wp-content\/uploads\/2025\/01\/image-8.png?resize=18%2C10&amp;ssl=1 18w\" sizes=\"(max-width: 300px) 100vw, 300px\" \/><\/figure>\n\n\n\n<div style=\"height:15px\" aria-hidden=\"true\" class=\"wp-block-spacer\"><\/div>\n\n\n\n<div class=\"wp-block-group is-content-justification-space-between is-nowrap is-layout-flex wp-container-core-group-is-layout-21db4a0b wp-block-group-is-layout-flex\">\n<h3 class=\"wp-block-heading has-text-align-center has-custom-vil-gosk-k-color has-text-color has-link-color has-medium-font-size wp-elements-1be4726f34b4aab9168d8325c224409f wp-container-content-9cfa9a5a\">Program rada EIC-a za 2025. Potpore<\/h3>\n<\/div>\n\n\n\n<div style=\"height:20px;width:0px\" aria-hidden=\"true\" class=\"wp-block-spacer\"><\/div>\n\n\n\n<p class=\"has-text-align-center has-white-color has-text-color has-link-color wp-elements-ae2c10929fed4d6f47ecb819654973ca wp-block-paragraph\">Cilj EIC (European Innovation Council) aplikacija je podr\u017eati visoko inovativne projekte u Europi. Ima tri glavne kategorije: <strong>EIC Pathfinder<\/strong> (rane, revolucionarne tehnologije), <strong>EIC tranzicija<\/strong> (nastavak razvoja), i <strong>EIC akcelerator<\/strong> (ulazak na tr\u017ei\u0161te i podr\u0161ka rastu). Pru\u017ea financijsku i stru\u010dnu pomo\u0107 malim i srednjim poduze\u0107ima, startupima i istra\u017eiva\u010dkim grupama.<\/p>\n\n\n\n<div style=\"height:20px\" aria-hidden=\"true\" class=\"wp-block-spacer\"><\/div>\n\n\n\n<div class=\"wp-block-buttons is-content-justification-center is-layout-flex wp-container-core-buttons-is-layout-f3fad879 wp-block-buttons-is-layout-flex\">\n<div class=\"wp-block-button is-style-outline is-style-outline--1\"><a class=\"wp-block-button__link has-custom-vil-gosk-k-color has-text-color has-link-color has-text-align-center wp-element-button\" href=\"https:\/\/arto.hu\/hr\/eic-2026-tamogatasok\/\" target=\"_blank\" rel=\"noreferrer noopener\">Vi\u0161e<\/a><\/div>\n<\/div>\n<\/div>\n<\/div>\n\n\n\n<div style=\"height:30px\" aria-hidden=\"true\" class=\"wp-block-spacer\"><\/div>\n<\/div>\n\n\n\n<p class=\"wp-block-paragraph\"><\/p>","protected":false},"excerpt":{"rendered":"<p>EIC Munkaprogram 2025 T\u00e1mogat\u00e1sok Az EIC (European Innovation Council) p\u00e1ly\u00e1zatok c\u00e9lja a kiemelked\u0151en innovat\u00edv projektek t\u00e1mogat\u00e1sa Eur\u00f3p\u00e1ban. H\u00e1rom f\u0151 kateg\u00f3ri\u00e1ja van: EIC Pathfinder (korai f\u00e1zis\u00fa, \u00e1tt\u00f6r\u00e9st hoz\u00f3 technol\u00f3gi\u00e1k), EIC Transition (fejleszt\u00e9sek tov\u00e1bbvitele), \u00e9s EIC Accelerator (piacra l\u00e9p\u00e9s \u00e9s n\u00f6veked\u00e9s t\u00e1mogat\u00e1sa). P\u00e9nz\u00fcgyi \u00e9s szakmai seg\u00edts\u00e9get ny\u00fajt kis- \u00e9s k\u00f6z\u00e9pv\u00e1llalkoz\u00e1sok, startupok, valamint kutat\u00f3csoportok sz\u00e1m\u00e1ra.<\/p>","protected":false},"author":253070136,"featured_media":0,"parent":0,"menu_order":0,"comment_status":"closed","ping_status":"closed","template":"","meta":{"_crdt_document":"","_themeisle_gutenberg_block_has_review":false,"footnotes":""},"class_list":["post-663","page","type-page","status-publish","hentry"],"yoast_head":"<!-- This site is optimized with the Yoast SEO plugin v27.5 - https:\/\/yoast.com\/product\/yoast-seo-wordpress\/ -->\n<title>Eur\u00f3pai Uni\u00f3s Forr\u00e1sok: P\u00e1ly\u00e1zati Lehet\u0151s\u00e9gek \u00e9s T\u00e1mogat\u00e1sok<\/title>\n<meta name=\"description\" content=\"Az Eur\u00f3pai Uni\u00f3 finansz\u00edroz\u00e1si forr\u00e1sai seg\u00edtenek megval\u00f3s\u00edtani v\u00e1llalkoz\u00e1sa innov\u00e1ci\u00f3s \u00e9s fejleszt\u00e9si terveit. Tudjon meg t\u00f6bbet!\" \/>\n<meta name=\"robots\" content=\"index, follow, max-snippet:-1, max-image-preview:large, max-video-preview:-1\" \/>\n<link rel=\"canonical\" href=\"https:\/\/arto.hu\/hr\/fondovi-europske-unije\/\" \/>\n<meta property=\"og:locale\" content=\"hr_HR\" \/>\n<meta property=\"og:type\" content=\"article\" \/>\n<meta property=\"og:title\" content=\"Eur\u00f3pai Uni\u00f3s Forr\u00e1sok: P\u00e1ly\u00e1zati Lehet\u0151s\u00e9gek \u00e9s T\u00e1mogat\u00e1sok\" \/>\n<meta property=\"og:description\" content=\"Az Eur\u00f3pai Uni\u00f3 finansz\u00edroz\u00e1si forr\u00e1sai seg\u00edtenek megval\u00f3s\u00edtani v\u00e1llalkoz\u00e1sa innov\u00e1ci\u00f3s \u00e9s fejleszt\u00e9si terveit. Tudjon meg t\u00f6bbet!\" \/>\n<meta property=\"og:url\" content=\"https:\/\/arto.hu\/hr\/fondovi-europske-unije\/\" \/>\n<meta property=\"og:site_name\" content=\"Arto Consulting\" \/>\n<meta property=\"article:publisher\" content=\"https:\/\/www.facebook.com\/ArtoConsulting\/?locale=hu_HU\" \/>\n<meta property=\"article:modified_time\" content=\"2026-03-12T10:41:04+00:00\" \/>\n<meta property=\"og:image\" content=\"https:\/\/arto.hu\/wp-content\/uploads\/2025\/01\/image-8-300x167.png\" \/>\n<meta name=\"twitter:card\" content=\"summary_large_image\" \/>\n<meta name=\"twitter:label1\" content=\"Procijenjeno vrijeme \u010ditanja\" \/>\n\t<meta name=\"twitter:data1\" content=\"1 minuta\" \/>\n<script type=\"application\/ld+json\" class=\"yoast-schema-graph\">{\"@context\":\"https:\\\/\\\/schema.org\",\"@graph\":[{\"@type\":\"WebPage\",\"@id\":\"https:\\\/\\\/arto.hu\\\/europai-unios-forrasok\\\/\",\"url\":\"https:\\\/\\\/arto.hu\\\/europai-unios-forrasok\\\/\",\"name\":\"Eur\u00f3pai Uni\u00f3s Forr\u00e1sok: P\u00e1ly\u00e1zati Lehet\u0151s\u00e9gek \u00e9s T\u00e1mogat\u00e1sok\",\"isPartOf\":{\"@id\":\"https:\\\/\\\/arto.hu\\\/#website\"},\"primaryImageOfPage\":{\"@id\":\"https:\\\/\\\/arto.hu\\\/europai-unios-forrasok\\\/#primaryimage\"},\"image\":{\"@id\":\"https:\\\/\\\/arto.hu\\\/europai-unios-forrasok\\\/#primaryimage\"},\"thumbnailUrl\":\"https:\\\/\\\/arto.hu\\\/wp-content\\\/uploads\\\/2025\\\/01\\\/image-8-300x167.png\",\"datePublished\":\"2024-08-26T13:38:25+00:00\",\"dateModified\":\"2026-03-12T10:41:04+00:00\",\"description\":\"Az Eur\u00f3pai Uni\u00f3 finansz\u00edroz\u00e1si forr\u00e1sai seg\u00edtenek megval\u00f3s\u00edtani v\u00e1llalkoz\u00e1sa innov\u00e1ci\u00f3s \u00e9s fejleszt\u00e9si terveit. Tudjon meg t\u00f6bbet!\",\"breadcrumb\":{\"@id\":\"https:\\\/\\\/arto.hu\\\/europai-unios-forrasok\\\/#breadcrumb\"},\"inLanguage\":\"hr\",\"potentialAction\":[{\"@type\":\"ReadAction\",\"target\":[\"https:\\\/\\\/arto.hu\\\/europai-unios-forrasok\\\/\"]}]},{\"@type\":\"ImageObject\",\"inLanguage\":\"hr\",\"@id\":\"https:\\\/\\\/arto.hu\\\/europai-unios-forrasok\\\/#primaryimage\",\"url\":\"https:\\\/\\\/arto.hu\\\/wp-content\\\/uploads\\\/2025\\\/01\\\/image-8-300x167.png\",\"contentUrl\":\"https:\\\/\\\/arto.hu\\\/wp-content\\\/uploads\\\/2025\\\/01\\\/image-8-300x167.png\"},{\"@type\":\"BreadcrumbList\",\"@id\":\"https:\\\/\\\/arto.hu\\\/europai-unios-forrasok\\\/#breadcrumb\",\"itemListElement\":[{\"@type\":\"ListItem\",\"position\":1,\"name\":\"Kezd\u0151lap\",\"item\":\"https:\\\/\\\/arto.hu\\\/\"},{\"@type\":\"ListItem\",\"position\":2,\"name\":\"Eur\u00f3pai uni\u00f3s forr\u00e1sok\"}]},{\"@type\":\"WebSite\",\"@id\":\"https:\\\/\\\/arto.hu\\\/#website\",\"url\":\"https:\\\/\\\/arto.hu\\\/\",\"name\":\"Arto Consulting\",\"description\":\"Arto P\u00e1ly\u00e1zatir\u00e1s\",\"publisher\":{\"@id\":\"https:\\\/\\\/arto.hu\\\/#organization\"},\"potentialAction\":[{\"@type\":\"SearchAction\",\"target\":{\"@type\":\"EntryPoint\",\"urlTemplate\":\"https:\\\/\\\/arto.hu\\\/?s={search_term_string}\"},\"query-input\":{\"@type\":\"PropertyValueSpecification\",\"valueRequired\":true,\"valueName\":\"search_term_string\"}}],\"inLanguage\":\"hr\"},{\"@type\":\"Organization\",\"@id\":\"https:\\\/\\\/arto.hu\\\/#organization\",\"name\":\"Arto Consulting\",\"url\":\"https:\\\/\\\/arto.hu\\\/\",\"logo\":{\"@type\":\"ImageObject\",\"inLanguage\":\"hr\",\"@id\":\"https:\\\/\\\/arto.hu\\\/#\\\/schema\\\/logo\\\/image\\\/\",\"url\":\"https:\\\/\\\/i0.wp.com\\\/arto.hu\\\/wp-content\\\/uploads\\\/2024\\\/11\\\/ARTO-VEGLEGES-edited.png?fit=827%2C583&ssl=1\",\"contentUrl\":\"https:\\\/\\\/i0.wp.com\\\/arto.hu\\\/wp-content\\\/uploads\\\/2024\\\/11\\\/ARTO-VEGLEGES-edited.png?fit=827%2C583&ssl=1\",\"width\":827,\"height\":583,\"caption\":\"Arto Consulting\"},\"image\":{\"@id\":\"https:\\\/\\\/arto.hu\\\/#\\\/schema\\\/logo\\\/image\\\/\"},\"sameAs\":[\"https:\\\/\\\/www.facebook.com\\\/ArtoConsulting\\\/?locale=hu_HU\"]}]}<\/script>\n<!-- \/ Yoast SEO plugin. -->","yoast_head_json":{"title":"Resursi Europske unije: Mogu\u0107nosti prijave i bespovratna sredstva","description":"Izvori financiranja Europske unije poma\u017eu vam u realizaciji inovacijskih i razvojnih planova va\u0161eg poslovanja. Saznajte vi\u0161e!","robots":{"index":"index","follow":"follow","max-snippet":"max-snippet:-1","max-image-preview":"max-image-preview:large","max-video-preview":"max-video-preview:-1"},"canonical":"https:\/\/arto.hu\/hr\/fondovi-europske-unije\/","og_locale":"hr_HR","og_type":"article","og_title":"Eur\u00f3pai Uni\u00f3s Forr\u00e1sok: P\u00e1ly\u00e1zati Lehet\u0151s\u00e9gek \u00e9s T\u00e1mogat\u00e1sok","og_description":"Az Eur\u00f3pai Uni\u00f3 finansz\u00edroz\u00e1si forr\u00e1sai seg\u00edtenek megval\u00f3s\u00edtani v\u00e1llalkoz\u00e1sa innov\u00e1ci\u00f3s \u00e9s fejleszt\u00e9si terveit. Tudjon meg t\u00f6bbet!","og_url":"https:\/\/arto.hu\/hr\/fondovi-europske-unije\/","og_site_name":"Arto Consulting","article_publisher":"https:\/\/www.facebook.com\/ArtoConsulting\/?locale=hu_HU","article_modified_time":"2026-03-12T10:41:04+00:00","og_image":[{"url":"https:\/\/arto.hu\/wp-content\/uploads\/2025\/01\/image-8-300x167.png","type":"","width":"","height":""}],"twitter_card":"summary_large_image","twitter_misc":{"Procijenjeno vrijeme \u010ditanja":"1 minuta"},"schema":{"@context":"https:\/\/schema.org","@graph":[{"@type":"WebPage","@id":"https:\/\/arto.hu\/europai-unios-forrasok\/","url":"https:\/\/arto.hu\/europai-unios-forrasok\/","name":"Resursi Europske unije: Mogu\u0107nosti prijave i bespovratna sredstva","isPartOf":{"@id":"https:\/\/arto.hu\/#website"},"primaryImageOfPage":{"@id":"https:\/\/arto.hu\/europai-unios-forrasok\/#primaryimage"},"image":{"@id":"https:\/\/arto.hu\/europai-unios-forrasok\/#primaryimage"},"thumbnailUrl":"https:\/\/arto.hu\/wp-content\/uploads\/2025\/01\/image-8-300x167.png","datePublished":"2024-08-26T13:38:25+00:00","dateModified":"2026-03-12T10:41:04+00:00","description":"Izvori financiranja Europske unije poma\u017eu vam u realizaciji inovacijskih i razvojnih planova va\u0161eg poslovanja. Saznajte vi\u0161e!","breadcrumb":{"@id":"https:\/\/arto.hu\/europai-unios-forrasok\/#breadcrumb"},"inLanguage":"hr","potentialAction":[{"@type":"ReadAction","target":["https:\/\/arto.hu\/europai-unios-forrasok\/"]}]},{"@type":"ImageObject","inLanguage":"hr","@id":"https:\/\/arto.hu\/europai-unios-forrasok\/#primaryimage","url":"https:\/\/arto.hu\/wp-content\/uploads\/2025\/01\/image-8-300x167.png","contentUrl":"https:\/\/arto.hu\/wp-content\/uploads\/2025\/01\/image-8-300x167.png"},{"@type":"BreadcrumbList","@id":"https:\/\/arto.hu\/europai-unios-forrasok\/#breadcrumb","itemListElement":[{"@type":"ListItem","position":1,"name":"Kezd\u0151lap","item":"https:\/\/arto.hu\/"},{"@type":"ListItem","position":2,"name":"Eur\u00f3pai uni\u00f3s forr\u00e1sok"}]},{"@type":"WebSite","@id":"https:\/\/arto.hu\/#website","url":"https:\/\/arto.hu\/","name":"Arto savjetovanje","description":"Arto obrazac za prijavu","publisher":{"@id":"https:\/\/arto.hu\/#organization"},"potentialAction":[{"@type":"SearchAction","target":{"@type":"EntryPoint","urlTemplate":"https:\/\/arto.hu\/?s={search_term_string}"},"query-input":{"@type":"PropertyValueSpecification","valueRequired":true,"valueName":"search_term_string"}}],"inLanguage":"hr"},{"@type":"Organization","@id":"https:\/\/arto.hu\/#organization","name":"Arto savjetovanje","url":"https:\/\/arto.hu\/","logo":{"@type":"ImageObject","inLanguage":"hr","@id":"https:\/\/arto.hu\/#\/schema\/logo\/image\/","url":"https:\/\/i0.wp.com\/arto.hu\/wp-content\/uploads\/2024\/11\/ARTO-VEGLEGES-edited.png?fit=827%2C583&ssl=1","contentUrl":"https:\/\/i0.wp.com\/arto.hu\/wp-content\/uploads\/2024\/11\/ARTO-VEGLEGES-edited.png?fit=827%2C583&ssl=1","width":827,"height":583,"caption":"Arto Consulting"},"image":{"@id":"https:\/\/arto.hu\/#\/schema\/logo\/image\/"},"sameAs":["https:\/\/www.facebook.com\/ArtoConsulting\/?locale=hu_HU"]}]}},"jetpack_likes_enabled":true,"jetpack_sharing_enabled":true,"jetpack_shortlink":"https:\/\/wp.me\/PfTTDI-aH","jetpack-related-posts":[],"_links":{"self":[{"href":"https:\/\/arto.hu\/hr\/wp-json\/wp\/v2\/pages\/663","targetHints":{"allow":["GET"]}}],"collection":[{"href":"https:\/\/arto.hu\/hr\/wp-json\/wp\/v2\/pages"}],"about":[{"href":"https:\/\/arto.hu\/hr\/wp-json\/wp\/v2\/types\/page"}],"author":[{"embeddable":true,"href":"https:\/\/arto.hu\/hr\/wp-json\/wp\/v2\/users\/253070136"}],"replies":[{"embeddable":true,"href":"https:\/\/arto.hu\/hr\/wp-json\/wp\/v2\/comments?post=663"}],"version-history":[{"count":0,"href":"https:\/\/arto.hu\/hr\/wp-json\/wp\/v2\/pages\/663\/revisions"}],"wp:attachment":[{"href":"https:\/\/arto.hu\/hr\/wp-json\/wp\/v2\/media?parent=663"}],"curies":[{"name":"wp","href":"https:\/\/api.w.org\/{rel}","templated":true}]}}