{"id":1649,"date":"2024-11-07T14:29:40","date_gmt":"2024-11-07T13:29:40","guid":{"rendered":"https:\/\/arto.hu\/?page_id=1649"},"modified":"2026-03-13T11:20:45","modified_gmt":"2026-03-13T10:20:45","slug":"eic-2026-tamogatasok","status":"publish","type":"page","link":"https:\/\/arto.hu\/hu\/eic-2026-tamogatasok\/","title":{"rendered":"EIC Munkaprogram 2025: Innov\u00e1ci\u00f3s T\u00e1mogat\u00e1sok"},"content":{"rendered":"\n<div class=\"wp-block-group alignfull has-custom-prussian-blue-background-color has-background is-content-justification-center is-layout-constrained wp-container-core-group-is-layout-705b48da wp-block-group-is-layout-constrained\" style=\"margin-top:0;margin-bottom:0;padding-top:10px;padding-right:10px;padding-bottom:10px;padding-left:9px\">\n<div style=\"height:calc( 0.25 * var(--wp--style--root--padding-right, var(--wp--custom--gap--horizontal)))\" aria-hidden=\"true\" class=\"wp-block-spacer\"><\/div>\n<\/div>\n\n\n\n<div class=\"wp-block-group alignfull has-custom-prussian-blue-background-color has-background is-content-justification-center is-layout-constrained wp-container-core-group-is-layout-705b48da wp-block-group-is-layout-constrained\" style=\"margin-top:0;margin-bottom:0;padding-top:10px;padding-right:10px;padding-bottom:10px;padding-left:9px\">\n<div style=\"height:calc( 0.25 * var(--wp--style--root--padding-right, var(--wp--custom--gap--horizontal)))\" aria-hidden=\"true\" class=\"wp-block-spacer\"><\/div>\n\n\n\n<div class=\"wp-block-columns has-custom-prussian-blue-background-color has-background is-layout-flex wp-container-core-columns-is-layout-b9475a2c wp-block-columns-is-layout-flex\" style=\"margin-top:var(--wp--preset--spacing--40);margin-bottom:var(--wp--preset--spacing--40);padding-top:var(--wp--preset--spacing--30);padding-right:var(--wp--preset--spacing--20);padding-bottom:var(--wp--preset--spacing--30);padding-left:var(--wp--preset--spacing--20)\">\n<div class=\"wp-block-column is-vertically-aligned-center is-layout-flow wp-container-core-column-is-layout-9c94dc9e wp-block-column-is-layout-flow\" style=\"flex-basis:50%\">\n<h2 class=\"wp-block-heading has-text-align-center has-custom-vil-gosk-k-color has-text-color has-link-color wp-elements-da31192dc268c4718749962ee1bf1632\">T\u00f6ltse le a 2026-os EIC \u00f6sszefoglal\u00f3nkat!<\/h2>\n<\/div>\n\n\n\n<div class=\"wp-block-column is-layout-flow wp-block-column-is-layout-flow\"><\/div>\n\n\n\n<div class=\"wp-block-column is-vertically-aligned-center is-style-default is-layout-flow wp-block-column-is-layout-flow\" style=\"font-size:24px;flex-basis:50%\">\n<div data-wp-interactive=\"core\/file\" class=\"wp-block-file has-link-color wp-elements-a8ea0c739f17228bbd91e7ebf2aefc4f\"><object data-wp-bind--hidden=\"!state.hasPdfPreview\" hidden class=\"wp-block-file__embed\" data=\"https:\/\/arto.hu\/wp-content\/uploads\/2025\/11\/EIC-2026-osszefoglalo.pdf\" type=\"application\/pdf\" style=\"width:100%;height:400px\" aria-label=\"EIC 2026 o\u0308sszefoglalo\u0301 be\u00e1gyaz\u00e1sa\"><\/object><a id=\"wp-block-file--media-10c07d91-05a8-4a91-9fbd-3b247f049585\" href=\"https:\/\/arto.hu\/wp-content\/uploads\/2025\/11\/EIC-2026-osszefoglalo.pdf\" target=\"_blank\" rel=\"noreferrer noopener\">EIC 2026 o\u0308sszefoglalo\u0301<\/a><a href=\"https:\/\/arto.hu\/wp-content\/uploads\/2025\/11\/EIC-2026-osszefoglalo.pdf\" class=\"wp-block-file__button wp-element-button\" download aria-describedby=\"wp-block-file--media-10c07d91-05a8-4a91-9fbd-3b247f049585\">Let\u00f6lt\u00e9s<\/a><\/div>\n<\/div>\n<\/div>\n<\/div>\n","protected":false},"excerpt":{"rendered":"<p>T\u00f6ltse le a 2026-os EIC \u00f6sszefoglal\u00f3nkat!<\/p>\n","protected":false},"author":253070136,"featured_media":0,"parent":0,"menu_order":0,"comment_status":"closed","ping_status":"closed","template":"","meta":{"_crdt_document":"","_themeisle_gutenberg_block_has_review":false,"footnotes":""},"class_list":["post-1649","page","type-page","status-publish","hentry"],"yoast_head":"<!-- This site is optimized with the Yoast SEO plugin v27.5 - https:\/\/yoast.com\/product\/yoast-seo-wordpress\/ -->\n<title>EIC Munkaprogram 2025: Innov\u00e1ci\u00f3s \u00e9s Kutat\u00e1si T\u00e1mogat\u00e1sok<\/title>\n<meta name=\"description\" content=\"Az EIC Munkaprogram 2025 keret\u00e9ben el\u00e9rhet\u0151 innov\u00e1ci\u00f3s t\u00e1mogat\u00e1sok startupok \u00e9s kutat\u00e1si projektek sz\u00e1m\u00e1ra. Fedezze fel a r\u00e9szleteket!\" \/>\n<meta name=\"robots\" content=\"index, follow, max-snippet:-1, max-image-preview:large, max-video-preview:-1\" \/>\n<link rel=\"canonical\" href=\"https:\/\/arto.hu\/hu\/eic-2026-tamogatasok\/\" \/>\n<meta property=\"og:locale\" content=\"hu_HU\" \/>\n<meta property=\"og:type\" content=\"article\" \/>\n<meta property=\"og:title\" content=\"EIC Munkaprogram 2025: Innov\u00e1ci\u00f3s \u00e9s Kutat\u00e1si T\u00e1mogat\u00e1sok\" \/>\n<meta property=\"og:description\" content=\"Az EIC Munkaprogram 2025 keret\u00e9ben el\u00e9rhet\u0151 innov\u00e1ci\u00f3s t\u00e1mogat\u00e1sok startupok \u00e9s kutat\u00e1si projektek sz\u00e1m\u00e1ra. Fedezze fel a r\u00e9szleteket!\" \/>\n<meta property=\"og:url\" content=\"https:\/\/arto.hu\/hu\/eic-2026-tamogatasok\/\" \/>\n<meta property=\"og:site_name\" content=\"Arto Consulting\" \/>\n<meta property=\"article:publisher\" content=\"https:\/\/www.facebook.com\/ArtoConsulting\/?locale=hu_HU\" \/>\n<meta property=\"article:modified_time\" content=\"2026-03-13T10:20:45+00:00\" \/>\n<meta property=\"og:image\" content=\"https:\/\/i0.wp.com\/arto.hu\/wp-content\/uploads\/2024\/11\/cropped-ARTO-VEGLEGES-edited.png?fit=512%2C512&ssl=1\" \/>\n\t<meta property=\"og:image:width\" content=\"512\" \/>\n\t<meta property=\"og:image:height\" content=\"512\" \/>\n\t<meta property=\"og:image:type\" content=\"image\/png\" \/>\n<meta name=\"twitter:card\" content=\"summary_large_image\" \/>\n<meta name=\"twitter:label1\" content=\"Becs\u00fclt olvas\u00e1si id\u0151\" \/>\n\t<meta name=\"twitter:data1\" content=\"1 perc\" \/>\n<script type=\"application\/ld+json\" class=\"yoast-schema-graph\">{\"@context\":\"https:\\\/\\\/schema.org\",\"@graph\":[{\"@type\":\"WebPage\",\"@id\":\"https:\\\/\\\/arto.hu\\\/eic-2026-tamogatasok\\\/\",\"url\":\"https:\\\/\\\/arto.hu\\\/eic-2026-tamogatasok\\\/\",\"name\":\"EIC Munkaprogram 2025: Innov\u00e1ci\u00f3s \u00e9s Kutat\u00e1si T\u00e1mogat\u00e1sok\",\"isPartOf\":{\"@id\":\"https:\\\/\\\/arto.hu\\\/#website\"},\"datePublished\":\"2024-11-07T13:29:40+00:00\",\"dateModified\":\"2026-03-13T10:20:45+00:00\",\"description\":\"Az EIC Munkaprogram 2025 keret\u00e9ben el\u00e9rhet\u0151 innov\u00e1ci\u00f3s t\u00e1mogat\u00e1sok startupok \u00e9s kutat\u00e1si projektek sz\u00e1m\u00e1ra. Fedezze fel a r\u00e9szleteket!\",\"breadcrumb\":{\"@id\":\"https:\\\/\\\/arto.hu\\\/eic-2026-tamogatasok\\\/#breadcrumb\"},\"inLanguage\":\"hu\",\"potentialAction\":[{\"@type\":\"ReadAction\",\"target\":[\"https:\\\/\\\/arto.hu\\\/eic-2026-tamogatasok\\\/\"]}]},{\"@type\":\"BreadcrumbList\",\"@id\":\"https:\\\/\\\/arto.hu\\\/eic-2026-tamogatasok\\\/#breadcrumb\",\"itemListElement\":[{\"@type\":\"ListItem\",\"position\":1,\"name\":\"Kezd\u0151lap\",\"item\":\"https:\\\/\\\/arto.hu\\\/\"},{\"@type\":\"ListItem\",\"position\":2,\"name\":\"EIC Munkaprogram 2025: Innov\u00e1ci\u00f3s T\u00e1mogat\u00e1sok\"}]},{\"@type\":\"WebSite\",\"@id\":\"https:\\\/\\\/arto.hu\\\/#website\",\"url\":\"https:\\\/\\\/arto.hu\\\/\",\"name\":\"Arto Consulting\",\"description\":\"Arto P\u00e1ly\u00e1zatir\u00e1s\",\"publisher\":{\"@id\":\"https:\\\/\\\/arto.hu\\\/#organization\"},\"potentialAction\":[{\"@type\":\"SearchAction\",\"target\":{\"@type\":\"EntryPoint\",\"urlTemplate\":\"https:\\\/\\\/arto.hu\\\/?s={search_term_string}\"},\"query-input\":{\"@type\":\"PropertyValueSpecification\",\"valueRequired\":true,\"valueName\":\"search_term_string\"}}],\"inLanguage\":\"hu\"},{\"@type\":\"Organization\",\"@id\":\"https:\\\/\\\/arto.hu\\\/#organization\",\"name\":\"Arto Consulting\",\"url\":\"https:\\\/\\\/arto.hu\\\/\",\"logo\":{\"@type\":\"ImageObject\",\"inLanguage\":\"hu\",\"@id\":\"https:\\\/\\\/arto.hu\\\/#\\\/schema\\\/logo\\\/image\\\/\",\"url\":\"https:\\\/\\\/i0.wp.com\\\/arto.hu\\\/wp-content\\\/uploads\\\/2024\\\/11\\\/ARTO-VEGLEGES-edited.png?fit=827%2C583&ssl=1\",\"contentUrl\":\"https:\\\/\\\/i0.wp.com\\\/arto.hu\\\/wp-content\\\/uploads\\\/2024\\\/11\\\/ARTO-VEGLEGES-edited.png?fit=827%2C583&ssl=1\",\"width\":827,\"height\":583,\"caption\":\"Arto Consulting\"},\"image\":{\"@id\":\"https:\\\/\\\/arto.hu\\\/#\\\/schema\\\/logo\\\/image\\\/\"},\"sameAs\":[\"https:\\\/\\\/www.facebook.com\\\/ArtoConsulting\\\/?locale=hu_HU\"]}]}<\/script>\n<!-- \/ Yoast SEO plugin. -->","yoast_head_json":{"title":"EIC Munkaprogram 2025: Innov\u00e1ci\u00f3s \u00e9s Kutat\u00e1si T\u00e1mogat\u00e1sok","description":"Az EIC Munkaprogram 2025 keret\u00e9ben el\u00e9rhet\u0151 innov\u00e1ci\u00f3s t\u00e1mogat\u00e1sok startupok \u00e9s kutat\u00e1si projektek sz\u00e1m\u00e1ra. Fedezze fel a r\u00e9szleteket!","robots":{"index":"index","follow":"follow","max-snippet":"max-snippet:-1","max-image-preview":"max-image-preview:large","max-video-preview":"max-video-preview:-1"},"canonical":"https:\/\/arto.hu\/hu\/eic-2026-tamogatasok\/","og_locale":"hu_HU","og_type":"article","og_title":"EIC Munkaprogram 2025: Innov\u00e1ci\u00f3s \u00e9s Kutat\u00e1si T\u00e1mogat\u00e1sok","og_description":"Az EIC Munkaprogram 2025 keret\u00e9ben el\u00e9rhet\u0151 innov\u00e1ci\u00f3s t\u00e1mogat\u00e1sok startupok \u00e9s kutat\u00e1si projektek sz\u00e1m\u00e1ra. Fedezze fel a r\u00e9szleteket!","og_url":"https:\/\/arto.hu\/hu\/eic-2026-tamogatasok\/","og_site_name":"Arto Consulting","article_publisher":"https:\/\/www.facebook.com\/ArtoConsulting\/?locale=hu_HU","article_modified_time":"2026-03-13T10:20:45+00:00","og_image":[{"width":512,"height":512,"url":"https:\/\/i0.wp.com\/arto.hu\/wp-content\/uploads\/2024\/11\/cropped-ARTO-VEGLEGES-edited.png?fit=512%2C512&ssl=1","type":"image\/png"}],"twitter_card":"summary_large_image","twitter_misc":{"Becs\u00fclt olvas\u00e1si id\u0151":"1 perc"},"schema":{"@context":"https:\/\/schema.org","@graph":[{"@type":"WebPage","@id":"https:\/\/arto.hu\/eic-2026-tamogatasok\/","url":"https:\/\/arto.hu\/eic-2026-tamogatasok\/","name":"EIC Munkaprogram 2025: Innov\u00e1ci\u00f3s \u00e9s Kutat\u00e1si T\u00e1mogat\u00e1sok","isPartOf":{"@id":"https:\/\/arto.hu\/#website"},"datePublished":"2024-11-07T13:29:40+00:00","dateModified":"2026-03-13T10:20:45+00:00","description":"Az EIC Munkaprogram 2025 keret\u00e9ben el\u00e9rhet\u0151 innov\u00e1ci\u00f3s t\u00e1mogat\u00e1sok startupok \u00e9s kutat\u00e1si projektek sz\u00e1m\u00e1ra. Fedezze fel a r\u00e9szleteket!","breadcrumb":{"@id":"https:\/\/arto.hu\/eic-2026-tamogatasok\/#breadcrumb"},"inLanguage":"hu","potentialAction":[{"@type":"ReadAction","target":["https:\/\/arto.hu\/eic-2026-tamogatasok\/"]}]},{"@type":"BreadcrumbList","@id":"https:\/\/arto.hu\/eic-2026-tamogatasok\/#breadcrumb","itemListElement":[{"@type":"ListItem","position":1,"name":"Kezd\u0151lap","item":"https:\/\/arto.hu\/"},{"@type":"ListItem","position":2,"name":"EIC Munkaprogram 2025: Innov\u00e1ci\u00f3s T\u00e1mogat\u00e1sok"}]},{"@type":"WebSite","@id":"https:\/\/arto.hu\/#website","url":"https:\/\/arto.hu\/","name":"Arto Consulting","description":"Arto P\u00e1ly\u00e1zatir\u00e1s","publisher":{"@id":"https:\/\/arto.hu\/#organization"},"potentialAction":[{"@type":"SearchAction","target":{"@type":"EntryPoint","urlTemplate":"https:\/\/arto.hu\/?s={search_term_string}"},"query-input":{"@type":"PropertyValueSpecification","valueRequired":true,"valueName":"search_term_string"}}],"inLanguage":"hu"},{"@type":"Organization","@id":"https:\/\/arto.hu\/#organization","name":"Arto Consulting","url":"https:\/\/arto.hu\/","logo":{"@type":"ImageObject","inLanguage":"hu","@id":"https:\/\/arto.hu\/#\/schema\/logo\/image\/","url":"https:\/\/i0.wp.com\/arto.hu\/wp-content\/uploads\/2024\/11\/ARTO-VEGLEGES-edited.png?fit=827%2C583&ssl=1","contentUrl":"https:\/\/i0.wp.com\/arto.hu\/wp-content\/uploads\/2024\/11\/ARTO-VEGLEGES-edited.png?fit=827%2C583&ssl=1","width":827,"height":583,"caption":"Arto Consulting"},"image":{"@id":"https:\/\/arto.hu\/#\/schema\/logo\/image\/"},"sameAs":["https:\/\/www.facebook.com\/ArtoConsulting\/?locale=hu_HU"]}]}},"jetpack_likes_enabled":true,"jetpack_sharing_enabled":true,"jetpack_shortlink":"https:\/\/wp.me\/PfTTDI-qB","jetpack-related-posts":[],"_links":{"self":[{"href":"https:\/\/arto.hu\/hu\/wp-json\/wp\/v2\/pages\/1649","targetHints":{"allow":["GET"]}}],"collection":[{"href":"https:\/\/arto.hu\/hu\/wp-json\/wp\/v2\/pages"}],"about":[{"href":"https:\/\/arto.hu\/hu\/wp-json\/wp\/v2\/types\/page"}],"author":[{"embeddable":true,"href":"https:\/\/arto.hu\/hu\/wp-json\/wp\/v2\/users\/253070136"}],"replies":[{"embeddable":true,"href":"https:\/\/arto.hu\/hu\/wp-json\/wp\/v2\/comments?post=1649"}],"version-history":[{"count":0,"href":"https:\/\/arto.hu\/hu\/wp-json\/wp\/v2\/pages\/1649\/revisions"}],"wp:attachment":[{"href":"https:\/\/arto.hu\/hu\/wp-json\/wp\/v2\/media?parent=1649"}],"curies":[{"name":"wp","href":"https:\/\/api.w.org\/{rel}","templated":true}]}}