{"id":2534,"date":"2025-01-16T16:13:04","date_gmt":"2025-01-16T15:13:04","guid":{"rendered":"https:\/\/arto.hu\/?page_id=2534"},"modified":"2025-01-22T11:52:33","modified_gmt":"2025-01-22T10:52:33","slug":"dimop-plusz-osszefoglalo","status":"publish","type":"page","link":"https:\/\/arto.hu\/hu\/dimop-plusz-osszefoglalo\/","title":{"rendered":"DIMOP Plusz \u00f6sszefoglal\u00f3"},"content":{"rendered":"\n<section id=\"wp-block-themeisle-blocks-advanced-columns-b2ead1d6\" class=\"wp-block-themeisle-blocks-advanced-columns has-1-columns has-desktop-equal-layout has-tablet-equal-layout has-mobile-collapsedRows-layout has-vertical-center\"><div class=\"wp-block-themeisle-blocks-advanced-columns-overlay\"><\/div><div class=\"innerblocks-wrap\">\n<div id=\"wp-block-themeisle-blocks-advanced-column-7c705a1c\" class=\"wp-block-themeisle-blocks-advanced-column\">\n<div id=\"wp-block-themeisle-blocks-advanced-heading-ea5e7576\" class=\"wp-block-themeisle-blocks-advanced-heading wp-block-themeisle-blocks-advanced-heading-ea5e7576\"><strong><strong>DIMOP Plusz 1.1.2B-24<\/strong><\/strong><\/div>\n\n\n\n<h2 class=\"wp-block-heading has-text-align-center has-custom-vil-gosk-k-color has-text-color has-link-color wp-elements-2cdaab1e09c453101b8e1f95c8f04b41\"><strong>DIMOP Plusz 1.1.2B-24-Tervezet V\u00e1llalati digit\u00e1lis K+F fejleszt\u00e9sek<\/strong><\/h2>\n\n\n\n<p class=\"has-text-align-center has-white-color has-text-color has-link-color wp-elements-dbfe73c6d491630bef4bbf3d46aab3a4 wp-block-paragraph\">A <em>DIMOP Plusz 1.1.2B-24-Tervezet<\/em> v\u00e1llalati digit\u00e1lis fejleszt\u00e9sek c\u00e9lja a hat\u00e9konyabb adatkezel\u00e9s \u00e9s biztons\u00e1g n\u00f6vel\u00e9se. Az \u00faj verzi\u00f3 b\u0151v\u00edti a rendszer funkcionalit\u00e1s\u00e1t, jav\u00edtja a felhaszn\u00e1l\u00f3i \u00e9lm\u00e9nyt, er\u0151s\u00edti az adatv\u00e9delmet, valamint automatiz\u00e1lja a folyamatokat. Az integr\u00e1lt megold\u00e1sok gyorsabb m\u0171k\u00f6d\u00e9st \u00e9s jobb adatkommunik\u00e1ci\u00f3t biztos\u00edtanak a v\u00e1llalatok sz\u00e1m\u00e1ra.<\/p>\n<\/div>\n<\/div><\/section>\n\n\n\n<section id=\"wp-block-themeisle-blocks-advanced-columns-335a2f03\" class=\"wp-block-themeisle-blocks-advanced-columns alignfull has-1-columns has-desktop-equal-layout has-tablet-equal-layout has-mobile-equal-layout has-vertical-flex-start\"><div class=\"wp-block-themeisle-blocks-advanced-columns-overlay\"><\/div><div class=\"innerblocks-wrap\">\n<div id=\"wp-block-themeisle-blocks-advanced-column-5d90343f\" class=\"wp-block-themeisle-blocks-advanced-column\">\n<div data-wp-interactive=\"core\/file\" class=\"wp-block-file aligncenter has-custom-prussian-blue-background-color has-background has-link-color wp-elements-18d390b63c0d8caa8f7b8fe2d2b3101e\"><object data-wp-bind--hidden=\"!state.hasPdfPreview\" hidden class=\"wp-block-file__embed\" data=\"https:\/\/arto.hu\/wp-content\/uploads\/2025\/01\/Arto_Osszefoglalo_DIMOP-Plusz-1.1.2B-24_Tervezet-1.pdf\" type=\"application\/pdf\" style=\"width:100%;height:800px\" aria-label=\"&lt;strong&gt;Arto_O\u0308sszefoglalo\u0301_DIMOP Plusz 1.1.2B-24_Tervezet&lt;\/strong&gt; be\u00e1gyaz\u00e1sa\"><\/object><a id=\"wp-block-file--media-64e1caec-aa75-4fa8-80aa-4ca10a87b68c\" href=\"https:\/\/arto.hu\/wp-content\/uploads\/2025\/01\/Arto_Osszefoglalo_DIMOP-Plusz-1.1.2B-24_Tervezet-1.pdf\" target=\"_blank\" rel=\"noreferrer noopener\"><strong>Arto_O\u0308sszefoglalo\u0301_DIMOP Plusz 1.1.2B-24_Tervezet<\/strong><\/a><a href=\"https:\/\/arto.hu\/wp-content\/uploads\/2025\/01\/Arto_Osszefoglalo_DIMOP-Plusz-1.1.2B-24_Tervezet-1.pdf\" class=\"wp-block-file__button wp-element-button\" download aria-describedby=\"wp-block-file--media-64e1caec-aa75-4fa8-80aa-4ca10a87b68c\">Let\u00f6lt\u00e9s<\/a><\/div>\n<\/div>\n<\/div><\/section>\n","protected":false},"excerpt":{"rendered":"","protected":false},"author":253070136,"featured_media":0,"parent":0,"menu_order":0,"comment_status":"closed","ping_status":"closed","template":"","meta":{"_crdt_document":"","_themeisle_gutenberg_block_has_review":false,"footnotes":""},"class_list":["post-2534","page","type-page","status-publish","hentry"],"yoast_head":"<!-- This site is optimized with the Yoast SEO plugin v27.5 - https:\/\/yoast.com\/product\/yoast-seo-wordpress\/ -->\n<title>DIMOP Plusz Program: T\u00e1mogat\u00e1si Lehet\u0151s\u00e9gek \u00e9s \u00d6sszefoglal\u00f3<\/title>\n<meta name=\"description\" content=\"R\u00e9szletes \u00f6sszefoglal\u00f3 a DIMOP Plusz programr\u00f3l, amely t\u00e1mogat\u00e1st ny\u00fajt a fejleszt\u00e9si projektekhez.Tudja meg, hogyan \u00e9rheti el.\" \/>\n<meta name=\"robots\" content=\"index, follow, max-snippet:-1, max-image-preview:large, max-video-preview:-1\" \/>\n<link rel=\"canonical\" href=\"https:\/\/arto.hu\/hu\/dimop-plusz-osszefoglalo\/\" \/>\n<meta property=\"og:locale\" content=\"hu_HU\" \/>\n<meta property=\"og:type\" content=\"article\" \/>\n<meta property=\"og:title\" content=\"DIMOP Plusz Program: T\u00e1mogat\u00e1si Lehet\u0151s\u00e9gek \u00e9s \u00d6sszefoglal\u00f3\" \/>\n<meta property=\"og:description\" content=\"R\u00e9szletes \u00f6sszefoglal\u00f3 a DIMOP Plusz programr\u00f3l, amely t\u00e1mogat\u00e1st ny\u00fajt a fejleszt\u00e9si projektekhez.Tudja meg, hogyan \u00e9rheti el.\" \/>\n<meta property=\"og:url\" content=\"https:\/\/arto.hu\/hu\/dimop-plusz-osszefoglalo\/\" \/>\n<meta property=\"og:site_name\" content=\"Arto Consulting\" \/>\n<meta property=\"article:publisher\" content=\"https:\/\/www.facebook.com\/ArtoConsulting\/?locale=hu_HU\" \/>\n<meta property=\"article:modified_time\" content=\"2025-01-22T10:52:33+00:00\" \/>\n<meta property=\"og:image\" content=\"https:\/\/i0.wp.com\/arto.hu\/wp-content\/uploads\/2024\/11\/cropped-ARTO-VEGLEGES-edited.png?fit=512%2C512&ssl=1\" \/>\n\t<meta property=\"og:image:width\" content=\"512\" \/>\n\t<meta property=\"og:image:height\" content=\"512\" \/>\n\t<meta property=\"og:image:type\" content=\"image\/png\" \/>\n<meta name=\"twitter:card\" content=\"summary_large_image\" \/>\n<meta name=\"twitter:label1\" content=\"Becs\u00fclt olvas\u00e1si id\u0151\" \/>\n\t<meta name=\"twitter:data1\" content=\"1 perc\" \/>\n<script type=\"application\/ld+json\" class=\"yoast-schema-graph\">{\"@context\":\"https:\\\/\\\/schema.org\",\"@graph\":[{\"@type\":\"WebPage\",\"@id\":\"https:\\\/\\\/arto.hu\\\/dimop-plusz-osszefoglalo\\\/\",\"url\":\"https:\\\/\\\/arto.hu\\\/dimop-plusz-osszefoglalo\\\/\",\"name\":\"DIMOP Plusz Program: T\u00e1mogat\u00e1si Lehet\u0151s\u00e9gek \u00e9s \u00d6sszefoglal\u00f3\",\"isPartOf\":{\"@id\":\"https:\\\/\\\/arto.hu\\\/#website\"},\"datePublished\":\"2025-01-16T15:13:04+00:00\",\"dateModified\":\"2025-01-22T10:52:33+00:00\",\"description\":\"R\u00e9szletes \u00f6sszefoglal\u00f3 a DIMOP Plusz programr\u00f3l, amely t\u00e1mogat\u00e1st ny\u00fajt a fejleszt\u00e9si projektekhez.Tudja meg, hogyan \u00e9rheti el.\",\"breadcrumb\":{\"@id\":\"https:\\\/\\\/arto.hu\\\/dimop-plusz-osszefoglalo\\\/#breadcrumb\"},\"inLanguage\":\"hu\",\"potentialAction\":[{\"@type\":\"ReadAction\",\"target\":[\"https:\\\/\\\/arto.hu\\\/dimop-plusz-osszefoglalo\\\/\"]}]},{\"@type\":\"BreadcrumbList\",\"@id\":\"https:\\\/\\\/arto.hu\\\/dimop-plusz-osszefoglalo\\\/#breadcrumb\",\"itemListElement\":[{\"@type\":\"ListItem\",\"position\":1,\"name\":\"Kezd\u0151lap\",\"item\":\"https:\\\/\\\/arto.hu\\\/\"},{\"@type\":\"ListItem\",\"position\":2,\"name\":\"DIMOP Plusz \u00f6sszefoglal\u00f3\"}]},{\"@type\":\"WebSite\",\"@id\":\"https:\\\/\\\/arto.hu\\\/#website\",\"url\":\"https:\\\/\\\/arto.hu\\\/\",\"name\":\"Arto Consulting\",\"description\":\"Arto P\u00e1ly\u00e1zatir\u00e1s\",\"publisher\":{\"@id\":\"https:\\\/\\\/arto.hu\\\/#organization\"},\"potentialAction\":[{\"@type\":\"SearchAction\",\"target\":{\"@type\":\"EntryPoint\",\"urlTemplate\":\"https:\\\/\\\/arto.hu\\\/?s={search_term_string}\"},\"query-input\":{\"@type\":\"PropertyValueSpecification\",\"valueRequired\":true,\"valueName\":\"search_term_string\"}}],\"inLanguage\":\"hu\"},{\"@type\":\"Organization\",\"@id\":\"https:\\\/\\\/arto.hu\\\/#organization\",\"name\":\"Arto Consulting\",\"url\":\"https:\\\/\\\/arto.hu\\\/\",\"logo\":{\"@type\":\"ImageObject\",\"inLanguage\":\"hu\",\"@id\":\"https:\\\/\\\/arto.hu\\\/#\\\/schema\\\/logo\\\/image\\\/\",\"url\":\"https:\\\/\\\/i0.wp.com\\\/arto.hu\\\/wp-content\\\/uploads\\\/2024\\\/11\\\/ARTO-VEGLEGES-edited.png?fit=827%2C583&ssl=1\",\"contentUrl\":\"https:\\\/\\\/i0.wp.com\\\/arto.hu\\\/wp-content\\\/uploads\\\/2024\\\/11\\\/ARTO-VEGLEGES-edited.png?fit=827%2C583&ssl=1\",\"width\":827,\"height\":583,\"caption\":\"Arto Consulting\"},\"image\":{\"@id\":\"https:\\\/\\\/arto.hu\\\/#\\\/schema\\\/logo\\\/image\\\/\"},\"sameAs\":[\"https:\\\/\\\/www.facebook.com\\\/ArtoConsulting\\\/?locale=hu_HU\"]}]}<\/script>\n<!-- \/ Yoast SEO plugin. -->","yoast_head_json":{"title":"DIMOP Plusz Program: T\u00e1mogat\u00e1si Lehet\u0151s\u00e9gek \u00e9s \u00d6sszefoglal\u00f3","description":"R\u00e9szletes \u00f6sszefoglal\u00f3 a DIMOP Plusz programr\u00f3l, amely t\u00e1mogat\u00e1st ny\u00fajt a fejleszt\u00e9si projektekhez.Tudja meg, hogyan \u00e9rheti el.","robots":{"index":"index","follow":"follow","max-snippet":"max-snippet:-1","max-image-preview":"max-image-preview:large","max-video-preview":"max-video-preview:-1"},"canonical":"https:\/\/arto.hu\/hu\/dimop-plusz-osszefoglalo\/","og_locale":"hu_HU","og_type":"article","og_title":"DIMOP Plusz Program: T\u00e1mogat\u00e1si Lehet\u0151s\u00e9gek \u00e9s \u00d6sszefoglal\u00f3","og_description":"R\u00e9szletes \u00f6sszefoglal\u00f3 a DIMOP Plusz programr\u00f3l, amely t\u00e1mogat\u00e1st ny\u00fajt a fejleszt\u00e9si projektekhez.Tudja meg, hogyan \u00e9rheti el.","og_url":"https:\/\/arto.hu\/hu\/dimop-plusz-osszefoglalo\/","og_site_name":"Arto Consulting","article_publisher":"https:\/\/www.facebook.com\/ArtoConsulting\/?locale=hu_HU","article_modified_time":"2025-01-22T10:52:33+00:00","og_image":[{"width":512,"height":512,"url":"https:\/\/i0.wp.com\/arto.hu\/wp-content\/uploads\/2024\/11\/cropped-ARTO-VEGLEGES-edited.png?fit=512%2C512&ssl=1","type":"image\/png"}],"twitter_card":"summary_large_image","twitter_misc":{"Becs\u00fclt olvas\u00e1si id\u0151":"1 perc"},"schema":{"@context":"https:\/\/schema.org","@graph":[{"@type":"WebPage","@id":"https:\/\/arto.hu\/dimop-plusz-osszefoglalo\/","url":"https:\/\/arto.hu\/dimop-plusz-osszefoglalo\/","name":"DIMOP Plusz Program: T\u00e1mogat\u00e1si Lehet\u0151s\u00e9gek \u00e9s \u00d6sszefoglal\u00f3","isPartOf":{"@id":"https:\/\/arto.hu\/#website"},"datePublished":"2025-01-16T15:13:04+00:00","dateModified":"2025-01-22T10:52:33+00:00","description":"R\u00e9szletes \u00f6sszefoglal\u00f3 a DIMOP Plusz programr\u00f3l, amely t\u00e1mogat\u00e1st ny\u00fajt a fejleszt\u00e9si projektekhez.Tudja meg, hogyan \u00e9rheti el.","breadcrumb":{"@id":"https:\/\/arto.hu\/dimop-plusz-osszefoglalo\/#breadcrumb"},"inLanguage":"hu","potentialAction":[{"@type":"ReadAction","target":["https:\/\/arto.hu\/dimop-plusz-osszefoglalo\/"]}]},{"@type":"BreadcrumbList","@id":"https:\/\/arto.hu\/dimop-plusz-osszefoglalo\/#breadcrumb","itemListElement":[{"@type":"ListItem","position":1,"name":"Kezd\u0151lap","item":"https:\/\/arto.hu\/"},{"@type":"ListItem","position":2,"name":"DIMOP Plusz \u00f6sszefoglal\u00f3"}]},{"@type":"WebSite","@id":"https:\/\/arto.hu\/#website","url":"https:\/\/arto.hu\/","name":"Arto Consulting","description":"Arto P\u00e1ly\u00e1zatir\u00e1s","publisher":{"@id":"https:\/\/arto.hu\/#organization"},"potentialAction":[{"@type":"SearchAction","target":{"@type":"EntryPoint","urlTemplate":"https:\/\/arto.hu\/?s={search_term_string}"},"query-input":{"@type":"PropertyValueSpecification","valueRequired":true,"valueName":"search_term_string"}}],"inLanguage":"hu"},{"@type":"Organization","@id":"https:\/\/arto.hu\/#organization","name":"Arto Consulting","url":"https:\/\/arto.hu\/","logo":{"@type":"ImageObject","inLanguage":"hu","@id":"https:\/\/arto.hu\/#\/schema\/logo\/image\/","url":"https:\/\/i0.wp.com\/arto.hu\/wp-content\/uploads\/2024\/11\/ARTO-VEGLEGES-edited.png?fit=827%2C583&ssl=1","contentUrl":"https:\/\/i0.wp.com\/arto.hu\/wp-content\/uploads\/2024\/11\/ARTO-VEGLEGES-edited.png?fit=827%2C583&ssl=1","width":827,"height":583,"caption":"Arto Consulting"},"image":{"@id":"https:\/\/arto.hu\/#\/schema\/logo\/image\/"},"sameAs":["https:\/\/www.facebook.com\/ArtoConsulting\/?locale=hu_HU"]}]}},"jetpack_likes_enabled":true,"jetpack_sharing_enabled":true,"jetpack_shortlink":"https:\/\/wp.me\/PfTTDI-ES","jetpack-related-posts":[],"_links":{"self":[{"href":"https:\/\/arto.hu\/hu\/wp-json\/wp\/v2\/pages\/2534","targetHints":{"allow":["GET"]}}],"collection":[{"href":"https:\/\/arto.hu\/hu\/wp-json\/wp\/v2\/pages"}],"about":[{"href":"https:\/\/arto.hu\/hu\/wp-json\/wp\/v2\/types\/page"}],"author":[{"embeddable":true,"href":"https:\/\/arto.hu\/hu\/wp-json\/wp\/v2\/users\/253070136"}],"replies":[{"embeddable":true,"href":"https:\/\/arto.hu\/hu\/wp-json\/wp\/v2\/comments?post=2534"}],"version-history":[{"count":0,"href":"https:\/\/arto.hu\/hu\/wp-json\/wp\/v2\/pages\/2534\/revisions"}],"wp:attachment":[{"href":"https:\/\/arto.hu\/hu\/wp-json\/wp\/v2\/media?parent=2534"}],"curies":[{"name":"wp","href":"https:\/\/api.w.org\/{rel}","templated":true}]}}