{"id":2903,"date":"2025-01-28T15:53:55","date_gmt":"2025-01-28T14:53:55","guid":{"rendered":"https:\/\/arto.hu\/?page_id=2903"},"modified":"2025-07-03T15:06:27","modified_gmt":"2025-07-03T13:06:27","slug":"kapcsolat","status":"publish","type":"page","link":"https:\/\/arto.hu\/hu\/kapcsolat\/","title":{"rendered":"Kapcsolat magyar"},"content":{"rendered":"\n<section id=\"wp-block-themeisle-blocks-advanced-columns-546fa8db\" class=\"wp-block-themeisle-blocks-advanced-columns alignfull has-2-columns has-desktop-equal-layout has-tablet-equal-layout has-mobile-collapsedRows-layout has-vertical-center\"><div class=\"wp-block-themeisle-blocks-advanced-columns-overlay\"><\/div><div class=\"innerblocks-wrap\">\n<div id=\"wp-block-themeisle-blocks-advanced-column-a03592cc\" class=\"wp-block-themeisle-blocks-advanced-column has-dark-bg animated fadeIn\"><div class=\"wp-block-themeisle-blocks-advanced-column-overlay\"><\/div>\n<h2 class=\"wp-block-heading has-text-align-center has-custom-vil-gosk-k-color has-text-color has-link-color wp-elements-2faaf4ed7973fbb5db4da473b2a0c824\" style=\"font-size:40px\">\u00cdrjon nek\u00fcnk!<\/h2>\n\n\n\n<div style=\"height:500px\" aria-hidden=\"true\" class=\"wp-block-spacer\"><\/div>\n\n\n\n<ul class=\"wp-block-social-links aligncenter has-huge-icon-size has-icon-color has-icon-background-color is-style-pill-shape is-content-justification-center is-nowrap is-layout-flex wp-container-core-social-links-is-layout-d9bcbaea wp-block-social-links-is-layout-flex\"><li style=\"color:#f9c0a3;background-color:#314b5a;\" class=\"wp-social-link wp-social-link-facebook has-custom-r-zsasz-n-color wp-block-social-link\"><a rel=\"noopener nofollow\" target=\"_blank\" href=\"\" class=\"wp-block-social-link-anchor\"><svg width=\"24\" height=\"24\" viewBox=\"0 0 24 24\" version=\"1.1\" xmlns=\"http:\/\/www.w3.org\/2000\/svg\" aria-hidden=\"true\" focusable=\"false\"><path d=\"M12 2C6.5 2 2 6.5 2 12c0 5 3.7 9.1 8.4 9.9v-7H7.9V12h2.5V9.8c0-2.5 1.5-3.9 3.8-3.9 1.1 0 2.2.2 2.2.2v2.5h-1.3c-1.2 0-1.6.8-1.6 1.6V12h2.8l-.4 2.9h-2.3v7C18.3 21.1 22 17 22 12c0-5.5-4.5-10-10-10z\"><\/path><\/svg><span class=\"wp-block-social-link-label screen-reader-text\">Facebook<\/span><\/a><\/li>\n\n<li style=\"color:#f9c0a3;background-color:#314b5a;\" class=\"wp-social-link wp-social-link-instagram has-custom-r-zsasz-n-color wp-block-social-link\"><a rel=\"noopener nofollow\" target=\"_blank\" href=\"https:\/\/www.instagram.com\/artoconsulting\/\" class=\"wp-block-social-link-anchor\"><svg width=\"24\" height=\"24\" viewBox=\"0 0 24 24\" version=\"1.1\" xmlns=\"http:\/\/www.w3.org\/2000\/svg\" aria-hidden=\"true\" focusable=\"false\"><path d=\"M12,4.622c2.403,0,2.688,0.009,3.637,0.052c0.877,0.04,1.354,0.187,1.671,0.31c0.42,0.163,0.72,0.358,1.035,0.673 c0.315,0.315,0.51,0.615,0.673,1.035c0.123,0.317,0.27,0.794,0.31,1.671c0.043,0.949,0.052,1.234,0.052,3.637 s-0.009,2.688-0.052,3.637c-0.04,0.877-0.187,1.354-0.31,1.671c-0.163,0.42-0.358,0.72-0.673,1.035 c-0.315,0.315-0.615,0.51-1.035,0.673c-0.317,0.123-0.794,0.27-1.671,0.31c-0.949,0.043-1.233,0.052-3.637,0.052 s-2.688-0.009-3.637-0.052c-0.877-0.04-1.354-0.187-1.671-0.31c-0.42-0.163-0.72-0.358-1.035-0.673 c-0.315-0.315-0.51-0.615-0.673-1.035c-0.123-0.317-0.27-0.794-0.31-1.671C4.631,14.688,4.622,14.403,4.622,12 s0.009-2.688,0.052-3.637c0.04-0.877,0.187-1.354,0.31-1.671c0.163-0.42,0.358-0.72,0.673-1.035 c0.315-0.315,0.615-0.51,1.035-0.673c0.317-0.123,0.794-0.27,1.671-0.31C9.312,4.631,9.597,4.622,12,4.622 M12,3 C9.556,3,9.249,3.01,8.289,3.054C7.331,3.098,6.677,3.25,6.105,3.472C5.513,3.702,5.011,4.01,4.511,4.511 c-0.5,0.5-0.808,1.002-1.038,1.594C3.25,6.677,3.098,7.331,3.054,8.289C3.01,9.249,3,9.556,3,12c0,2.444,0.01,2.751,0.054,3.711 c0.044,0.958,0.196,1.612,0.418,2.185c0.23,0.592,0.538,1.094,1.038,1.594c0.5,0.5,1.002,0.808,1.594,1.038 c0.572,0.222,1.227,0.375,2.185,0.418C9.249,20.99,9.556,21,12,21s2.751-0.01,3.711-0.054c0.958-0.044,1.612-0.196,2.185-0.418 c0.592-0.23,1.094-0.538,1.594-1.038c0.5-0.5,0.808-1.002,1.038-1.594c0.222-0.572,0.375-1.227,0.418-2.185 C20.99,14.751,21,14.444,21,12s-0.01-2.751-0.054-3.711c-0.044-0.958-0.196-1.612-0.418-2.185c-0.23-0.592-0.538-1.094-1.038-1.594 c-0.5-0.5-1.002-0.808-1.594-1.038c-0.572-0.222-1.227-0.375-2.185-0.418C14.751,3.01,14.444,3,12,3L12,3z M12,7.378 c-2.552,0-4.622,2.069-4.622,4.622S9.448,16.622,12,16.622s4.622-2.069,4.622-4.622S14.552,7.378,12,7.378z M12,15 c-1.657,0-3-1.343-3-3s1.343-3,3-3s3,1.343,3,3S13.657,15,12,15z M16.804,6.116c-0.596,0-1.08,0.484-1.08,1.08 s0.484,1.08,1.08,1.08c0.596,0,1.08-0.484,1.08-1.08S17.401,6.116,16.804,6.116z\"><\/path><\/svg><span class=\"wp-block-social-link-label screen-reader-text\">Arto Consulting<\/span><\/a><\/li>\n\n<li style=\"color:#f9c0a3;background-color:#314b5a;\" class=\"wp-social-link wp-social-link-linkedin has-custom-r-zsasz-n-color wp-block-social-link\"><a rel=\"noopener nofollow\" target=\"_blank\" href=\"https:\/\/www.linkedin.com\/company\/artoconsulting\" class=\"wp-block-social-link-anchor\"><svg width=\"24\" height=\"24\" viewBox=\"0 0 24 24\" version=\"1.1\" xmlns=\"http:\/\/www.w3.org\/2000\/svg\" aria-hidden=\"true\" focusable=\"false\"><path d=\"M19.7,3H4.3C3.582,3,3,3.582,3,4.3v15.4C3,20.418,3.582,21,4.3,21h15.4c0.718,0,1.3-0.582,1.3-1.3V4.3 C21,3.582,20.418,3,19.7,3z M8.339,18.338H5.667v-8.59h2.672V18.338z M7.004,8.574c-0.857,0-1.549-0.694-1.549-1.548 c0-0.855,0.691-1.548,1.549-1.548c0.854,0,1.547,0.694,1.547,1.548C8.551,7.881,7.858,8.574,7.004,8.574z M18.339,18.338h-2.669 v-4.177c0-0.996-0.017-2.278-1.387-2.278c-1.389,0-1.601,1.086-1.601,2.206v4.249h-2.667v-8.59h2.559v1.174h0.037 c0.356-0.675,1.227-1.387,2.526-1.387c2.703,0,3.203,1.779,3.203,4.092V18.338z\"><\/path><\/svg><span class=\"wp-block-social-link-label screen-reader-text\">LinkedIn<\/span><\/a><\/li><\/ul>\n<\/div>\n\n\n\n<div id=\"wp-block-themeisle-blocks-advanced-column-5b750788\" class=\"wp-block-themeisle-blocks-advanced-column animated fadeIn  has-dark-bg\">\n<div id=\"wp-block-themeisle-blocks-form-fcc82e44\" class=\"wp-block-themeisle-blocks-form\" data-option-name=\"bf9b28ff82ce323187abc5d0feb0d8f07ecd8436_fcc82e44\"><form class=\"otter-form__container\">\n<div id=\"wp-block-themeisle-blocks-form-input-06ca67eb\" class=\"wp-block-themeisle-blocks-form-input\"><label for=\"wp-block-themeisle-blocks-form-input-06ca67eb-input\" class=\"otter-form-input-label\"><span class=\"otter-form-input-label__label\">N\u00e9v<\/span><span class=\"required\">*<\/span><\/label><input type=\"text\" id=\"wp-block-themeisle-blocks-form-input-06ca67eb-input\" required class=\"otter-form-input\"\/><\/div>\n\n\n\n<div id=\"wp-block-themeisle-blocks-form-input-87be824d\" class=\"wp-block-themeisle-blocks-form-input\"><label for=\"wp-block-themeisle-blocks-form-input-87be824d-input\" class=\"otter-form-input-label\"><span class=\"otter-form-input-label__label\">Email<\/span><span class=\"required\">*<\/span><\/label><input type=\"email\" id=\"wp-block-themeisle-blocks-form-input-87be824d-input\" required class=\"otter-form-input\"\/><\/div>\n\n\n\n<div id=\"wp-block-themeisle-blocks-form-textarea-919679a3\" class=\"wp-block-themeisle-blocks-form-textarea\"><label for=\"wp-block-themeisle-blocks-form-textarea-919679a3-input\" class=\"otter-form-textarea-label\"><span class=\"otter-form-textarea-label__label\">\u00dczenet<\/span><\/label><textarea id=\"wp-block-themeisle-blocks-form-textarea-919679a3-input\" rows=\"10\" class=\"otter-form-textarea-input\"><\/textarea><\/div>\n\n\n<div class=\"protection\" aria-hidden=\"true\"><input type=\"hidden\" id=\"wp-block-themeisle-blocks-form-fcc82e44_nonce_field\" name=\"wp-block-themeisle-blocks-form-fcc82e44_nonce_field\" value=\"7c2889fcf7\" \/><input type=\"hidden\" name=\"_wp_http_referer\" value=\"\/hu\/wp-json\/wp\/v2\/pages\/2903\" \/><input class=\"o-anti-bot\" type=\"checkbox\"><\/div><div class=\"wp-block-button o-center\"><button class=\"wp-block-button__link\" type=\"submit\">K\u00fcld\u00e9s<\/button><\/div><\/form><\/div>\n<\/div>\n<\/div><\/section>\n\n\n\n<hr class=\"wp-block-separator has-text-color has-custom-prussian-blue-color has-alpha-channel-opacity has-custom-prussian-blue-background-color has-background is-style-wide\" style=\"margin-top:var(--wp--preset--spacing--30);margin-bottom:var(--wp--preset--spacing--30)\"\/>\n\n\n\n<section id=\"wp-block-themeisle-blocks-advanced-columns-990a718e\" class=\"wp-block-themeisle-blocks-advanced-columns alignfull has-1-columns has-desktop-equal-layout has-tablet-equal-layout has-mobile-collapsedRows-layout has-vertical-center has-dark-bg\"><div class=\"wp-block-themeisle-blocks-advanced-columns-overlay\"><\/div><div class=\"innerblocks-wrap\">\n<div id=\"wp-block-themeisle-blocks-advanced-column-73e5b683\" class=\"wp-block-themeisle-blocks-advanced-column\"><\/div>\n<\/div><\/section>\n\n\n\n<hr class=\"wp-block-separator has-text-color has-custom-prussian-blue-color has-alpha-channel-opacity has-custom-prussian-blue-background-color has-background is-style-wide\" style=\"margin-top:var(--wp--preset--spacing--30);margin-bottom:var(--wp--preset--spacing--30)\"\/>\n\n\n\n<div class=\"wp-block-group alignfull is-style-default is-content-justification-center is-layout-constrained wp-container-core-group-is-layout-7eed1702 wp-block-group-is-layout-constrained\" style=\"margin-top:0;margin-bottom:0;padding-top:103px;padding-right:var(--wp--style--root--padding-right, var(--wp--custom--gap--horizontal));padding-bottom:calc( 0.5 * var(--wp--style--root--padding-right, var(--wp--custom--gap--horizontal)));padding-left:var(--wp--style--root--padding-left, var(--wp--custom--gap--horizontal))\">\n<div style=\"height:7px\" aria-hidden=\"true\" class=\"wp-block-spacer\"><\/div>\n\n\n\n<div class=\"wp-block-columns alignwide is-layout-flex wp-container-core-columns-is-layout-83c0e05d wp-block-columns-is-layout-flex\">\n<div class=\"wp-block-column is-layout-flow wp-block-column-is-layout-flow\" style=\"border-right-color:var(--wp--preset--color--theme-2);border-right-width:1px;padding-right:var(--wp--preset--spacing--30)\">\n<div id=\"wp-block-themeisle-blocks-font-awesome-icons-fafd9fc1\" class=\"wp-block-themeisle-blocks-font-awesome-icons\"><span class=\"wp-block-themeisle-blocks-font-awesome-icons-container\"><i class=\"fas fa-phone\"><\/i><\/span><\/div>\n\n\n\n<h3 class=\"wp-block-heading has-text-align-center is-service-name has-white-color has-text-color has-link-color wp-elements-556d761fe689d729fd3c9310d9648170\">Telefon<\/h3>\n\n\n\n<p class=\"has-text-align-center is-service-description ticss-3ec229ae has-custom-vil-gosk-k-color has-text-color has-link-color has-normal-font-size wp-elements-0429a18e8dcf1f6261406605ca0f7e33 wp-block-paragraph\"><a href=\"tel:+3617700084\" target=\"_blank\" rel=\"noreferrer noopener\"><strong>Telefon<\/strong><\/a><a href=\"tel:3617700084\"> (+36 1) 770 0084<\/a><\/p>\n<\/div>\n\n\n\n<div class=\"wp-block-column is-layout-flow wp-block-column-is-layout-flow\" style=\"border-right-color:var(--wp--preset--color--theme-2);border-right-width:1px;padding-right:var(--wp--preset--spacing--30)\">\n<div id=\"wp-block-themeisle-blocks-font-awesome-icons-130d77e4\" class=\"wp-block-themeisle-blocks-font-awesome-icons\"><span class=\"wp-block-themeisle-blocks-font-awesome-icons-container\"><i class=\"fas fa-at\"><\/i><\/span><\/div>\n\n\n\n<h3 class=\"wp-block-heading has-text-align-center is-service-name has-white-color has-text-color has-link-color wp-elements-bc2e742da3ecef0f9aef8ae0307a9c31\">E-mail<\/h3>\n\n\n\n<p class=\"has-text-align-center is-service-description has-custom-vil-gosk-k-color has-text-color has-link-color wp-elements-ea332bb211a9c54d678c0d0430c2046f wp-block-paragraph\" style=\"font-size:20px\"><a href=\"mailto:info@arto.hu\">info@arto.hu<\/a><\/p>\n<\/div>\n\n\n\n<div class=\"wp-block-column is-layout-flow wp-block-column-is-layout-flow\" style=\"padding-right:var(--wp--preset--spacing--30)\">\n<div id=\"wp-block-themeisle-blocks-font-awesome-icons-31ca6fa6\" class=\"wp-block-themeisle-blocks-font-awesome-icons\"><span class=\"wp-block-themeisle-blocks-font-awesome-icons-container\"><i class=\"far fa-building\"><\/i><\/span><\/div>\n\n\n\n<h3 class=\"wp-block-heading has-text-align-center is-service-name has-white-color has-text-color has-link-color wp-elements-6007fc12078b12837dddb9fe94e885a5\"><strong>Levelez\u00e9si c\u00edm<\/strong><\/h3>\n\n\n\n<p class=\"has-text-align-center is-service-description has-custom-vil-gosk-k-color has-text-color has-link-color has-normal-font-size wp-elements-9f0b4d506804b3a497488e82d54d015d wp-block-paragraph\"><a href=\"https:\/\/www.google.com\/maps\/place\/Buda%C3%B6rs,+K%C3%A1roly+kir%C3%A1ly+u.+38,+2040\/@47.4575194,18.9567717,17z\/data=!3m1!4b1!4m6!3m5!1s0x4741de210a1e8fa9:0xe98aee291d48cd7!8m2!3d47.4575158!4d18.9593466!16s%2Fg%2F11c21tgyf9?entry=ttu&amp;g_ep=EgoyMDI0MTEwNi4wIKXMDSoASAFQAw%3D%3D\" target=\"_blank\" rel=\"noreferrer noopener\">2045 Buda\u00f6rs, K\u00e1roly Kir\u00e1ly utca 38<\/a><\/p>\n<\/div>\n<\/div>\n\n\n\n<div style=\"height:0px\" aria-hidden=\"true\" class=\"wp-block-spacer\"><\/div>\n<\/div>\n\n\n\n<p class=\"wp-block-paragraph\"><\/p>\n","protected":false},"excerpt":{"rendered":"<p>Telefon Telefon (+36 1) 770 0084 E-mail info@arto.hu Levelez\u00e9si c\u00edm 2045 Buda\u00f6rs, K\u00e1roly Kir\u00e1ly utca 38<\/p>\n","protected":false},"author":253070136,"featured_media":951,"parent":0,"menu_order":0,"comment_status":"closed","ping_status":"closed","template":"","meta":{"_crdt_document":"","_themeisle_gutenberg_block_has_review":false,"footnotes":""},"class_list":["post-2903","page","type-page","status-publish","has-post-thumbnail","hentry"],"yoast_head":"<!-- This site is optimized with the Yoast SEO plugin v27.5 - https:\/\/yoast.com\/product\/yoast-seo-wordpress\/ -->\n<title>Kapcsolat \u2013 Arto Consulting | Innov\u00e1ci\u00f3s \u00e9s p\u00e1ly\u00e1zati tan\u00e1csad\u00e1s<\/title>\n<meta name=\"description\" content=\"L\u00e9pjen kapcsolatba az Arto Consulting csapat\u00e1val \u2013 p\u00e1ly\u00e1zati tan\u00e1csad\u00e1s, innov\u00e1ci\u00f3 \u00e9s projektmenedzsment egy helyen.\" \/>\n<meta name=\"robots\" content=\"index, follow, max-snippet:-1, max-image-preview:large, max-video-preview:-1\" \/>\n<link rel=\"canonical\" href=\"https:\/\/arto.hu\/hu\/kapcsolat\/\" \/>\n<meta property=\"og:locale\" content=\"hu_HU\" \/>\n<meta property=\"og:type\" content=\"article\" \/>\n<meta property=\"og:title\" content=\"Kapcsolat \u2013 Arto Consulting | Innov\u00e1ci\u00f3s \u00e9s p\u00e1ly\u00e1zati tan\u00e1csad\u00e1s\" \/>\n<meta property=\"og:description\" content=\"L\u00e9pjen kapcsolatba az Arto Consulting csapat\u00e1val \u2013 p\u00e1ly\u00e1zati tan\u00e1csad\u00e1s, innov\u00e1ci\u00f3 \u00e9s projektmenedzsment egy helyen.\" \/>\n<meta property=\"og:url\" content=\"https:\/\/arto.hu\/hu\/kapcsolat\/\" \/>\n<meta property=\"og:site_name\" content=\"Arto Consulting\" \/>\n<meta property=\"article:publisher\" content=\"https:\/\/www.facebook.com\/ArtoConsulting\/?locale=hu_HU\" \/>\n<meta property=\"article:modified_time\" content=\"2025-07-03T13:06:27+00:00\" \/>\n<meta property=\"og:image\" content=\"https:\/\/arto.hu\/wp-content\/uploads\/2024\/08\/Arto-Consulting_logo_Final-1.jpg\" \/>\n\t<meta property=\"og:image:width\" content=\"2480\" \/>\n\t<meta property=\"og:image:height\" content=\"1748\" \/>\n\t<meta property=\"og:image:type\" content=\"image\/jpeg\" \/>\n<meta name=\"twitter:card\" content=\"summary_large_image\" \/>\n<meta name=\"twitter:label1\" content=\"Becs\u00fclt olvas\u00e1si id\u0151\" \/>\n\t<meta name=\"twitter:data1\" content=\"1 perc\" \/>\n<script type=\"application\/ld+json\" class=\"yoast-schema-graph\">{\"@context\":\"https:\\\/\\\/schema.org\",\"@graph\":[{\"@type\":\"WebPage\",\"@id\":\"https:\\\/\\\/arto.hu\\\/kapcsolat\\\/\",\"url\":\"https:\\\/\\\/arto.hu\\\/kapcsolat\\\/\",\"name\":\"Kapcsolat \u2013 Arto Consulting | Innov\u00e1ci\u00f3s \u00e9s p\u00e1ly\u00e1zati tan\u00e1csad\u00e1s\",\"isPartOf\":{\"@id\":\"https:\\\/\\\/arto.hu\\\/#website\"},\"primaryImageOfPage\":{\"@id\":\"https:\\\/\\\/arto.hu\\\/kapcsolat\\\/#primaryimage\"},\"image\":{\"@id\":\"https:\\\/\\\/arto.hu\\\/kapcsolat\\\/#primaryimage\"},\"thumbnailUrl\":\"https:\\\/\\\/i0.wp.com\\\/arto.hu\\\/wp-content\\\/uploads\\\/2024\\\/08\\\/Arto-Consulting_logo_Final-1.jpg?fit=2048%2C1444&ssl=1\",\"datePublished\":\"2025-01-28T14:53:55+00:00\",\"dateModified\":\"2025-07-03T13:06:27+00:00\",\"description\":\"L\u00e9pjen kapcsolatba az Arto Consulting csapat\u00e1val \u2013 p\u00e1ly\u00e1zati tan\u00e1csad\u00e1s, innov\u00e1ci\u00f3 \u00e9s projektmenedzsment egy helyen.\",\"breadcrumb\":{\"@id\":\"https:\\\/\\\/arto.hu\\\/kapcsolat\\\/#breadcrumb\"},\"inLanguage\":\"hu\",\"potentialAction\":[{\"@type\":\"ReadAction\",\"target\":[\"https:\\\/\\\/arto.hu\\\/kapcsolat\\\/\"]}]},{\"@type\":\"ImageObject\",\"inLanguage\":\"hu\",\"@id\":\"https:\\\/\\\/arto.hu\\\/kapcsolat\\\/#primaryimage\",\"url\":\"https:\\\/\\\/i0.wp.com\\\/arto.hu\\\/wp-content\\\/uploads\\\/2024\\\/08\\\/Arto-Consulting_logo_Final-1.jpg?fit=2048%2C1444&ssl=1\",\"contentUrl\":\"https:\\\/\\\/i0.wp.com\\\/arto.hu\\\/wp-content\\\/uploads\\\/2024\\\/08\\\/Arto-Consulting_logo_Final-1.jpg?fit=2048%2C1444&ssl=1\",\"width\":2048,\"height\":1444},{\"@type\":\"BreadcrumbList\",\"@id\":\"https:\\\/\\\/arto.hu\\\/kapcsolat\\\/#breadcrumb\",\"itemListElement\":[{\"@type\":\"ListItem\",\"position\":1,\"name\":\"Kezd\u0151lap\",\"item\":\"https:\\\/\\\/arto.hu\\\/\"},{\"@type\":\"ListItem\",\"position\":2,\"name\":\"Kapcsolat magyar\"}]},{\"@type\":\"WebSite\",\"@id\":\"https:\\\/\\\/arto.hu\\\/#website\",\"url\":\"https:\\\/\\\/arto.hu\\\/\",\"name\":\"Arto Consulting\",\"description\":\"Arto P\u00e1ly\u00e1zatir\u00e1s\",\"publisher\":{\"@id\":\"https:\\\/\\\/arto.hu\\\/#organization\"},\"potentialAction\":[{\"@type\":\"SearchAction\",\"target\":{\"@type\":\"EntryPoint\",\"urlTemplate\":\"https:\\\/\\\/arto.hu\\\/?s={search_term_string}\"},\"query-input\":{\"@type\":\"PropertyValueSpecification\",\"valueRequired\":true,\"valueName\":\"search_term_string\"}}],\"inLanguage\":\"hu\"},{\"@type\":\"Organization\",\"@id\":\"https:\\\/\\\/arto.hu\\\/#organization\",\"name\":\"Arto Consulting\",\"url\":\"https:\\\/\\\/arto.hu\\\/\",\"logo\":{\"@type\":\"ImageObject\",\"inLanguage\":\"hu\",\"@id\":\"https:\\\/\\\/arto.hu\\\/#\\\/schema\\\/logo\\\/image\\\/\",\"url\":\"https:\\\/\\\/i0.wp.com\\\/arto.hu\\\/wp-content\\\/uploads\\\/2024\\\/11\\\/ARTO-VEGLEGES-edited.png?fit=827%2C583&ssl=1\",\"contentUrl\":\"https:\\\/\\\/i0.wp.com\\\/arto.hu\\\/wp-content\\\/uploads\\\/2024\\\/11\\\/ARTO-VEGLEGES-edited.png?fit=827%2C583&ssl=1\",\"width\":827,\"height\":583,\"caption\":\"Arto Consulting\"},\"image\":{\"@id\":\"https:\\\/\\\/arto.hu\\\/#\\\/schema\\\/logo\\\/image\\\/\"},\"sameAs\":[\"https:\\\/\\\/www.facebook.com\\\/ArtoConsulting\\\/?locale=hu_HU\"]}]}<\/script>\n<!-- \/ Yoast SEO plugin. -->","yoast_head_json":{"title":"Kapcsolat \u2013 Arto Consulting | Innov\u00e1ci\u00f3s \u00e9s p\u00e1ly\u00e1zati tan\u00e1csad\u00e1s","description":"L\u00e9pjen kapcsolatba az Arto Consulting csapat\u00e1val \u2013 p\u00e1ly\u00e1zati tan\u00e1csad\u00e1s, innov\u00e1ci\u00f3 \u00e9s projektmenedzsment egy helyen.","robots":{"index":"index","follow":"follow","max-snippet":"max-snippet:-1","max-image-preview":"max-image-preview:large","max-video-preview":"max-video-preview:-1"},"canonical":"https:\/\/arto.hu\/hu\/kapcsolat\/","og_locale":"hu_HU","og_type":"article","og_title":"Kapcsolat \u2013 Arto Consulting | Innov\u00e1ci\u00f3s \u00e9s p\u00e1ly\u00e1zati tan\u00e1csad\u00e1s","og_description":"L\u00e9pjen kapcsolatba az Arto Consulting csapat\u00e1val \u2013 p\u00e1ly\u00e1zati tan\u00e1csad\u00e1s, innov\u00e1ci\u00f3 \u00e9s projektmenedzsment egy helyen.","og_url":"https:\/\/arto.hu\/hu\/kapcsolat\/","og_site_name":"Arto Consulting","article_publisher":"https:\/\/www.facebook.com\/ArtoConsulting\/?locale=hu_HU","article_modified_time":"2025-07-03T13:06:27+00:00","og_image":[{"width":2480,"height":1748,"url":"https:\/\/arto.hu\/wp-content\/uploads\/2024\/08\/Arto-Consulting_logo_Final-1.jpg","type":"image\/jpeg"}],"twitter_card":"summary_large_image","twitter_misc":{"Becs\u00fclt olvas\u00e1si id\u0151":"1 perc"},"schema":{"@context":"https:\/\/schema.org","@graph":[{"@type":"WebPage","@id":"https:\/\/arto.hu\/kapcsolat\/","url":"https:\/\/arto.hu\/kapcsolat\/","name":"Kapcsolat \u2013 Arto Consulting | Innov\u00e1ci\u00f3s \u00e9s p\u00e1ly\u00e1zati tan\u00e1csad\u00e1s","isPartOf":{"@id":"https:\/\/arto.hu\/#website"},"primaryImageOfPage":{"@id":"https:\/\/arto.hu\/kapcsolat\/#primaryimage"},"image":{"@id":"https:\/\/arto.hu\/kapcsolat\/#primaryimage"},"thumbnailUrl":"https:\/\/i0.wp.com\/arto.hu\/wp-content\/uploads\/2024\/08\/Arto-Consulting_logo_Final-1.jpg?fit=2048%2C1444&ssl=1","datePublished":"2025-01-28T14:53:55+00:00","dateModified":"2025-07-03T13:06:27+00:00","description":"L\u00e9pjen kapcsolatba az Arto Consulting csapat\u00e1val \u2013 p\u00e1ly\u00e1zati tan\u00e1csad\u00e1s, innov\u00e1ci\u00f3 \u00e9s projektmenedzsment egy helyen.","breadcrumb":{"@id":"https:\/\/arto.hu\/kapcsolat\/#breadcrumb"},"inLanguage":"hu","potentialAction":[{"@type":"ReadAction","target":["https:\/\/arto.hu\/kapcsolat\/"]}]},{"@type":"ImageObject","inLanguage":"hu","@id":"https:\/\/arto.hu\/kapcsolat\/#primaryimage","url":"https:\/\/i0.wp.com\/arto.hu\/wp-content\/uploads\/2024\/08\/Arto-Consulting_logo_Final-1.jpg?fit=2048%2C1444&ssl=1","contentUrl":"https:\/\/i0.wp.com\/arto.hu\/wp-content\/uploads\/2024\/08\/Arto-Consulting_logo_Final-1.jpg?fit=2048%2C1444&ssl=1","width":2048,"height":1444},{"@type":"BreadcrumbList","@id":"https:\/\/arto.hu\/kapcsolat\/#breadcrumb","itemListElement":[{"@type":"ListItem","position":1,"name":"Kezd\u0151lap","item":"https:\/\/arto.hu\/"},{"@type":"ListItem","position":2,"name":"Kapcsolat magyar"}]},{"@type":"WebSite","@id":"https:\/\/arto.hu\/#website","url":"https:\/\/arto.hu\/","name":"Arto Consulting","description":"Arto P\u00e1ly\u00e1zatir\u00e1s","publisher":{"@id":"https:\/\/arto.hu\/#organization"},"potentialAction":[{"@type":"SearchAction","target":{"@type":"EntryPoint","urlTemplate":"https:\/\/arto.hu\/?s={search_term_string}"},"query-input":{"@type":"PropertyValueSpecification","valueRequired":true,"valueName":"search_term_string"}}],"inLanguage":"hu"},{"@type":"Organization","@id":"https:\/\/arto.hu\/#organization","name":"Arto Consulting","url":"https:\/\/arto.hu\/","logo":{"@type":"ImageObject","inLanguage":"hu","@id":"https:\/\/arto.hu\/#\/schema\/logo\/image\/","url":"https:\/\/i0.wp.com\/arto.hu\/wp-content\/uploads\/2024\/11\/ARTO-VEGLEGES-edited.png?fit=827%2C583&ssl=1","contentUrl":"https:\/\/i0.wp.com\/arto.hu\/wp-content\/uploads\/2024\/11\/ARTO-VEGLEGES-edited.png?fit=827%2C583&ssl=1","width":827,"height":583,"caption":"Arto Consulting"},"image":{"@id":"https:\/\/arto.hu\/#\/schema\/logo\/image\/"},"sameAs":["https:\/\/www.facebook.com\/ArtoConsulting\/?locale=hu_HU"]}]}},"jetpack_likes_enabled":true,"jetpack_sharing_enabled":true,"jetpack_shortlink":"https:\/\/wp.me\/PfTTDI-KP","jetpack-related-posts":[],"_links":{"self":[{"href":"https:\/\/arto.hu\/hu\/wp-json\/wp\/v2\/pages\/2903","targetHints":{"allow":["GET"]}}],"collection":[{"href":"https:\/\/arto.hu\/hu\/wp-json\/wp\/v2\/pages"}],"about":[{"href":"https:\/\/arto.hu\/hu\/wp-json\/wp\/v2\/types\/page"}],"author":[{"embeddable":true,"href":"https:\/\/arto.hu\/hu\/wp-json\/wp\/v2\/users\/253070136"}],"replies":[{"embeddable":true,"href":"https:\/\/arto.hu\/hu\/wp-json\/wp\/v2\/comments?post=2903"}],"version-history":[{"count":0,"href":"https:\/\/arto.hu\/hu\/wp-json\/wp\/v2\/pages\/2903\/revisions"}],"wp:featuredmedia":[{"embeddable":true,"href":"https:\/\/arto.hu\/hu\/wp-json\/wp\/v2\/media\/951"}],"wp:attachment":[{"href":"https:\/\/arto.hu\/hu\/wp-json\/wp\/v2\/media?parent=2903"}],"curies":[{"name":"wp","href":"https:\/\/api.w.org\/{rel}","templated":true}]}}