{"id":42,"date":"2024-07-15T10:47:34","date_gmt":"2024-07-15T08:47:34","guid":{"rendered":"https:\/\/arto.hu\/?page_id=42"},"modified":"2025-02-19T11:59:06","modified_gmt":"2025-02-19T10:59:06","slug":"blog","status":"publish","type":"page","link":"https:\/\/arto.hu\/hu\/blog\/","title":{"rendered":"Blog"},"content":{"rendered":"\n<div class=\"wp-block-cover aligncenter\"><img data-recalc-dims=\"1\" decoding=\"async\" width=\"1000\" height=\"666\" data-attachment-id=\"2255\" data-permalink=\"https:\/\/arto.hu\/hu\/blog\/hardcover-books-mockup-mosaic-2\/\" data-orig-file=\"https:\/\/i0.wp.com\/arto.hu\/wp-content\/uploads\/2024\/11\/Hardcover-Books-Mockup-Mosaic-1.png?fit=1000%2C666&amp;ssl=1\" data-orig-size=\"1000,666\" data-comments-opened=\"1\" data-image-meta=\"{&quot;aperture&quot;:&quot;0&quot;,&quot;credit&quot;:&quot;&quot;,&quot;camera&quot;:&quot;&quot;,&quot;caption&quot;:&quot;&quot;,&quot;created_timestamp&quot;:&quot;0&quot;,&quot;copyright&quot;:&quot;&quot;,&quot;focal_length&quot;:&quot;0&quot;,&quot;iso&quot;:&quot;0&quot;,&quot;shutter_speed&quot;:&quot;0&quot;,&quot;title&quot;:&quot;&quot;,&quot;orientation&quot;:&quot;0&quot;}\" data-image-title=\"Hardcover Books Mockup Mosaic\" data-image-description=\"\" data-image-caption=\"\" data-large-file=\"https:\/\/i0.wp.com\/arto.hu\/wp-content\/uploads\/2024\/11\/Hardcover-Books-Mockup-Mosaic-1.png?fit=1000%2C666&amp;ssl=1\" class=\"wp-block-cover__image-background wp-image-2255\" alt=\"\" src=\"https:\/\/i0.wp.com\/arto.hu\/wp-content\/uploads\/2024\/11\/Hardcover-Books-Mockup-Mosaic-1.png?resize=1000%2C666&#038;ssl=1\" style=\"object-position:48% 14%\" data-object-fit=\"cover\" data-object-position=\"48% 14%\" srcset=\"https:\/\/i0.wp.com\/arto.hu\/wp-content\/uploads\/2024\/11\/Hardcover-Books-Mockup-Mosaic-1.png?w=1000&amp;ssl=1 1000w, https:\/\/i0.wp.com\/arto.hu\/wp-content\/uploads\/2024\/11\/Hardcover-Books-Mockup-Mosaic-1.png?resize=300%2C200&amp;ssl=1 300w, https:\/\/i0.wp.com\/arto.hu\/wp-content\/uploads\/2024\/11\/Hardcover-Books-Mockup-Mosaic-1.png?resize=768%2C511&amp;ssl=1 768w, https:\/\/i0.wp.com\/arto.hu\/wp-content\/uploads\/2024\/11\/Hardcover-Books-Mockup-Mosaic-1.png?resize=18%2C12&amp;ssl=1 18w\" sizes=\"(max-width: 1000px) 100vw, 1000px\" \/><span aria-hidden=\"true\" class=\"wp-block-cover__background has-background-dim\"><\/span><div class=\"wp-block-cover__inner-container is-layout-flow wp-block-cover-is-layout-flow\">\n<p class=\"has-text-align-center has-large-font-size wp-block-paragraph\"><\/p>\n<\/div><\/div>\n\n\n\n<div style=\"height:30px\" aria-hidden=\"true\" class=\"wp-block-spacer\"><\/div>\n\n\n\n<div class=\"wp-block-group alignfull has-background is-content-justification-center is-layout-constrained wp-container-core-group-is-layout-62be601a wp-block-group-is-layout-constrained\" style=\"background:linear-gradient(0deg,rgb(23,42,58) 11%,rgb(49,75,90) 55%);margin-top:0;margin-bottom:0;padding-top:10px;padding-right:10px;padding-bottom:10px;padding-left:10px\">\n<div style=\"height:calc( 0.25 * var(--wp--style--root--padding-right, var(--wp--custom--gap--horizontal)))\" aria-hidden=\"true\" class=\"wp-block-spacer\"><\/div>\n\n\n\n<div style=\"height:50px\" aria-hidden=\"true\" class=\"wp-block-spacer\"><\/div>\n\n\n<div class=\" is-style-tiled wp-block-themeisle-blocks-posts-grid\" id=\"wp-block-themeisle-blocks-posts-grid-7f0923ac\"><div class=\"is-grid o-posts-grid-columns-2\"><div class=\"o-posts-grid-post-blog o-posts-grid-post-plain\"><div class=\"o-posts-grid-post\"><div class=\"o-posts-grid-post-body is-full\"><h4 class=\"o-posts-grid-post-title\"><a href=\"https:\/\/arto.hu\/hu\/noi-innovatorok-europai-dij-2026\/\">18 n\u0151i innov\u00e1tor az eur\u00f3pai innov\u00e1ci\u00f3 \u00e9lvonal\u00e1ban \u2013 struktur\u00e1lis v\u00e1ltoz\u00e1s a deep-tech t\u00e9rben<\/a><\/h4><div class=\"o-posts-grid-post-description\"><p>Az Eur\u00f3pai Bizotts\u00e1g k\u00f6zz\u00e9tette a 2026-os European Prize for Women Innovators el\u0151d\u00f6nt\u0151seit. A d\u00edjat \u2026<\/p><\/div><\/div><\/div><\/div><div class=\"o-posts-grid-post-blog o-posts-grid-post-plain\"><div class=\"o-posts-grid-post\"><div class=\"o-posts-grid-post-body is-full\"><h4 class=\"o-posts-grid-post-title\"><a href=\"https:\/\/arto.hu\/hu\/automatikus-vazlattechnologiai-attoresek-2026-mit-top-10\/\">2026 Technol\u00f3giai Fordul\u00f3pontjai \u2013 Az innov\u00e1ci\u00f3 \u00faj er\u0151tere<\/a><\/h4><div class=\"o-posts-grid-post-description\"><p>A MIT Technology Review szerkeszt\u0151i minden \u00e9vben \u00f6ssze\u00e1ll\u00edtj\u00e1k a Breakthrough Technologies list\u00e1t, a\u2026<\/p><\/div><\/div><\/div><\/div><div class=\"o-posts-grid-post-blog o-posts-grid-post-plain\"><div class=\"o-posts-grid-post\"><div class=\"o-posts-grid-post-body is-full\"><h4 class=\"o-posts-grid-post-title\"><a href=\"https:\/\/arto.hu\/hu\/oregedes-epigenetikai-reprogramozas-biotechnologia\/\">Hazugs\u00e1g az \u00f6reged\u00e9s? A biotechnol\u00f3gia szerint nem biztos.<\/a><\/h4><div class=\"o-posts-grid-post-description\"><p>Az \u00f6reged\u00e9st sok\u00e1ig megk\u00e9rd\u0151jelezhetetlen biol\u00f3giai sz\u00fcks\u00e9gszer\u0171s\u00e9gnek tekintett\u00fck. Az orvostudom\u00e1ny\u2026<\/p><\/div><\/div><\/div><\/div><div class=\"o-posts-grid-post-blog o-posts-grid-post-plain\"><div class=\"o-posts-grid-post\"><div class=\"o-posts-grid-post-body is-full\"><h4 class=\"o-posts-grid-post-title\"><a href=\"https:\/\/arto.hu\/hu\/horizon-csak-a-jeghegy-csucsa-eu-palyazati-rendszer\/\">Horizon csak a j\u00e9ghegy cs\u00facsa \u2013 \u00edgy m\u0171k\u00f6dik val\u00f3j\u00e1ban az eur\u00f3pai p\u00e1ly\u00e1zati rendszer<\/a><\/h4><div class=\"o-posts-grid-post-description\"><p>Ha eur\u00f3pai p\u00e1ly\u00e1zatokr\u00f3l esik sz\u00f3, a legt\u00f6bb v\u00e1llalatn\u00e1l \u00e9s int\u00e9zm\u00e9nyn\u00e9l egyetlen n\u00e9v ugrik be: Hori\u2026<\/p><\/div><\/div><\/div><\/div><div class=\"o-posts-grid-post-blog o-posts-grid-post-plain\"><div class=\"o-posts-grid-post\"><div class=\"o-posts-grid-post-body is-full\"><h4 class=\"o-posts-grid-post-title\"><a href=\"https:\/\/arto.hu\/hu\/ember-tervezve-genetikai-kivalasztas-etika\/\">Ember tervezve? \u2013 Etikai dilemm\u00e1k az embri\u00f3k genetikai kiv\u00e1laszt\u00e1s\u00e1r\u00f3l<\/a><\/h4><div class=\"o-posts-grid-post-description\"><p>Egy \u00f6t napos emberi embri\u00f3 \u2013 egy mikroszk\u00f3p alatt alig l\u00e1that\u00f3 sejthalmaz \u2013 m\u00e1r hordozza egy lehets\u00e9\u2026<\/p><\/div><\/div><\/div><\/div><div class=\"o-posts-grid-post-blog o-posts-grid-post-plain\"><div class=\"o-posts-grid-post\"><div class=\"o-posts-grid-post-body is-full\"><h4 class=\"o-posts-grid-post-title\"><a href=\"https:\/\/arto.hu\/hu\/mi-az-ai-valojaban\/\">Mi az AI val\u00f3j\u00e1ban? \u2013 Egy erny\u0151fogalom, amely minket is nap mint nap gondolkod\u00e1sra k\u00e9sztet<\/a><\/h4><div class=\"o-posts-grid-post-description\"><p>A mesters\u00e9ges intelligencia ma m\u00e1r nem elvont j\u00f6v\u0151k\u00e9p, hanem konkr\u00e9t \u00fczleti d\u00f6nt\u00e9seket, fejleszt\u00e9si \u2026<\/p><\/div><\/div><\/div><\/div><div class=\"o-posts-grid-post-blog o-posts-grid-post-plain\"><div class=\"o-posts-grid-post\"><div class=\"o-posts-grid-post-body is-full\"><h4 class=\"o-posts-grid-post-title\"><a href=\"https:\/\/arto.hu\/hu\/ai-test-istene\/\">Amikor a test lesz az Isten \u2013 Bryan Johnson \u00e9s a Don\u2019t Die vall\u00e1s koncepci\u00f3ja<\/a><\/h4><div class=\"o-posts-grid-post-description\"><p>Bryan Johnson, a longevity (hossz\u00fa \u00e9let) mozgalom legismertebb alakja, \u00faj szintre emeli az ember \u00e9s \u2026<\/p><\/div><\/div><\/div><\/div><div class=\"o-posts-grid-post-blog o-posts-grid-post-plain\"><div class=\"o-posts-grid-post\"><div class=\"o-posts-grid-post-body is-full\"><h4 class=\"o-posts-grid-post-title\"><a href=\"https:\/\/arto.hu\/hu\/hamamanga-sonka-fejlesztes\/\">Trad\u00edci\u00f3 \u00e9s technol\u00f3gia k\u00e9z a k\u00e9zben \u2013 Sonkamester Kft. fejleszt\u00e9se az \u00c9LIP BFG programban<\/a><\/h4><div class=\"o-posts-grid-post-description\"><p>B\u00fcszk\u00e9n sz\u00e1molunk be r\u00f3la, hogy partner\u00fcnk, a Sonkamester Kft. sikeresen halad el\u0151re a 2024-es \u00c9LIP \u2026<\/p><\/div><\/div><\/div><\/div><div class=\"o-posts-grid-post-blog o-posts-grid-post-plain\"><div class=\"o-posts-grid-post\"><div class=\"o-posts-grid-post-body is-full\"><h4 class=\"o-posts-grid-post-title\"><a href=\"https:\/\/arto.hu\/hu\/adatkozpont-ev-akkumulator-napenergia-ai\/\">Napenergi\u00e1val m\u0171k\u00f6d\u0151 adatk\u00f6zpont haszn\u00e1lt EV-akkumul\u00e1torokkal \u2013 \u00faj korszak kezdete?<\/a><\/h4><div class=\"o-posts-grid-post-description\"><p>Redwood Materials bemutatta els\u0151 olyan mikror\u00e1cs\u00e1t (microgrid), amely haszn\u00e1lt elektromosaut\u00f3-akkumu\u2026<\/p><\/div><\/div><\/div><\/div><div class=\"o-posts-grid-post-blog o-posts-grid-post-plain\"><div class=\"o-posts-grid-post\"><div class=\"o-posts-grid-post-body is-full\"><h4 class=\"o-posts-grid-post-title\"><a href=\"https:\/\/arto.hu\/hu\/eic-accelerator-megnyilnak-a-kapuk-az-europai-innovacio-elott\/\">EIC Accelerator: Megny\u00edlnak a kapuk az eur\u00f3pai innov\u00e1ci\u00f3 el\u0151tt<\/a><\/h4><div class=\"o-posts-grid-post-description\"><p>Az Eur\u00f3pai Innov\u00e1ci\u00f3s Tan\u00e1cs (EIC) Accelerator programja 2024-ben is izgalmas lehet\u0151s\u00e9geket k\u00edn\u00e1lt a\u2026<\/p><\/div><\/div><\/div><\/div><\/div> <\/div>\n\n\n<div style=\"height:calc( 0.25 * var(--wp--style--root--padding-right, var(--wp--custom--gap--horizontal)))\" aria-hidden=\"true\" class=\"wp-block-spacer\"><\/div>\n<\/div>\n","protected":false},"excerpt":{"rendered":"","protected":false},"author":253070136,"featured_media":968,"parent":0,"menu_order":0,"comment_status":"closed","ping_status":"closed","template":"","meta":{"_crdt_document":"","_themeisle_gutenberg_block_has_review":false,"footnotes":""},"class_list":["post-42","page","type-page","status-publish","has-post-thumbnail","hentry"],"yoast_head":"<!-- This site is optimized with the Yoast SEO plugin v27.5 - https:\/\/yoast.com\/product\/yoast-seo-wordpress\/ -->\n<title>Arto Consulting Blog: P\u00e1ly\u00e1zati Tippek \u00e9s Friss H\u00edrek<\/title>\n<meta name=\"description\" content=\"Az Arto Consulting blogj\u00e1n p\u00e1ly\u00e1zati tippek, szakmai tan\u00e1csok \u00e9s friss h\u00edrek v\u00e1rj\u00e1k. Legyen naprak\u00e9sz a sikeres projektekhez!\" \/>\n<meta name=\"robots\" content=\"index, follow, max-snippet:-1, max-image-preview:large, max-video-preview:-1\" \/>\n<link rel=\"canonical\" href=\"https:\/\/arto.hu\/hu\/blog\/\" \/>\n<meta property=\"og:locale\" content=\"hu_HU\" \/>\n<meta property=\"og:type\" content=\"article\" \/>\n<meta property=\"og:title\" content=\"Arto Consulting Blog: P\u00e1ly\u00e1zati Tippek \u00e9s Friss H\u00edrek\" \/>\n<meta property=\"og:description\" content=\"Az Arto Consulting blogj\u00e1n p\u00e1ly\u00e1zati tippek, szakmai tan\u00e1csok \u00e9s friss h\u00edrek v\u00e1rj\u00e1k. Legyen naprak\u00e9sz a sikeres projektekhez!\" \/>\n<meta property=\"og:url\" content=\"https:\/\/arto.hu\/hu\/blog\/\" \/>\n<meta property=\"og:site_name\" content=\"Arto Consulting\" \/>\n<meta property=\"article:publisher\" content=\"https:\/\/www.facebook.com\/ArtoConsulting\/?locale=hu_HU\" \/>\n<meta property=\"article:modified_time\" content=\"2025-02-19T10:59:06+00:00\" \/>\n<meta property=\"og:image\" content=\"https:\/\/arto.hu\/wp-content\/uploads\/2024\/08\/Arto-Consulting_logo_Final-2.jpg\" \/>\n\t<meta property=\"og:image:width\" content=\"2480\" \/>\n\t<meta property=\"og:image:height\" content=\"1748\" \/>\n\t<meta property=\"og:image:type\" content=\"image\/jpeg\" \/>\n<meta name=\"twitter:card\" content=\"summary_large_image\" \/>\n<meta name=\"twitter:label1\" content=\"Becs\u00fclt olvas\u00e1si id\u0151\" \/>\n\t<meta name=\"twitter:data1\" content=\"1 perc\" \/>\n<script type=\"application\/ld+json\" class=\"yoast-schema-graph\">{\"@context\":\"https:\\\/\\\/schema.org\",\"@graph\":[{\"@type\":\"WebPage\",\"@id\":\"https:\\\/\\\/arto.hu\\\/blog\\\/\",\"url\":\"https:\\\/\\\/arto.hu\\\/blog\\\/\",\"name\":\"Arto Consulting Blog: P\u00e1ly\u00e1zati Tippek \u00e9s Friss H\u00edrek\",\"isPartOf\":{\"@id\":\"https:\\\/\\\/arto.hu\\\/#website\"},\"primaryImageOfPage\":{\"@id\":\"https:\\\/\\\/arto.hu\\\/blog\\\/#primaryimage\"},\"image\":{\"@id\":\"https:\\\/\\\/arto.hu\\\/blog\\\/#primaryimage\"},\"thumbnailUrl\":\"https:\\\/\\\/i0.wp.com\\\/arto.hu\\\/wp-content\\\/uploads\\\/2024\\\/08\\\/Arto-Consulting_logo_Final-2.jpg?fit=2048%2C1444&ssl=1\",\"datePublished\":\"2024-07-15T08:47:34+00:00\",\"dateModified\":\"2025-02-19T10:59:06+00:00\",\"description\":\"Az Arto Consulting blogj\u00e1n p\u00e1ly\u00e1zati tippek, szakmai tan\u00e1csok \u00e9s friss h\u00edrek v\u00e1rj\u00e1k. Legyen naprak\u00e9sz a sikeres projektekhez!\",\"breadcrumb\":{\"@id\":\"https:\\\/\\\/arto.hu\\\/blog\\\/#breadcrumb\"},\"inLanguage\":\"hu\",\"potentialAction\":[{\"@type\":\"ReadAction\",\"target\":[\"https:\\\/\\\/arto.hu\\\/blog\\\/\"]}]},{\"@type\":\"ImageObject\",\"inLanguage\":\"hu\",\"@id\":\"https:\\\/\\\/arto.hu\\\/blog\\\/#primaryimage\",\"url\":\"https:\\\/\\\/i0.wp.com\\\/arto.hu\\\/wp-content\\\/uploads\\\/2024\\\/08\\\/Arto-Consulting_logo_Final-2.jpg?fit=2048%2C1444&ssl=1\",\"contentUrl\":\"https:\\\/\\\/i0.wp.com\\\/arto.hu\\\/wp-content\\\/uploads\\\/2024\\\/08\\\/Arto-Consulting_logo_Final-2.jpg?fit=2048%2C1444&ssl=1\",\"width\":2048,\"height\":1444},{\"@type\":\"BreadcrumbList\",\"@id\":\"https:\\\/\\\/arto.hu\\\/blog\\\/#breadcrumb\",\"itemListElement\":[{\"@type\":\"ListItem\",\"position\":1,\"name\":\"Kezd\u0151lap\",\"item\":\"https:\\\/\\\/arto.hu\\\/\"},{\"@type\":\"ListItem\",\"position\":2,\"name\":\"Blog\"}]},{\"@type\":\"WebSite\",\"@id\":\"https:\\\/\\\/arto.hu\\\/#website\",\"url\":\"https:\\\/\\\/arto.hu\\\/\",\"name\":\"Arto Consulting\",\"description\":\"Arto P\u00e1ly\u00e1zatir\u00e1s\",\"publisher\":{\"@id\":\"https:\\\/\\\/arto.hu\\\/#organization\"},\"potentialAction\":[{\"@type\":\"SearchAction\",\"target\":{\"@type\":\"EntryPoint\",\"urlTemplate\":\"https:\\\/\\\/arto.hu\\\/?s={search_term_string}\"},\"query-input\":{\"@type\":\"PropertyValueSpecification\",\"valueRequired\":true,\"valueName\":\"search_term_string\"}}],\"inLanguage\":\"hu\"},{\"@type\":\"Organization\",\"@id\":\"https:\\\/\\\/arto.hu\\\/#organization\",\"name\":\"Arto Consulting\",\"url\":\"https:\\\/\\\/arto.hu\\\/\",\"logo\":{\"@type\":\"ImageObject\",\"inLanguage\":\"hu\",\"@id\":\"https:\\\/\\\/arto.hu\\\/#\\\/schema\\\/logo\\\/image\\\/\",\"url\":\"https:\\\/\\\/i0.wp.com\\\/arto.hu\\\/wp-content\\\/uploads\\\/2024\\\/11\\\/ARTO-VEGLEGES-edited.png?fit=827%2C583&ssl=1\",\"contentUrl\":\"https:\\\/\\\/i0.wp.com\\\/arto.hu\\\/wp-content\\\/uploads\\\/2024\\\/11\\\/ARTO-VEGLEGES-edited.png?fit=827%2C583&ssl=1\",\"width\":827,\"height\":583,\"caption\":\"Arto Consulting\"},\"image\":{\"@id\":\"https:\\\/\\\/arto.hu\\\/#\\\/schema\\\/logo\\\/image\\\/\"},\"sameAs\":[\"https:\\\/\\\/www.facebook.com\\\/ArtoConsulting\\\/?locale=hu_HU\"]}]}<\/script>\n<!-- \/ Yoast SEO plugin. -->","yoast_head_json":{"title":"Arto Consulting Blog: P\u00e1ly\u00e1zati Tippek \u00e9s Friss H\u00edrek","description":"Az Arto Consulting blogj\u00e1n p\u00e1ly\u00e1zati tippek, szakmai tan\u00e1csok \u00e9s friss h\u00edrek v\u00e1rj\u00e1k. Legyen naprak\u00e9sz a sikeres projektekhez!","robots":{"index":"index","follow":"follow","max-snippet":"max-snippet:-1","max-image-preview":"max-image-preview:large","max-video-preview":"max-video-preview:-1"},"canonical":"https:\/\/arto.hu\/hu\/blog\/","og_locale":"hu_HU","og_type":"article","og_title":"Arto Consulting Blog: P\u00e1ly\u00e1zati Tippek \u00e9s Friss H\u00edrek","og_description":"Az Arto Consulting blogj\u00e1n p\u00e1ly\u00e1zati tippek, szakmai tan\u00e1csok \u00e9s friss h\u00edrek v\u00e1rj\u00e1k. Legyen naprak\u00e9sz a sikeres projektekhez!","og_url":"https:\/\/arto.hu\/hu\/blog\/","og_site_name":"Arto Consulting","article_publisher":"https:\/\/www.facebook.com\/ArtoConsulting\/?locale=hu_HU","article_modified_time":"2025-02-19T10:59:06+00:00","og_image":[{"width":2480,"height":1748,"url":"https:\/\/arto.hu\/wp-content\/uploads\/2024\/08\/Arto-Consulting_logo_Final-2.jpg","type":"image\/jpeg"}],"twitter_card":"summary_large_image","twitter_misc":{"Becs\u00fclt olvas\u00e1si id\u0151":"1 perc"},"schema":{"@context":"https:\/\/schema.org","@graph":[{"@type":"WebPage","@id":"https:\/\/arto.hu\/blog\/","url":"https:\/\/arto.hu\/blog\/","name":"Arto Consulting Blog: P\u00e1ly\u00e1zati Tippek \u00e9s Friss H\u00edrek","isPartOf":{"@id":"https:\/\/arto.hu\/#website"},"primaryImageOfPage":{"@id":"https:\/\/arto.hu\/blog\/#primaryimage"},"image":{"@id":"https:\/\/arto.hu\/blog\/#primaryimage"},"thumbnailUrl":"https:\/\/i0.wp.com\/arto.hu\/wp-content\/uploads\/2024\/08\/Arto-Consulting_logo_Final-2.jpg?fit=2048%2C1444&ssl=1","datePublished":"2024-07-15T08:47:34+00:00","dateModified":"2025-02-19T10:59:06+00:00","description":"Az Arto Consulting blogj\u00e1n p\u00e1ly\u00e1zati tippek, szakmai tan\u00e1csok \u00e9s friss h\u00edrek v\u00e1rj\u00e1k. Legyen naprak\u00e9sz a sikeres projektekhez!","breadcrumb":{"@id":"https:\/\/arto.hu\/blog\/#breadcrumb"},"inLanguage":"hu","potentialAction":[{"@type":"ReadAction","target":["https:\/\/arto.hu\/blog\/"]}]},{"@type":"ImageObject","inLanguage":"hu","@id":"https:\/\/arto.hu\/blog\/#primaryimage","url":"https:\/\/i0.wp.com\/arto.hu\/wp-content\/uploads\/2024\/08\/Arto-Consulting_logo_Final-2.jpg?fit=2048%2C1444&ssl=1","contentUrl":"https:\/\/i0.wp.com\/arto.hu\/wp-content\/uploads\/2024\/08\/Arto-Consulting_logo_Final-2.jpg?fit=2048%2C1444&ssl=1","width":2048,"height":1444},{"@type":"BreadcrumbList","@id":"https:\/\/arto.hu\/blog\/#breadcrumb","itemListElement":[{"@type":"ListItem","position":1,"name":"Kezd\u0151lap","item":"https:\/\/arto.hu\/"},{"@type":"ListItem","position":2,"name":"Blog"}]},{"@type":"WebSite","@id":"https:\/\/arto.hu\/#website","url":"https:\/\/arto.hu\/","name":"Arto Consulting","description":"Arto P\u00e1ly\u00e1zatir\u00e1s","publisher":{"@id":"https:\/\/arto.hu\/#organization"},"potentialAction":[{"@type":"SearchAction","target":{"@type":"EntryPoint","urlTemplate":"https:\/\/arto.hu\/?s={search_term_string}"},"query-input":{"@type":"PropertyValueSpecification","valueRequired":true,"valueName":"search_term_string"}}],"inLanguage":"hu"},{"@type":"Organization","@id":"https:\/\/arto.hu\/#organization","name":"Arto Consulting","url":"https:\/\/arto.hu\/","logo":{"@type":"ImageObject","inLanguage":"hu","@id":"https:\/\/arto.hu\/#\/schema\/logo\/image\/","url":"https:\/\/i0.wp.com\/arto.hu\/wp-content\/uploads\/2024\/11\/ARTO-VEGLEGES-edited.png?fit=827%2C583&ssl=1","contentUrl":"https:\/\/i0.wp.com\/arto.hu\/wp-content\/uploads\/2024\/11\/ARTO-VEGLEGES-edited.png?fit=827%2C583&ssl=1","width":827,"height":583,"caption":"Arto Consulting"},"image":{"@id":"https:\/\/arto.hu\/#\/schema\/logo\/image\/"},"sameAs":["https:\/\/www.facebook.com\/ArtoConsulting\/?locale=hu_HU"]}]}},"jetpack_likes_enabled":true,"jetpack_sharing_enabled":true,"jetpack_shortlink":"https:\/\/wp.me\/PfTTDI-G","jetpack-related-posts":[],"_links":{"self":[{"href":"https:\/\/arto.hu\/hu\/wp-json\/wp\/v2\/pages\/42","targetHints":{"allow":["GET"]}}],"collection":[{"href":"https:\/\/arto.hu\/hu\/wp-json\/wp\/v2\/pages"}],"about":[{"href":"https:\/\/arto.hu\/hu\/wp-json\/wp\/v2\/types\/page"}],"author":[{"embeddable":true,"href":"https:\/\/arto.hu\/hu\/wp-json\/wp\/v2\/users\/253070136"}],"replies":[{"embeddable":true,"href":"https:\/\/arto.hu\/hu\/wp-json\/wp\/v2\/comments?post=42"}],"version-history":[{"count":0,"href":"https:\/\/arto.hu\/hu\/wp-json\/wp\/v2\/pages\/42\/revisions"}],"wp:featuredmedia":[{"embeddable":true,"href":"https:\/\/arto.hu\/hu\/wp-json\/wp\/v2\/media\/968"}],"wp:attachment":[{"href":"https:\/\/arto.hu\/hu\/wp-json\/wp\/v2\/media?parent=42"}],"curies":[{"name":"wp","href":"https:\/\/api.w.org\/{rel}","templated":true}]}}