{"id":657,"date":"2024-08-26T15:36:32","date_gmt":"2024-08-26T13:36:32","guid":{"rendered":"https:\/\/arto.hu\/?page_id=657"},"modified":"2025-11-25T14:22:23","modified_gmt":"2025-11-25T13:22:23","slug":"piackutatas","status":"publish","type":"page","link":"https:\/\/arto.hu\/hu\/piackutatas\/","title":{"rendered":"Piackutat\u00e1s: Trendek \u00e9s felhaszn\u00e1l\u00f3i ig\u00e9nyek"},"content":{"rendered":"\n<div class=\"wp-block-group alignfull is-style-default has-custom-prussian-blue-background-color has-background is-layout-constrained wp-block-group-is-layout-constrained\" style=\"margin-top:0;margin-bottom:0\">\n<div style=\"height:1.5rem;width:0px\" aria-hidden=\"true\" class=\"wp-block-spacer\"><\/div>\n\n\n\n<div class=\"wp-block-columns alignwide is-layout-flex wp-container-core-columns-is-layout-b686ca54 wp-block-columns-is-layout-flex\">\n<div class=\"wp-block-column is-vertically-aligned-center is-layout-flow wp-container-core-column-is-layout-9c94dc9e wp-block-column-is-layout-flow\" style=\"flex-basis:30%\">\n<h2 class=\"wp-block-heading has-white-color has-text-color has-link-color wp-elements-95b456250f85242a87fb323deed775a8\">Piackutat\u00e1s<\/h2>\n<\/div>\n\n\n\n<div class=\"wp-block-column is-layout-flow wp-block-column-is-layout-flow\" style=\"flex-basis:33.33%\">\n<figure class=\"wp-block-image size-large\"><img data-recalc-dims=\"1\" decoding=\"async\" width=\"683\" height=\"1024\" data-attachment-id=\"3776\" data-permalink=\"https:\/\/arto.hu\/hu\/piackutatas\/piackutatas-3\/\" data-orig-file=\"https:\/\/i0.wp.com\/arto.hu\/wp-content\/uploads\/2025\/11\/piackutatas.png?fit=1024%2C1536&amp;ssl=1\" data-orig-size=\"1024,1536\" data-comments-opened=\"1\" data-image-meta=\"{&quot;aperture&quot;:&quot;0&quot;,&quot;credit&quot;:&quot;&quot;,&quot;camera&quot;:&quot;&quot;,&quot;caption&quot;:&quot;&quot;,&quot;created_timestamp&quot;:&quot;0&quot;,&quot;copyright&quot;:&quot;&quot;,&quot;focal_length&quot;:&quot;0&quot;,&quot;iso&quot;:&quot;0&quot;,&quot;shutter_speed&quot;:&quot;0&quot;,&quot;title&quot;:&quot;&quot;,&quot;orientation&quot;:&quot;0&quot;}\" data-image-title=\"piackutat\u00e1s\" data-image-description=\"\" data-image-caption=\"\" data-large-file=\"https:\/\/i0.wp.com\/arto.hu\/wp-content\/uploads\/2025\/11\/piackutatas.png?fit=683%2C1024&amp;ssl=1\" src=\"https:\/\/i0.wp.com\/arto.hu\/wp-content\/uploads\/2025\/11\/piackutatas.png?resize=683%2C1024&#038;ssl=1\" alt=\"\" class=\"wp-image-3776\" style=\"aspect-ratio:2\/3;object-fit:cover\" srcset=\"https:\/\/i0.wp.com\/arto.hu\/wp-content\/uploads\/2025\/11\/piackutatas.png?resize=683%2C1024&amp;ssl=1 683w, https:\/\/i0.wp.com\/arto.hu\/wp-content\/uploads\/2025\/11\/piackutatas.png?resize=200%2C300&amp;ssl=1 200w, https:\/\/i0.wp.com\/arto.hu\/wp-content\/uploads\/2025\/11\/piackutatas.png?resize=768%2C1152&amp;ssl=1 768w, https:\/\/i0.wp.com\/arto.hu\/wp-content\/uploads\/2025\/11\/piackutatas.png?resize=8%2C12&amp;ssl=1 8w, https:\/\/i0.wp.com\/arto.hu\/wp-content\/uploads\/2025\/11\/piackutatas.png?w=1024&amp;ssl=1 1024w\" sizes=\"(max-width: 683px) 100vw, 683px\" \/><\/figure>\n<\/div>\n\n\n\n<div class=\"wp-block-column is-layout-flow wp-block-column-is-layout-flow\" style=\"flex-basis:36.67%\">\n<blockquote class=\"wp-block-quote has-text-align-left alignleft has-white-color has-text-color has-link-color wp-elements-940a60459a91e136cc499b3316c80ed4 is-layout-flow wp-block-quote-is-layout-flow\">\n<p class=\"has-text-align-left has-white-color has-text-color has-link-color wp-elements-078c62b1bab4f91326ead6efa23a6f8b wp-block-paragraph\">A <strong>piackutat\u00e1s<\/strong> kulcsszerepet t\u00f6lt be az <strong>innov\u00e1ci\u00f3s projektek<\/strong> siker\u00e9ben, mivel lehet\u0151v\u00e9 teszi a <strong>kutat\u00e1si eredm\u00e9nyek<\/strong> \u00e9s <strong>fejleszt\u00e9sek<\/strong> \u00f6sszehangol\u00e1s\u00e1t a <strong>piaci ig\u00e9nyekkel<\/strong> \u00e9s <strong>trendekkel<\/strong>.<\/p>\n\n\n\n<p class=\"wp-block-paragraph\">Az Arto Consulting piackutat\u00e1si szolg\u00e1ltat\u00e1sai c\u00e9lja, hogy r\u00e9szletes \u00e9s megb\u00edzhat\u00f3 k\u00e9pet ny\u00fajtsanak \u00fcgyfeleink sz\u00e1m\u00e1ra a <strong>versenyk\u00f6rnyezetr\u0151l<\/strong>, a <strong>piaci trendekr\u0151l<\/strong>, valamint a <strong>felhaszn\u00e1l\u00f3i elv\u00e1r\u00e1sokr\u00f3l<\/strong> \u00e9s ig\u00e9nyekr\u0151l.<\/p>\n\n\n\n<p class=\"wp-block-paragraph\">K\u00fcl\u00f6nf\u00e9le <strong>kutat\u00e1si m\u00f3dszereket<\/strong> alkalmazunk \u2013 k\u00e9rd\u0151\u00edvek, interj\u00fak, kvalitat\u00edv \u00e9s kvantitat\u00edv elemz\u00e9sek \u2013 annak \u00e9rdek\u00e9ben, hogy <strong>adatalap\u00fa d\u00f6nt\u00e9shozatalt<\/strong> t\u00e1mogassunk.<\/p>\n\n\n\n<p class=\"wp-block-paragraph\">Elemz\u00e9seink nemcsak a piac jelenlegi \u00e1llapot\u00e1t t\u00e9rk\u00e9pezik fel, hanem a <strong>K+F projektek<\/strong> <strong>\u00fczleti \u00e9s t\u00e1rsadalmi potenci\u00e1lj\u00e1t<\/strong> is. Vizsg\u00e1ljuk, hogy az \u00faj <strong>technol\u00f3gi\u00e1k<\/strong> \u00e9s <strong>innovat\u00edv megold\u00e1sok<\/strong> mennyiben felelnek meg a piaci \u00e9s felhaszn\u00e1l\u00f3i elv\u00e1r\u00e1soknak.<\/p>\n\n\n\n<p class=\"has-text-align-left has-white-color has-text-color has-link-color wp-elements-9ae74efc433d6e961cc3e338fe11ccba wp-block-paragraph\">C\u00e9lunk, hogy partnereink sz\u00e1m\u00e1ra olyan <strong>fenntarthat\u00f3 \u00e9s versenyk\u00e9pes megold\u00e1sokat<\/strong> biztos\u00edtsunk, amelyek hozz\u00e1j\u00e1rulnak a hossz\u00fa t\u00e1v\u00fa sikerhez a gyorsan v\u00e1ltoz\u00f3 piaci k\u00f6rnyezetben.<\/p>\n<\/blockquote>\n<\/div>\n<\/div>\n\n\n\n<div style=\"height:1.5rem;width:0px\" aria-hidden=\"true\" class=\"wp-block-spacer\"><\/div>\n<\/div>\n\n\n\n<p class=\"wp-block-paragraph\"><\/p>\n","protected":false},"excerpt":{"rendered":"<p>Piackutat\u00e1s A piackutat\u00e1s kulcsszerepet t\u00f6lt be az innov\u00e1ci\u00f3s projektek siker\u00e9ben, mivel lehet\u0151v\u00e9 teszi a kutat\u00e1si eredm\u00e9nyek \u00e9s fejleszt\u00e9sek \u00f6sszehangol\u00e1s\u00e1t a piaci ig\u00e9nyekkel \u00e9s trendekkel. Az Arto Consulting piackutat\u00e1si szolg\u00e1ltat\u00e1sai c\u00e9lja, hogy r\u00e9szletes \u00e9s megb\u00edzhat\u00f3 k\u00e9pet ny\u00fajtsanak \u00fcgyfeleink sz\u00e1m\u00e1ra a versenyk\u00f6rnyezetr\u0151l, a piaci trendekr\u0151l, valamint a felhaszn\u00e1l\u00f3i elv\u00e1r\u00e1sokr\u00f3l \u00e9s ig\u00e9nyekr\u0151l. K\u00fcl\u00f6nf\u00e9le kutat\u00e1si m\u00f3dszereket alkalmazunk \u2013 k\u00e9rd\u0151\u00edvek, interj\u00fak, kvalitat\u00edv \u00e9s kvantitat\u00edv elemz\u00e9sek \u2013 annak \u00e9rdek\u00e9ben, hogy adatalap\u00fa d\u00f6nt\u00e9shozatalt t\u00e1mogassunk. Elemz\u00e9seink nemcsak a piac jelenlegi \u00e1llapot\u00e1t t\u00e9rk\u00e9pezik fel, hanem a K+F projektek \u00fczleti \u00e9s t\u00e1rsadalmi potenci\u00e1lj\u00e1t is. Vizsg\u00e1ljuk, hogy az \u00faj technol\u00f3gi\u00e1k \u00e9s innovat\u00edv megold\u00e1sok mennyiben felelnek meg a piaci \u00e9s felhaszn\u00e1l\u00f3i elv\u00e1r\u00e1soknak.<\/p>\n","protected":false},"author":253070136,"featured_media":0,"parent":0,"menu_order":0,"comment_status":"closed","ping_status":"closed","template":"","meta":{"_crdt_document":"","_themeisle_gutenberg_block_has_review":false,"footnotes":""},"class_list":["post-657","page","type-page","status-publish","hentry"],"yoast_head":"<!-- This site is optimized with the Yoast SEO plugin v27.5 - https:\/\/yoast.com\/product\/yoast-seo-wordpress\/ -->\n<title>Piackutat\u00e1s: Trendek \u00e9s Felhaszn\u00e1l\u00f3i Ig\u00e9nyek \u2013 Arto Consulting<\/title>\n<meta name=\"description\" content=\"Fedezze fel, hogyan t\u00e1rja fel a piackutat\u00e1s a trendeket \u00e9s felhaszn\u00e1l\u00f3i ig\u00e9nyeket. Arto Consulting \u2013 megold\u00e1sok az \u00fczleti sikerhez.\" \/>\n<meta name=\"robots\" content=\"index, follow, max-snippet:-1, max-image-preview:large, max-video-preview:-1\" \/>\n<link rel=\"canonical\" href=\"https:\/\/arto.hu\/hu\/piackutatas\/\" \/>\n<meta property=\"og:locale\" content=\"hu_HU\" \/>\n<meta property=\"og:type\" content=\"article\" \/>\n<meta property=\"og:title\" content=\"Piackutat\u00e1s: Trendek \u00e9s Felhaszn\u00e1l\u00f3i Ig\u00e9nyek \u2013 Arto Consulting\" \/>\n<meta property=\"og:description\" content=\"Fedezze fel, hogyan t\u00e1rja fel a piackutat\u00e1s a trendeket \u00e9s felhaszn\u00e1l\u00f3i ig\u00e9nyeket. Arto Consulting \u2013 megold\u00e1sok az \u00fczleti sikerhez.\" \/>\n<meta property=\"og:url\" content=\"https:\/\/arto.hu\/hu\/piackutatas\/\" \/>\n<meta property=\"og:site_name\" content=\"Arto Consulting\" \/>\n<meta property=\"article:publisher\" content=\"https:\/\/www.facebook.com\/ArtoConsulting\/?locale=hu_HU\" \/>\n<meta property=\"article:modified_time\" content=\"2025-11-25T13:22:23+00:00\" \/>\n<meta property=\"og:image\" content=\"https:\/\/arto.hu\/wp-content\/uploads\/2025\/11\/piackutatas-683x1024.png\" \/>\n<meta name=\"twitter:card\" content=\"summary_large_image\" \/>\n<meta name=\"twitter:label1\" content=\"Becs\u00fclt olvas\u00e1si id\u0151\" \/>\n\t<meta name=\"twitter:data1\" content=\"1 perc\" \/>\n<script type=\"application\/ld+json\" class=\"yoast-schema-graph\">{\"@context\":\"https:\\\/\\\/schema.org\",\"@graph\":[{\"@type\":\"WebPage\",\"@id\":\"https:\\\/\\\/arto.hu\\\/piackutatas\\\/\",\"url\":\"https:\\\/\\\/arto.hu\\\/piackutatas\\\/\",\"name\":\"Piackutat\u00e1s: Trendek \u00e9s Felhaszn\u00e1l\u00f3i Ig\u00e9nyek \u2013 Arto Consulting\",\"isPartOf\":{\"@id\":\"https:\\\/\\\/arto.hu\\\/#website\"},\"primaryImageOfPage\":{\"@id\":\"https:\\\/\\\/arto.hu\\\/piackutatas\\\/#primaryimage\"},\"image\":{\"@id\":\"https:\\\/\\\/arto.hu\\\/piackutatas\\\/#primaryimage\"},\"thumbnailUrl\":\"https:\\\/\\\/arto.hu\\\/wp-content\\\/uploads\\\/2025\\\/11\\\/piackutatas-683x1024.png\",\"datePublished\":\"2024-08-26T13:36:32+00:00\",\"dateModified\":\"2025-11-25T13:22:23+00:00\",\"description\":\"Fedezze fel, hogyan t\u00e1rja fel a piackutat\u00e1s a trendeket \u00e9s felhaszn\u00e1l\u00f3i ig\u00e9nyeket. Arto Consulting \u2013 megold\u00e1sok az \u00fczleti sikerhez.\",\"breadcrumb\":{\"@id\":\"https:\\\/\\\/arto.hu\\\/piackutatas\\\/#breadcrumb\"},\"inLanguage\":\"hu\",\"potentialAction\":[{\"@type\":\"ReadAction\",\"target\":[\"https:\\\/\\\/arto.hu\\\/piackutatas\\\/\"]}]},{\"@type\":\"ImageObject\",\"inLanguage\":\"hu\",\"@id\":\"https:\\\/\\\/arto.hu\\\/piackutatas\\\/#primaryimage\",\"url\":\"https:\\\/\\\/arto.hu\\\/wp-content\\\/uploads\\\/2025\\\/11\\\/piackutatas-683x1024.png\",\"contentUrl\":\"https:\\\/\\\/arto.hu\\\/wp-content\\\/uploads\\\/2025\\\/11\\\/piackutatas-683x1024.png\"},{\"@type\":\"BreadcrumbList\",\"@id\":\"https:\\\/\\\/arto.hu\\\/piackutatas\\\/#breadcrumb\",\"itemListElement\":[{\"@type\":\"ListItem\",\"position\":1,\"name\":\"Kezd\u0151lap\",\"item\":\"https:\\\/\\\/arto.hu\\\/\"},{\"@type\":\"ListItem\",\"position\":2,\"name\":\"Piackutat\u00e1s: Trendek \u00e9s felhaszn\u00e1l\u00f3i ig\u00e9nyek\"}]},{\"@type\":\"WebSite\",\"@id\":\"https:\\\/\\\/arto.hu\\\/#website\",\"url\":\"https:\\\/\\\/arto.hu\\\/\",\"name\":\"Arto Consulting\",\"description\":\"Arto P\u00e1ly\u00e1zatir\u00e1s\",\"publisher\":{\"@id\":\"https:\\\/\\\/arto.hu\\\/#organization\"},\"potentialAction\":[{\"@type\":\"SearchAction\",\"target\":{\"@type\":\"EntryPoint\",\"urlTemplate\":\"https:\\\/\\\/arto.hu\\\/?s={search_term_string}\"},\"query-input\":{\"@type\":\"PropertyValueSpecification\",\"valueRequired\":true,\"valueName\":\"search_term_string\"}}],\"inLanguage\":\"hu\"},{\"@type\":\"Organization\",\"@id\":\"https:\\\/\\\/arto.hu\\\/#organization\",\"name\":\"Arto Consulting\",\"url\":\"https:\\\/\\\/arto.hu\\\/\",\"logo\":{\"@type\":\"ImageObject\",\"inLanguage\":\"hu\",\"@id\":\"https:\\\/\\\/arto.hu\\\/#\\\/schema\\\/logo\\\/image\\\/\",\"url\":\"https:\\\/\\\/i0.wp.com\\\/arto.hu\\\/wp-content\\\/uploads\\\/2024\\\/11\\\/ARTO-VEGLEGES-edited.png?fit=827%2C583&ssl=1\",\"contentUrl\":\"https:\\\/\\\/i0.wp.com\\\/arto.hu\\\/wp-content\\\/uploads\\\/2024\\\/11\\\/ARTO-VEGLEGES-edited.png?fit=827%2C583&ssl=1\",\"width\":827,\"height\":583,\"caption\":\"Arto Consulting\"},\"image\":{\"@id\":\"https:\\\/\\\/arto.hu\\\/#\\\/schema\\\/logo\\\/image\\\/\"},\"sameAs\":[\"https:\\\/\\\/www.facebook.com\\\/ArtoConsulting\\\/?locale=hu_HU\"]}]}<\/script>\n<!-- \/ Yoast SEO plugin. -->","yoast_head_json":{"title":"Piackutat\u00e1s: Trendek \u00e9s Felhaszn\u00e1l\u00f3i Ig\u00e9nyek \u2013 Arto Consulting","description":"Fedezze fel, hogyan t\u00e1rja fel a piackutat\u00e1s a trendeket \u00e9s felhaszn\u00e1l\u00f3i ig\u00e9nyeket. Arto Consulting \u2013 megold\u00e1sok az \u00fczleti sikerhez.","robots":{"index":"index","follow":"follow","max-snippet":"max-snippet:-1","max-image-preview":"max-image-preview:large","max-video-preview":"max-video-preview:-1"},"canonical":"https:\/\/arto.hu\/hu\/piackutatas\/","og_locale":"hu_HU","og_type":"article","og_title":"Piackutat\u00e1s: Trendek \u00e9s Felhaszn\u00e1l\u00f3i Ig\u00e9nyek \u2013 Arto Consulting","og_description":"Fedezze fel, hogyan t\u00e1rja fel a piackutat\u00e1s a trendeket \u00e9s felhaszn\u00e1l\u00f3i ig\u00e9nyeket. Arto Consulting \u2013 megold\u00e1sok az \u00fczleti sikerhez.","og_url":"https:\/\/arto.hu\/hu\/piackutatas\/","og_site_name":"Arto Consulting","article_publisher":"https:\/\/www.facebook.com\/ArtoConsulting\/?locale=hu_HU","article_modified_time":"2025-11-25T13:22:23+00:00","og_image":[{"url":"https:\/\/arto.hu\/wp-content\/uploads\/2025\/11\/piackutatas-683x1024.png","type":"","width":"","height":""}],"twitter_card":"summary_large_image","twitter_misc":{"Becs\u00fclt olvas\u00e1si id\u0151":"1 perc"},"schema":{"@context":"https:\/\/schema.org","@graph":[{"@type":"WebPage","@id":"https:\/\/arto.hu\/piackutatas\/","url":"https:\/\/arto.hu\/piackutatas\/","name":"Piackutat\u00e1s: Trendek \u00e9s Felhaszn\u00e1l\u00f3i Ig\u00e9nyek \u2013 Arto Consulting","isPartOf":{"@id":"https:\/\/arto.hu\/#website"},"primaryImageOfPage":{"@id":"https:\/\/arto.hu\/piackutatas\/#primaryimage"},"image":{"@id":"https:\/\/arto.hu\/piackutatas\/#primaryimage"},"thumbnailUrl":"https:\/\/arto.hu\/wp-content\/uploads\/2025\/11\/piackutatas-683x1024.png","datePublished":"2024-08-26T13:36:32+00:00","dateModified":"2025-11-25T13:22:23+00:00","description":"Fedezze fel, hogyan t\u00e1rja fel a piackutat\u00e1s a trendeket \u00e9s felhaszn\u00e1l\u00f3i ig\u00e9nyeket. Arto Consulting \u2013 megold\u00e1sok az \u00fczleti sikerhez.","breadcrumb":{"@id":"https:\/\/arto.hu\/piackutatas\/#breadcrumb"},"inLanguage":"hu","potentialAction":[{"@type":"ReadAction","target":["https:\/\/arto.hu\/piackutatas\/"]}]},{"@type":"ImageObject","inLanguage":"hu","@id":"https:\/\/arto.hu\/piackutatas\/#primaryimage","url":"https:\/\/arto.hu\/wp-content\/uploads\/2025\/11\/piackutatas-683x1024.png","contentUrl":"https:\/\/arto.hu\/wp-content\/uploads\/2025\/11\/piackutatas-683x1024.png"},{"@type":"BreadcrumbList","@id":"https:\/\/arto.hu\/piackutatas\/#breadcrumb","itemListElement":[{"@type":"ListItem","position":1,"name":"Kezd\u0151lap","item":"https:\/\/arto.hu\/"},{"@type":"ListItem","position":2,"name":"Piackutat\u00e1s: Trendek \u00e9s felhaszn\u00e1l\u00f3i ig\u00e9nyek"}]},{"@type":"WebSite","@id":"https:\/\/arto.hu\/#website","url":"https:\/\/arto.hu\/","name":"Arto Consulting","description":"Arto P\u00e1ly\u00e1zatir\u00e1s","publisher":{"@id":"https:\/\/arto.hu\/#organization"},"potentialAction":[{"@type":"SearchAction","target":{"@type":"EntryPoint","urlTemplate":"https:\/\/arto.hu\/?s={search_term_string}"},"query-input":{"@type":"PropertyValueSpecification","valueRequired":true,"valueName":"search_term_string"}}],"inLanguage":"hu"},{"@type":"Organization","@id":"https:\/\/arto.hu\/#organization","name":"Arto Consulting","url":"https:\/\/arto.hu\/","logo":{"@type":"ImageObject","inLanguage":"hu","@id":"https:\/\/arto.hu\/#\/schema\/logo\/image\/","url":"https:\/\/i0.wp.com\/arto.hu\/wp-content\/uploads\/2024\/11\/ARTO-VEGLEGES-edited.png?fit=827%2C583&ssl=1","contentUrl":"https:\/\/i0.wp.com\/arto.hu\/wp-content\/uploads\/2024\/11\/ARTO-VEGLEGES-edited.png?fit=827%2C583&ssl=1","width":827,"height":583,"caption":"Arto Consulting"},"image":{"@id":"https:\/\/arto.hu\/#\/schema\/logo\/image\/"},"sameAs":["https:\/\/www.facebook.com\/ArtoConsulting\/?locale=hu_HU"]}]}},"jetpack_likes_enabled":true,"jetpack_sharing_enabled":true,"jetpack_shortlink":"https:\/\/wp.me\/PfTTDI-aB","jetpack-related-posts":[],"_links":{"self":[{"href":"https:\/\/arto.hu\/hu\/wp-json\/wp\/v2\/pages\/657","targetHints":{"allow":["GET"]}}],"collection":[{"href":"https:\/\/arto.hu\/hu\/wp-json\/wp\/v2\/pages"}],"about":[{"href":"https:\/\/arto.hu\/hu\/wp-json\/wp\/v2\/types\/page"}],"author":[{"embeddable":true,"href":"https:\/\/arto.hu\/hu\/wp-json\/wp\/v2\/users\/253070136"}],"replies":[{"embeddable":true,"href":"https:\/\/arto.hu\/hu\/wp-json\/wp\/v2\/comments?post=657"}],"version-history":[{"count":0,"href":"https:\/\/arto.hu\/hu\/wp-json\/wp\/v2\/pages\/657\/revisions"}],"wp:attachment":[{"href":"https:\/\/arto.hu\/hu\/wp-json\/wp\/v2\/media?parent=657"}],"curies":[{"name":"wp","href":"https:\/\/api.w.org\/{rel}","templated":true}]}}