{"id":2329,"date":"2024-11-26T12:13:13","date_gmt":"2024-11-26T11:13:13","guid":{"rendered":"https:\/\/arto.hu\/?page_id=2329"},"modified":"2024-12-07T17:46:05","modified_gmt":"2024-12-07T16:46:05","slug":"%d0%b0%d1%81%d1%84%d0%b0%d0%bb%d1%82%d0%bd%d0%b8-%d0%bf%d1%83%d1%82","status":"publish","type":"page","link":"https:\/\/arto.hu\/sr\/aszf-arto\/","title":{"rendered":"\u041e\u043f\u0448\u0442\u0438 \u0443\u0441\u043b\u043e\u0432\u0438 \u043f\u043e\u0441\u043b\u043e\u0432\u0430\u045a\u0430 \u2013 \u0410\u0440\u0442\u043e \u0426\u043e\u043d\u0441\u0443\u043b\u0442\u0438\u043d\u0433"},"content":{"rendered":"<h4 id=\"wp-block-themeisle-blocks-advanced-heading-946d3b42\" class=\"wp-block-themeisle-blocks-advanced-heading wp-block-themeisle-blocks-advanced-heading-946d3b42\">\u0423 \u043d\u0430\u0441\u0442\u0430\u0432\u043a\u0443 \u043f\u0440\u0435\u0434\u0441\u0442\u0430\u0432\u0459\u0430\u043c\u043e \u0410\u0440\u0442\u043e \u0426\u043e\u043d\u0441\u0443\u043b\u0442\u0438\u043d\u0433 \u041b\u0442\u0434. \u041e\u043f\u0448\u0442\u0435 \u043e\u0434\u0440\u0435\u0434\u0431\u0435 \u0438 \u0443\u0441\u043b\u043e\u0432\u0435 (\u041e\u0423) \u0437\u0430 \u0432\u0435\u0431 \u043b\u043e\u043a\u0430\u0446\u0438\u0458\u0443 <br><\/h4>\n\n\n\n<p class=\"wp-block-paragraph\"><strong>\u041e\u043f\u0448\u0442\u0438 \u0443\u0441\u043b\u043e\u0432\u0438 \u0438 \u043e\u0434\u0440\u0435\u0434\u0431\u0435 (\u041e\u0423)<\/strong> <\/p>\n\n\n\n<p class=\"has-white-color has-text-color has-link-color wp-elements-a2fd88c658190a251dae46f32e05d3e2 wp-block-paragraph\"><strong>1. \u0423\u0432\u043e\u0434<\/strong><br>\u041e\u0432\u0438 \u041e\u043f\u0448\u0442\u0438 \u0443\u0441\u043b\u043e\u0432\u0438 \u043f\u043e\u0441\u043b\u043e\u0432\u0430\u045a\u0430 \u0410\u0440\u0442\u043e \u0426\u043e\u043d\u0441\u0443\u043b\u0442\u0438\u043d\u0433 \u041a\u0444\u0442. (\u0441\u0435\u0434\u0438\u0448\u0442\u0435: 2045 \u0411\u0443\u0434\u0430\u043e\u0440\u0441. \u041a\u0430\u0440\u043e\u043b\u0438 \u041a\u0438\u0440\u0430\u043b\u0438 \u0443\u0442\u0446\u0430 38, \u0440\u0435\u0433\u0438\u0441\u0442\u0430\u0440\u0441\u043a\u0438 \u0431\u0440\u043e\u0458 \u043f\u0440\u0435\u0434\u0443\u0437\u0435\u045b\u0430: 13 09 225853, \u043f\u043e\u0440\u0435\u0441\u043a\u0438 \u0431\u0440\u043e\u0458: 10627709213, \u0435-\u043c\u0430\u0438\u043b: <a href=\"mailto:info@arto.hu\">info@arto.hu<\/a>, \u0442\u0435\u043b\u0435\u0444\u043e\u043d: +36 1 770 0084; (\u0443 \u0434\u0430\u0459\u0435\u043c \u0442\u0435\u043a\u0441\u0442\u0443: \u0414\u043e\u0431\u0430\u0432\u0459\u0430\u0447 \u0443\u0441\u043b\u0443\u0433\u0430) \u0441\u0430\u0434\u0440\u0436\u0438 \u043e\u0434\u0440\u0435\u0434\u0431\u0435 \u0438 \u0443\u0441\u043b\u043e\u0432\u0435 \u0437\u0430 \u043a\u043e\u0440\u0438\u0448\u045b\u0435\u045a\u0435 \u0443\u0441\u043b\u0443\u0433\u0430 \u043a\u043e\u0458\u0435 \u0441\u0435 \u043f\u0440\u0443\u0436\u0430\u0458\u0443 \u043f\u0440\u0435\u043a\u043e \u0441\u0430\u0458\u0442\u0430 \u0430\u0440\u0442\u043e.\u0445\u0443. <\/p>\n\n\n\n<p class=\"has-white-color has-text-color has-link-color wp-elements-e78c11beaf379b0802cadb80f2d31ee3 wp-block-paragraph\"><strong>2. \u041e\u043f\u0438\u0441 \u0443\u0441\u043b\u0443\u0433\u0430<\/strong><br>\u041f\u0440\u0443\u0436\u0430\u043b\u0430\u0446 \u0443\u0441\u043b\u0443\u0433\u0430 \u043f\u0440\u0443\u0436\u0430 \u0443\u0441\u043b\u0443\u0433\u0435 \u043f\u0438\u0441\u0430\u045a\u0430 \u0442\u0435\u043d\u0434\u0435\u0440\u0430, \u0443\u043f\u0440\u0430\u0432\u0459\u0430\u045a\u0430 \u043f\u0440\u043e\u0458\u0435\u043a\u0442\u0438\u043c\u0430, \u0440\u0430\u0437\u0432\u043e\u0458\u0430 \u043f\u0440\u043e\u0458\u0435\u043a\u0442\u0430, \u043a\u043e\u043c\u0443\u043d\u0438\u043a\u0430\u0446\u0438\u0458\u0435 \u043f\u0440\u043e\u0458\u0435\u043a\u0442\u0430 \u0438 \u0438\u0441\u0442\u0440\u0430\u0436\u0438\u0432\u0430\u045a\u0430 \u0442\u0440\u0436\u0438\u0448\u0442\u0430 \u043f\u0443\u0442\u0435\u043c \u0432\u0435\u0431 \u0441\u0442\u0440\u0430\u043d\u0438\u0446\u0435. \u0414\u0435\u0442\u0430\u0459\u043d\u0438 \u043e\u043f\u0438\u0441\u0438 \u0438 \u0443\u0441\u043b\u043e\u0432\u0438 \u0443\u0441\u043b\u0443\u0433\u0430 \u043c\u043e\u0433\u0443 \u0441\u0435 \u043d\u0430\u045b\u0438 \u043d\u0430 \u0432\u0435\u0431 \u0441\u0442\u0440\u0430\u043d\u0438\u0446\u0438.<br><strong>3. \u0420\u0435\u0433\u0438\u0441\u0442\u0440\u0430\u0446\u0438\u0458\u0430 \u0438 \u0437\u0430\u043a\u0459\u0443\u0447\u0438\u0432\u0430\u045a\u0435 \u0443\u0433\u043e\u0432\u043e\u0440\u0430<\/strong><br>\u0414\u0430 \u0431\u0438 \u043a\u043e\u0440\u0438\u0441\u0442\u0438\u043e \u0443\u0441\u043b\u0443\u0433\u0435, \u041a\u043e\u0440\u0438\u0441\u043d\u0438\u043a \u0441\u0435 \u043c\u043e\u0440\u0430 \u0440\u0435\u0433\u0438\u0441\u0442\u0440\u043e\u0432\u0430\u0442\u0438 \u043d\u0430 \u0432\u0435\u0431 \u0441\u0442\u0440\u0430\u043d\u0438\u0446\u0438 \u0438 \u043f\u0440\u0438\u0445\u0432\u0430\u0442\u0438\u0442\u0438 \u041e\u043f\u0448\u0442\u0435 \u0443\u0441\u043b\u043e\u0432\u0435 \u043a\u043e\u0440\u0438\u0448\u045b\u0435\u045a\u0430. \u041f\u0440\u0438\u043b\u0438\u043a\u043e\u043c \u0440\u0435\u0433\u0438\u0441\u0442\u0440\u0430\u0446\u0438\u0458\u0435, \u041a\u043e\u0440\u0438\u0441\u043d\u0438\u043a \u0458\u0435 \u0434\u0443\u0436\u0430\u043d \u0434\u0430 \u043f\u0440\u0443\u0436\u0438 \u0438\u0441\u0442\u0438\u043d\u0438\u0442\u0435 \u0438 \u0442\u0430\u0447\u043d\u0435 \u043f\u043e\u0434\u0430\u0442\u043a\u0435. \u0423\u0433\u043e\u0432\u043e\u0440 \u0441\u0435 \u0437\u0430\u043a\u0459\u0443\u0447\u0443\u0458\u0435 \u043f\u043e\u0442\u0432\u0440\u0434\u043e\u043c \u0440\u0435\u0433\u0438\u0441\u0442\u0440\u0430\u0446\u0438\u0458\u0435.<br><strong>4. \u041d\u0430\u043a\u043d\u0430\u0434\u0435 \u0438 \u0443\u0441\u043b\u043e\u0432\u0438 \u043f\u043b\u0430\u045b\u0430\u045a\u0430<\/strong><br>\u041d\u0430\u043a\u043d\u0430\u0434\u0435 \u0437\u0430 \u0443\u0441\u043b\u0443\u0433\u0435 \u0441\u0443 \u043f\u0440\u0438\u043a\u0430\u0437\u0430\u043d\u0435 \u043d\u0430 \u0432\u0435\u0431 \u043b\u043e\u043a\u0430\u0446\u0438\u0458\u0438. \u041f\u043b\u0430\u045b\u0430\u045a\u0435 \u0441\u0435 \u0432\u0440\u0448\u0438 \u0431\u0430\u043d\u043a\u043e\u0432\u043d\u0438\u043c \u0442\u0440\u0430\u043d\u0441\u0444\u0435\u0440\u043e\u043c \u0438\u043b\u0438 \u0434\u0440\u0443\u0433\u0438\u043c \u043c\u0435\u0442\u043e\u0434\u043e\u043c \u043d\u0430\u0437\u043d\u0430\u0447\u0435\u043d\u0438\u043c \u043d\u0430 \u0432\u0435\u0431 \u0441\u0442\u0440\u0430\u043d\u0438\u0446\u0438. \u041f\u0440\u0443\u0436\u0430\u043b\u0430\u0446 \u0443\u0441\u043b\u0443\u0433\u0435 \u045b\u0435 \u043f\u043e\u0441\u043b\u0430\u0442\u0438 \u0440\u0430\u0447\u0443\u043d \u041a\u043e\u0440\u0438\u0441\u043d\u0438\u043a\u0443 \u0435\u043b\u0435\u043a\u0442\u0440\u043e\u043d\u0441\u043a\u0438\u043c \u043f\u0443\u0442\u0435\u043c.<br><strong>5. \u041f\u0440\u0430\u0432\u043e \u043d\u0430 \u043f\u043e\u0432\u043b\u0430\u0447\u0435\u045a\u0435<\/strong><br>\u041a\u043e\u0440\u0438\u0441\u043d\u0438\u043a \u043c\u043e\u0436\u0435 \u043e\u0434\u0443\u0441\u0442\u0430\u0442\u0438 \u043e\u0434 \u0443\u0433\u043e\u0432\u043e\u0440\u0430 \u0431\u0435\u0437 \u043d\u0430\u0432\u043e\u0452\u0435\u045a\u0430 \u0440\u0430\u0437\u043b\u043e\u0433\u0430 \u0443 \u0440\u043e\u043a\u0443 \u043e\u0434 14 \u0434\u0430\u043d\u0430 \u043e\u0434 \u0434\u0430\u043d\u0430 \u0437\u0430\u043a\u0459\u0443\u0447\u0435\u045a\u0430 \u0443\u0433\u043e\u0432\u043e\u0440\u0430. \u0414\u0435\u0442\u0430\u0459\u043d\u0435 \u0438\u043d\u0444\u043e\u0440\u043c\u0430\u0446\u0438\u0458\u0435 \u043e \u043e\u0441\u0442\u0432\u0430\u0440\u0438\u0432\u0430\u045a\u0443 \u043f\u0440\u0430\u0432\u0430 \u043d\u0430 \u043f\u043e\u0432\u043b\u0430\u0447\u0435\u045a\u0435 \u0438 \u0443\u0437\u043e\u0440\u0430\u043a \u0438\u0437\u0458\u0430\u0432\u0435 \u043e \u043f\u043e\u0432\u043b\u0430\u0447\u0435\u045a\u0443 \u043c\u043e\u0433\u0443 \u0441\u0435 \u043f\u0440\u043e\u043d\u0430\u045b\u0438 \u043d\u0430 \u0432\u0435\u0431 \u0441\u0442\u0440\u0430\u043d\u0438\u0446\u0438.<br><strong>6. \u0417\u0430\u0448\u0442\u0438\u0442\u0430 \u043f\u043e\u0434\u0430\u0442\u0430\u043a\u0430<\/strong><br>\u0414\u043e\u0431\u0430\u0432\u0459\u0430\u0447 \u0443\u0441\u043b\u0443\u0433\u0430 \u043f\u043e\u0441\u0442\u0443\u043f\u0430 \u0443 \u0441\u043a\u043b\u0430\u0434\u0443 \u0441\u0430 \u0432\u0430\u0436\u0435\u045b\u0438\u043c \u0437\u0430\u043a\u043e\u043d\u0438\u043c\u0430 \u043e \u0437\u0430\u0448\u0442\u0438\u0442\u0438 \u043f\u043e\u0434\u0430\u0442\u0430\u043a\u0430 \u0442\u043e\u043a\u043e\u043c \u043e\u0431\u0440\u0430\u0434\u0435 \u043f\u043e\u0434\u0430\u0442\u0430\u043a\u0430. \u0414\u0435\u0442\u0430\u0459\u043d\u0430 \u043f\u0440\u0430\u0432\u0438\u043b\u0430 \u0437\u0430 \u0443\u043f\u0440\u0430\u0432\u0459\u0430\u045a\u0435 \u043f\u043e\u0434\u0430\u0446\u0438\u043c\u0430 \u0441\u0430\u0434\u0440\u0436\u0430\u043d\u0430 \u0441\u0443 \u0443 \u041f\u043e\u043b\u0438\u0442\u0438\u0446\u0438 \u043f\u0440\u0438\u0432\u0430\u0442\u043d\u043e\u0441\u0442\u0438 \u043a\u043e\u0458\u0430 \u0458\u0435 \u0434\u043e\u0441\u0442\u0443\u043f\u043d\u0430 \u043d\u0430 \u0432\u0435\u0431 \u043b\u043e\u043a\u0430\u0446\u0438\u0458\u0438.<br><strong>7. \u041e\u0434\u0433\u043e\u0432\u043e\u0440\u043d\u043e\u0441\u0442<\/strong><br>\u041f\u0440\u0443\u0436\u0430\u043b\u0430\u0446 \u0443\u0441\u043b\u0443\u0433\u0430 \u043d\u0438\u0458\u0435 \u043e\u0434\u0433\u043e\u0432\u043e\u0440\u0430\u043d \u0437\u0430 \u0431\u0438\u043b\u043e \u043a\u0430\u043a\u0432\u0443 \u0438\u043d\u0434\u0438\u0440\u0435\u043a\u0442\u043d\u0443 \u0438\u043b\u0438 \u0434\u0438\u0440\u0435\u043a\u0442\u043d\u0443 \u0448\u0442\u0435\u0442\u0443 \u043d\u0430\u0441\u0442\u0430\u043b\u0443 \u043a\u043e\u0440\u0438\u0448\u045b\u0435\u045a\u0435\u043c \u0432\u0435\u0431 \u0441\u0442\u0440\u0430\u043d\u0438\u0446\u0435, \u043e\u0441\u0438\u043c \u0430\u043a\u043e \u0448\u0442\u0435\u0442\u0430 \u043d\u0438\u0458\u0435 \u0440\u0435\u0437\u0443\u043b\u0442\u0430\u0442 \u043d\u0430\u043c\u0435\u0440\u043d\u043e\u0433 \u0438\u043b\u0438 \u043a\u0440\u0430\u0458\u045a\u0435 \u043d\u0435\u043c\u0430\u0440\u043d\u043e\u0433 \u043f\u043e\u043d\u0430\u0448\u0430\u045a\u0430.<br><strong>8. \u041f\u043e\u0441\u0442\u0443\u043f\u0430\u045a\u0435 \u0441\u0430 \u043f\u0440\u0438\u0442\u0443\u0436\u0431\u0430\u043c\u0430<\/strong><br>\u0416\u0430\u043b\u0431\u0435 \u041a\u043e\u0440\u0438\u0441\u043d\u0438\u043a\u0430 \u0441\u0443 <a href=\"mailto:info@arto.hu\">info@arto.hu<\/a> \u041c\u043e\u0436\u0435\u0442\u0435 \u0433\u0430 \u043f\u0440\u0438\u0458\u0430\u0432\u0438\u0442\u0438 \u0435-\u043f\u043e\u0448\u0442\u043e\u043c \u0438\u043b\u0438 \u0442\u0435\u043b\u0435\u0444\u043e\u043d\u043e\u043c \u043d\u0430 +36 1 770 0084. \u041f\u0440\u0443\u0436\u0430\u043b\u0430\u0446 \u0443\u0441\u043b\u0443\u0433\u0430 \u045b\u0435 \u0438\u0441\u043f\u0438\u0442\u0430\u0442\u0438 \u0438 \u043e\u0434\u0433\u043e\u0432\u043e\u0440\u0438\u0442\u0438 \u043d\u0430 \u0436\u0430\u043b\u0431\u0435 \u0443 \u0440\u043e\u043a\u0443 \u043e\u0434 30 \u0434\u0430\u043d\u0430.<br><strong>9. \u041e\u0441\u0442\u0430\u043b\u0435 \u043e\u0434\u0440\u0435\u0434\u0431\u0435<\/strong><br>\u041f\u0440\u0443\u0436\u0430\u043b\u0430\u0446 \u0443\u0441\u043b\u0443\u0433\u0430 \u0438\u043c\u0430 \u043f\u0440\u0430\u0432\u043e \u0434\u0430 \u0458\u0435\u0434\u043d\u043e\u0441\u0442\u0440\u0430\u043d\u043e \u0438\u0437\u043c\u0435\u043d\u0438 \u041e\u043f\u0448\u0442\u0435 \u0443\u0441\u043b\u043e\u0432\u0435. \u0418\u0437\u043c\u0435\u043d\u0435 \u045b\u0435 \u0441\u0442\u0443\u043f\u0438\u0442\u0438 \u043d\u0430 \u0441\u043d\u0430\u0433\u0443 \u043d\u0430\u043a\u043e\u043d \u043e\u0431\u0458\u0430\u0432\u0459\u0438\u0432\u0430\u045a\u0430 \u043d\u0430 \u0432\u0435\u0431 \u0441\u0442\u0440\u0430\u043d\u0438\u0446\u0438. \u0423\u0433\u043e\u0432\u043e\u0440 \u0458\u0435 \u0440\u0435\u0433\u0443\u043b\u0438\u0441\u0430\u043d \u043c\u0430\u0452\u0430\u0440\u0441\u043a\u0438\u043c \u0437\u0430\u043a\u043e\u043d\u043e\u043c.<br><br><\/p>","protected":false},"excerpt":{"rendered":"<p>\u00c1ltal\u00e1nos Szerz\u0151d\u00e9si Felt\u00e9telek (\u00c1SZF) 1. Bevezet\u00e9sJelen \u00c1ltal\u00e1nos Szerz\u0151d\u00e9si Felt\u00e9telek az Arto Consulting Kft. (sz\u00e9khely: 2045 Buda\u00f6rs. K\u00e1roly Kir\u00e1ly utca 38, c\u00e9gjegyz\u00e9ksz\u00e1m: 13 09 225853, ad\u00f3sz\u00e1m: 10627709213, e-mail: info@arto.hu, telefonsz\u00e1m: +36 1 770 0084; a tov\u00e1bbiakban: Szolg\u00e1ltat\u00f3) \u00e1ltal \u00fczemeltetett arto.hu weboldalon kereszt\u00fcl ny\u00fajtott szolg\u00e1ltat\u00e1sok ig\u00e9nybev\u00e9tel\u00e9nek felt\u00e9teleit tartalmazza. 2. Szolg\u00e1ltat\u00e1sok le\u00edr\u00e1saA Szolg\u00e1ltat\u00f3 a Weboldalon kereszt\u00fcl p\u00e1ly\u00e1zat\u00edr\u00e1si, projektmenedzsment, projektfejleszt\u00e9si, projektkommunik\u00e1ci\u00f3s \u00e9s piackutat\u00e1si szolg\u00e1ltat\u00e1sokat ny\u00fajt. A szolg\u00e1ltat\u00e1sok r\u00e9szletes le\u00edr\u00e1sa \u00e9s felt\u00e9telei a Weboldalon tal\u00e1lhat\u00f3k.3. Regisztr\u00e1ci\u00f3 \u00e9s szerz\u0151d\u00e9sk\u00f6t\u00e9sA szolg\u00e1ltat\u00e1sok ig\u00e9nybev\u00e9tel\u00e9hez a Felhaszn\u00e1l\u00f3nak regisztr\u00e1lnia kell a Weboldalon, \u00e9s el kell fogadnia az \u00c1SZF-et. A regisztr\u00e1ci\u00f3 sor\u00e1n a Felhaszn\u00e1l\u00f3 k\u00f6teles val\u00f3s \u00e9s pontos adatokat megadni. A szerz\u0151d\u00e9s<\/p>","protected":false},"author":253070136,"featured_media":0,"parent":0,"menu_order":0,"comment_status":"closed","ping_status":"closed","template":"","meta":{"_crdt_document":"","_themeisle_gutenberg_block_has_review":false,"footnotes":""},"class_list":["post-2329","page","type-page","status-publish","hentry"],"yoast_head":"<!-- This site is optimized with the Yoast SEO plugin v27.5 - https:\/\/yoast.com\/product\/yoast-seo-wordpress\/ -->\n<title>\u00c1ltal\u00e1nos Szerz\u0151d\u00e9si Felt\u00e9telek - Arto Consulting - Arto Consulting<\/title>\n<meta name=\"description\" content=\"Ismerje meg az Arto Consulting \u00c1ltal\u00e1nos Szerz\u0151d\u00e9si Felt\u00e9teleit! Tov\u00e1bbi inform\u00e1ci\u00f3k az \u00fczleti felt\u00e9teleinkr\u0151l \u00e9s szolg\u00e1ltat\u00e1sainkr\u00f3l.\" \/>\n<meta name=\"robots\" content=\"index, follow, max-snippet:-1, max-image-preview:large, max-video-preview:-1\" \/>\n<link rel=\"canonical\" href=\"https:\/\/arto.hu\/sr\/\u0430\u0441\u0444\u0430\u043b\u0442\u043d\u0438-\u043f\u0443\u0442\/\" \/>\n<meta property=\"og:locale\" content=\"sr_RS\" \/>\n<meta property=\"og:type\" content=\"article\" \/>\n<meta property=\"og:title\" content=\"\u00c1ltal\u00e1nos Szerz\u0151d\u00e9si Felt\u00e9telek - Arto Consulting - Arto Consulting\" \/>\n<meta property=\"og:description\" content=\"Ismerje meg az Arto Consulting \u00c1ltal\u00e1nos Szerz\u0151d\u00e9si Felt\u00e9teleit! Tov\u00e1bbi inform\u00e1ci\u00f3k az \u00fczleti felt\u00e9teleinkr\u0151l \u00e9s szolg\u00e1ltat\u00e1sainkr\u00f3l.\" \/>\n<meta property=\"og:url\" content=\"https:\/\/arto.hu\/sr\/\u0430\u0441\u0444\u0430\u043b\u0442\u043d\u0438-\u043f\u0443\u0442\/\" \/>\n<meta property=\"og:site_name\" content=\"Arto Consulting\" \/>\n<meta property=\"article:publisher\" content=\"https:\/\/www.facebook.com\/ArtoConsulting\/?locale=hu_HU\" \/>\n<meta property=\"article:modified_time\" content=\"2024-12-07T16:46:05+00:00\" \/>\n<meta property=\"og:image\" content=\"https:\/\/i0.wp.com\/arto.hu\/wp-content\/uploads\/2024\/11\/cropped-ARTO-VEGLEGES-edited.png?fit=512%2C512&ssl=1\" \/>\n\t<meta property=\"og:image:width\" content=\"512\" \/>\n\t<meta property=\"og:image:height\" content=\"512\" \/>\n\t<meta property=\"og:image:type\" content=\"image\/png\" \/>\n<meta name=\"twitter:card\" content=\"summary_large_image\" \/>\n<meta name=\"twitter:label1\" content=\"\u041f\u0440\u043e\u0446\u0435\u045a\u0435\u043d\u043e \u0432\u0440\u0435\u043c\u0435 \u0447\u0438\u0442\u0430\u045a\u0430\" \/>\n\t<meta name=\"twitter:data1\" content=\"2 \u043c\u0438\u043d\u0443\u0442\u0430\" \/>\n<script type=\"application\/ld+json\" class=\"yoast-schema-graph\">{\"@context\":\"https:\\\/\\\/schema.org\",\"@graph\":[{\"@type\":\"WebPage\",\"@id\":\"https:\\\/\\\/arto.hu\\\/aszf-arto\\\/\",\"url\":\"https:\\\/\\\/arto.hu\\\/aszf-arto\\\/\",\"name\":\"\u00c1ltal\u00e1nos Szerz\u0151d\u00e9si Felt\u00e9telek - Arto Consulting - Arto Consulting\",\"isPartOf\":{\"@id\":\"https:\\\/\\\/arto.hu\\\/#website\"},\"datePublished\":\"2024-11-26T11:13:13+00:00\",\"dateModified\":\"2024-12-07T16:46:05+00:00\",\"description\":\"Ismerje meg az Arto Consulting \u00c1ltal\u00e1nos Szerz\u0151d\u00e9si Felt\u00e9teleit! Tov\u00e1bbi inform\u00e1ci\u00f3k az \u00fczleti felt\u00e9teleinkr\u0151l \u00e9s szolg\u00e1ltat\u00e1sainkr\u00f3l.\",\"breadcrumb\":{\"@id\":\"https:\\\/\\\/arto.hu\\\/aszf-arto\\\/#breadcrumb\"},\"inLanguage\":\"sr-RS\",\"potentialAction\":[{\"@type\":\"ReadAction\",\"target\":[\"https:\\\/\\\/arto.hu\\\/aszf-arto\\\/\"]}]},{\"@type\":\"BreadcrumbList\",\"@id\":\"https:\\\/\\\/arto.hu\\\/aszf-arto\\\/#breadcrumb\",\"itemListElement\":[{\"@type\":\"ListItem\",\"position\":1,\"name\":\"Kezd\u0151lap\",\"item\":\"https:\\\/\\\/arto.hu\\\/\"},{\"@type\":\"ListItem\",\"position\":2,\"name\":\"\u00c1ltal\u00e1nos Szerz\u0151d\u00e9si Felt\u00e9telek &#8211; Arto Consulting\"}]},{\"@type\":\"WebSite\",\"@id\":\"https:\\\/\\\/arto.hu\\\/#website\",\"url\":\"https:\\\/\\\/arto.hu\\\/\",\"name\":\"Arto Consulting\",\"description\":\"Arto P\u00e1ly\u00e1zatir\u00e1s\",\"publisher\":{\"@id\":\"https:\\\/\\\/arto.hu\\\/#organization\"},\"potentialAction\":[{\"@type\":\"SearchAction\",\"target\":{\"@type\":\"EntryPoint\",\"urlTemplate\":\"https:\\\/\\\/arto.hu\\\/?s={search_term_string}\"},\"query-input\":{\"@type\":\"PropertyValueSpecification\",\"valueRequired\":true,\"valueName\":\"search_term_string\"}}],\"inLanguage\":\"sr-RS\"},{\"@type\":\"Organization\",\"@id\":\"https:\\\/\\\/arto.hu\\\/#organization\",\"name\":\"Arto Consulting\",\"url\":\"https:\\\/\\\/arto.hu\\\/\",\"logo\":{\"@type\":\"ImageObject\",\"inLanguage\":\"sr-RS\",\"@id\":\"https:\\\/\\\/arto.hu\\\/#\\\/schema\\\/logo\\\/image\\\/\",\"url\":\"https:\\\/\\\/i0.wp.com\\\/arto.hu\\\/wp-content\\\/uploads\\\/2024\\\/11\\\/ARTO-VEGLEGES-edited.png?fit=827%2C583&ssl=1\",\"contentUrl\":\"https:\\\/\\\/i0.wp.com\\\/arto.hu\\\/wp-content\\\/uploads\\\/2024\\\/11\\\/ARTO-VEGLEGES-edited.png?fit=827%2C583&ssl=1\",\"width\":827,\"height\":583,\"caption\":\"Arto Consulting\"},\"image\":{\"@id\":\"https:\\\/\\\/arto.hu\\\/#\\\/schema\\\/logo\\\/image\\\/\"},\"sameAs\":[\"https:\\\/\\\/www.facebook.com\\\/ArtoConsulting\\\/?locale=hu_HU\"]}]}<\/script>\n<!-- \/ Yoast SEO plugin. -->","yoast_head_json":{"title":"\u041e\u043f\u0448\u0442\u0438 \u0443\u0441\u043b\u043e\u0432\u0438 \u043f\u043e\u0441\u043b\u043e\u0432\u0430\u045a\u0430 - \u0410\u0440\u0442\u043e \u0426\u043e\u043d\u0441\u0443\u043b\u0442\u0438\u043d\u0433 - \u0410\u0440\u0442\u043e \u0426\u043e\u043d\u0441\u0443\u043b\u0442\u0438\u043d\u0433","description":"\u0421\u0430\u0437\u043d\u0430\u0458\u0442\u0435 \u0432\u0438\u0448\u0435 \u043e \u041e\u043f\u0448\u0442\u0438\u043c \u0443\u0441\u043b\u043e\u0432\u0438\u043c\u0430 \u0438 \u043e\u0434\u0440\u0435\u0434\u0431\u0430\u043c\u0430 \u0410\u0440\u0442\u043e \u0426\u043e\u043d\u0441\u0443\u043b\u0442\u0438\u043d\u0433! \u0412\u0438\u0448\u0435 \u0438\u043d\u0444\u043e\u0440\u043c\u0430\u0446\u0438\u0458\u0430 \u043e \u043d\u0430\u0448\u0438\u043c \u043f\u043e\u0441\u043b\u043e\u0432\u043d\u0438\u043c \u0443\u0441\u043b\u043e\u0432\u0438\u043c\u0430 \u0438 \u0443\u0441\u043b\u0443\u0433\u0430\u043c\u0430.","robots":{"index":"index","follow":"follow","max-snippet":"max-snippet:-1","max-image-preview":"max-image-preview:large","max-video-preview":"max-video-preview:-1"},"canonical":"https:\/\/arto.hu\/sr\/\u0430\u0441\u0444\u0430\u043b\u0442\u043d\u0438-\u043f\u0443\u0442\/","og_locale":"sr_RS","og_type":"article","og_title":"\u00c1ltal\u00e1nos Szerz\u0151d\u00e9si Felt\u00e9telek - Arto Consulting - Arto Consulting","og_description":"Ismerje meg az Arto Consulting \u00c1ltal\u00e1nos Szerz\u0151d\u00e9si Felt\u00e9teleit! Tov\u00e1bbi inform\u00e1ci\u00f3k az \u00fczleti felt\u00e9teleinkr\u0151l \u00e9s szolg\u00e1ltat\u00e1sainkr\u00f3l.","og_url":"https:\/\/arto.hu\/sr\/\u0430\u0441\u0444\u0430\u043b\u0442\u043d\u0438-\u043f\u0443\u0442\/","og_site_name":"Arto Consulting","article_publisher":"https:\/\/www.facebook.com\/ArtoConsulting\/?locale=hu_HU","article_modified_time":"2024-12-07T16:46:05+00:00","og_image":[{"width":512,"height":512,"url":"https:\/\/i0.wp.com\/arto.hu\/wp-content\/uploads\/2024\/11\/cropped-ARTO-VEGLEGES-edited.png?fit=512%2C512&ssl=1","type":"image\/png"}],"twitter_card":"summary_large_image","twitter_misc":{"\u041f\u0440\u043e\u0446\u0435\u045a\u0435\u043d\u043e \u0432\u0440\u0435\u043c\u0435 \u0447\u0438\u0442\u0430\u045a\u0430":"2 \u043c\u0438\u043d\u0443\u0442\u0430"},"schema":{"@context":"https:\/\/schema.org","@graph":[{"@type":"WebPage","@id":"https:\/\/arto.hu\/aszf-arto\/","url":"https:\/\/arto.hu\/aszf-arto\/","name":"\u041e\u043f\u0448\u0442\u0438 \u0443\u0441\u043b\u043e\u0432\u0438 \u043f\u043e\u0441\u043b\u043e\u0432\u0430\u045a\u0430 - \u0410\u0440\u0442\u043e \u0426\u043e\u043d\u0441\u0443\u043b\u0442\u0438\u043d\u0433 - \u0410\u0440\u0442\u043e \u0426\u043e\u043d\u0441\u0443\u043b\u0442\u0438\u043d\u0433","isPartOf":{"@id":"https:\/\/arto.hu\/#website"},"datePublished":"2024-11-26T11:13:13+00:00","dateModified":"2024-12-07T16:46:05+00:00","description":"\u0421\u0430\u0437\u043d\u0430\u0458\u0442\u0435 \u0432\u0438\u0448\u0435 \u043e \u041e\u043f\u0448\u0442\u0438\u043c \u0443\u0441\u043b\u043e\u0432\u0438\u043c\u0430 \u0438 \u043e\u0434\u0440\u0435\u0434\u0431\u0430\u043c\u0430 \u0410\u0440\u0442\u043e \u0426\u043e\u043d\u0441\u0443\u043b\u0442\u0438\u043d\u0433! \u0412\u0438\u0448\u0435 \u0438\u043d\u0444\u043e\u0440\u043c\u0430\u0446\u0438\u0458\u0430 \u043e \u043d\u0430\u0448\u0438\u043c \u043f\u043e\u0441\u043b\u043e\u0432\u043d\u0438\u043c \u0443\u0441\u043b\u043e\u0432\u0438\u043c\u0430 \u0438 \u0443\u0441\u043b\u0443\u0433\u0430\u043c\u0430.","breadcrumb":{"@id":"https:\/\/arto.hu\/aszf-arto\/#breadcrumb"},"inLanguage":"sr-RS","potentialAction":[{"@type":"ReadAction","target":["https:\/\/arto.hu\/aszf-arto\/"]}]},{"@type":"BreadcrumbList","@id":"https:\/\/arto.hu\/aszf-arto\/#breadcrumb","itemListElement":[{"@type":"ListItem","position":1,"name":"Kezd\u0151lap","item":"https:\/\/arto.hu\/"},{"@type":"ListItem","position":2,"name":"\u00c1ltal\u00e1nos Szerz\u0151d\u00e9si Felt\u00e9telek &#8211; Arto Consulting"}]},{"@type":"WebSite","@id":"https:\/\/arto.hu\/#website","url":"https:\/\/arto.hu\/","name":"\u0410\u0440\u0442\u043e \u0426\u043e\u043d\u0441\u0443\u043b\u0442\u0438\u043d\u0433","description":"\u0410\u0440\u0442\u043e \u043f\u0440\u0438\u0458\u0430\u0432\u043d\u0438 \u043e\u0431\u0440\u0430\u0437\u0430\u0446","publisher":{"@id":"https:\/\/arto.hu\/#organization"},"potentialAction":[{"@type":"SearchAction","target":{"@type":"EntryPoint","urlTemplate":"https:\/\/arto.hu\/?s={search_term_string}"},"query-input":{"@type":"PropertyValueSpecification","valueRequired":true,"valueName":"search_term_string"}}],"inLanguage":"sr-RS"},{"@type":"Organization","@id":"https:\/\/arto.hu\/#organization","name":"\u0410\u0440\u0442\u043e \u0426\u043e\u043d\u0441\u0443\u043b\u0442\u0438\u043d\u0433","url":"https:\/\/arto.hu\/","logo":{"@type":"ImageObject","inLanguage":"sr-RS","@id":"https:\/\/arto.hu\/#\/schema\/logo\/image\/","url":"https:\/\/i0.wp.com\/arto.hu\/wp-content\/uploads\/2024\/11\/ARTO-VEGLEGES-edited.png?fit=827%2C583&ssl=1","contentUrl":"https:\/\/i0.wp.com\/arto.hu\/wp-content\/uploads\/2024\/11\/ARTO-VEGLEGES-edited.png?fit=827%2C583&ssl=1","width":827,"height":583,"caption":"Arto Consulting"},"image":{"@id":"https:\/\/arto.hu\/#\/schema\/logo\/image\/"},"sameAs":["https:\/\/www.facebook.com\/ArtoConsulting\/?locale=hu_HU"]}]}},"jetpack_likes_enabled":true,"jetpack_sharing_enabled":true,"jetpack_shortlink":"https:\/\/wp.me\/PfTTDI-Bz","jetpack-related-posts":[],"_links":{"self":[{"href":"https:\/\/arto.hu\/sr\/wp-json\/wp\/v2\/pages\/2329","targetHints":{"allow":["GET"]}}],"collection":[{"href":"https:\/\/arto.hu\/sr\/wp-json\/wp\/v2\/pages"}],"about":[{"href":"https:\/\/arto.hu\/sr\/wp-json\/wp\/v2\/types\/page"}],"author":[{"embeddable":true,"href":"https:\/\/arto.hu\/sr\/wp-json\/wp\/v2\/users\/253070136"}],"replies":[{"embeddable":true,"href":"https:\/\/arto.hu\/sr\/wp-json\/wp\/v2\/comments?post=2329"}],"version-history":[{"count":0,"href":"https:\/\/arto.hu\/sr\/wp-json\/wp\/v2\/pages\/2329\/revisions"}],"wp:attachment":[{"href":"https:\/\/arto.hu\/sr\/wp-json\/wp\/v2\/media?parent=2329"}],"curies":[{"name":"wp","href":"https:\/\/api.w.org\/{rel}","templated":true}]}}