{"id":2894,"date":"2025-01-24T13:51:42","date_gmt":"2025-01-24T12:51:42","guid":{"rendered":"https:\/\/arto.hu\/?page_id=2894"},"modified":"2025-01-24T14:00:07","modified_gmt":"2025-01-24T13:00:07","slug":"%d0%b8%d0%bd%d1%84%d0%be%d1%80%d0%bc%d0%b0%d1%86%d0%b8%d1%98%d0%b5-%d0%be-%d1%83%d0%bf%d1%80%d0%b0%d0%b2%d1%99%d0%b0%d1%9a%d1%83-%d0%bf%d0%be%d0%b4%d0%b0%d1%86%d0%b8%d0%bc%d0%b0","status":"publish","type":"page","link":"https:\/\/arto.hu\/sr\/adatkezelesi-tajekoztato\/","title":{"rendered":"\u0410\u0440\u0442\u043e \u0426\u043e\u043d\u0441\u0443\u043b\u0442\u0438\u043d\u0433 \u041b\u0442\u0434. \u041f\u043e\u043b\u0438\u0442\u0438\u043a\u0430 \u043f\u0440\u0438\u0432\u0430\u0442\u043d\u043e\u0441\u0442\u0438"},"content":{"rendered":"\n<p class=\"has-custom-r-zsasz-n-color has-text-color has-link-color wp-elements-9c4c386902be91bf5d4fd0c477d83d2e wp-block-paragraph\">The privacy policy of Arto Consulting Kft. includes the following:<\/p>\n\n\n\n<h3 class=\"wp-block-heading has-custom-r-zsasz-n-color has-text-color has-link-color wp-elements-51fba863c99e71d625f04fc31c7ea58c\" style=\"font-size:20px\"><strong>1. Data Controller Information<\/strong><\/h3>\n\n\n\n<p class=\"has-white-color has-text-color has-link-color wp-elements-a4392787206dad4c57dc6c093d0768f1 wp-block-paragraph\"><strong>Name<\/strong>: Arto Consulting Limited Liability Company<br><strong>Registered Address<\/strong>: 2040 Buda\u00f6rs, K\u00e1roly kir\u00e1ly utca 38.<br><strong>Company Registration Number<\/strong>: 13-09-265258<br><strong>Tax Number<\/strong>: 10627709-2-13<br><strong>Email<\/strong>: <a>info@arto.hu<\/a><br><strong>Phone Number<\/strong>: +36 1 770 0084<\/p>\n\n\n\n<h3 class=\"wp-block-heading has-custom-r-zsasz-n-color has-text-color has-link-color wp-elements-5a1fa94c827c81fce8994a9427f8c218\" style=\"font-size:20px\"><strong>2. Purposes and Legal Bases of Data Processing<\/strong><\/h3>\n\n\n\n<p class=\"has-white-color has-text-color has-link-color wp-elements-93f9bb5963380565bc796673d908c71d wp-block-paragraph\"><strong>Contact Requests<\/strong>:<\/p>\n\n\n\n<ul class=\"wp-block-list has-white-color has-text-color has-link-color wp-elements-0332e7b8344535b6fa830600fc4eb7c5\">\n<li class=\"has-white-color has-text-color has-link-color wp-elements-e8853d682ea4cf69ee7608b5ae54848e\"><strong>Purpose<\/strong>: Managing incoming inquiries.<\/li>\n\n\n\n<li><strong>Legal Basis<\/strong>: The data subject&#8217;s consent (GDPR Article 6(1)(a)).<\/li>\n\n\n\n<li><strong>Processed Data<\/strong>: Name, email address, phone number, message content.<\/li>\n<\/ul>\n\n\n\n<p class=\"has-white-color has-text-color has-link-color wp-elements-81ffeeae57f1bd6b33eb3903c4275518 wp-block-paragraph\"><strong>Newsletter Distribution<\/strong>:<\/p>\n\n\n\n<ul class=\"wp-block-list has-white-color has-text-color has-link-color wp-elements-05a9adbed05f306310068e55b2eb58bc\">\n<li><strong>Purpose<\/strong>: Providing updates on news and funding opportunities.<\/li>\n\n\n\n<li><strong>Legal Basis<\/strong>: The data subject&#8217;s consent (GDPR Article 6(1)(a)).<\/li>\n\n\n\n<li><strong>Processed Data<\/strong>: Name, email address.<\/li>\n<\/ul>\n\n\n\n<p class=\"has-custom-r-zsasz-n-color has-text-color has-link-color wp-elements-68f56d5a104dbe5216021f6252cbd6eb wp-block-paragraph\" style=\"font-size:20px\"><strong>Website Operation and Cookie Management<\/strong>:<\/p>\n\n\n\n<ul class=\"wp-block-list has-white-color has-text-color has-link-color wp-elements-8f883018f9706cadef6cb69ae8b6a768\">\n<li><strong>Purpose<\/strong>: Enhancing user experience and analyzing visitor statistics.<\/li>\n\n\n\n<li><strong>Legal Basis<\/strong>: The data subject&#8217;s consent (for cookies) and legitimate interest (for technical cookies).<\/li>\n\n\n\n<li><strong>Processed Data<\/strong>: IP address, browser type, device information.<\/li>\n<\/ul>\n\n\n\n<p class=\"has-custom-r-zsasz-n-color has-text-color has-link-color wp-elements-6bbbf2e80d57c70c78ec27c0e65e9e97 wp-block-paragraph\" style=\"font-size:20px\"><strong>Grant Application Services<\/strong>:<\/p>\n\n\n\n<ul class=\"wp-block-list has-white-color has-text-color has-link-color wp-elements-a008435639e15f82eb33f21e5fb20046\">\n<li><strong>Purpose<\/strong>: Managing the data of contractual partners.<\/li>\n\n\n\n<li><strong>Legal Basis<\/strong>: Contract performance (GDPR Article 6(1)(b)).<\/li>\n\n\n\n<li><strong>Processed Data<\/strong>: Name, company name, contact information.<\/li>\n<\/ul>\n\n\n\n<h3 class=\"wp-block-heading has-custom-r-zsasz-n-color has-text-color has-link-color wp-elements-af8510f0c5ef94265f465cecc4a1eda2\" style=\"font-size:20px\"><strong>3. Data Retention Period<\/strong><\/h3>\n\n\n\n<ul class=\"wp-block-list has-white-color has-text-color has-link-color wp-elements-d784d65c910d6be37dbaf8cdbe64e048\">\n<li>Contact-related data is retained for 1 year from the date of the inquiry or until consent is withdrawn.<\/li>\n\n\n\n<li>Newsletter data is retained until the individual unsubscribes.<\/li>\n\n\n\n<li>Cookie data retention depends on the cookie type (see Cookiebot declaration for details).<\/li>\n<\/ul>\n\n\n\n<h3 class=\"wp-block-heading has-custom-r-zsasz-n-color has-text-color has-link-color wp-elements-a18ce6bfb8abf4ba1431c87fa73f79dc\" style=\"font-size:20px\"><strong>4. Data Sharing<\/strong><\/h3>\n\n\n\n<p class=\"has-white-color has-text-color has-link-color wp-elements-1b7f88ea6d38ccf9aa3c2f8080c328e1 wp-block-paragraph\">Arto Consulting Kft. may share data with the following third parties:<\/p>\n\n\n\n<ul class=\"wp-block-list has-white-color has-text-color has-link-color wp-elements-e95622271c24b22449f1068748305cc9\">\n<li><strong>Newsletter service provider<\/strong>: [Service Provider Name]<\/li>\n\n\n\n<li><strong>Web hosting provider<\/strong>: [Service Provider Name]<\/li>\n<\/ul>\n\n\n\n<h3 class=\"wp-block-heading has-custom-r-zsasz-n-color has-text-color has-link-color wp-elements-297a75f8af7a6e7a8f688b2c78e215e6\"><strong>5. Data Subject Rights<\/strong><\/h3>\n\n\n\n<p class=\"has-white-color has-text-color has-link-color wp-elements-40406d495cb9ba8d5374ce5e31847d87 wp-block-paragraph\">Data subjects have the following rights:<\/p>\n\n\n\n<ul class=\"wp-block-list has-white-color has-text-color has-link-color wp-elements-7f785afadab3d0f4fe8c435e3d3fd1f4\">\n<li>Access to their data.<\/li>\n\n\n\n<li>Rectification or erasure of data.<\/li>\n\n\n\n<li>Restriction of data processing.<\/li>\n\n\n\n<li>Data portability.<\/li>\n\n\n\n<li>Withdrawal of consent.<\/li>\n<\/ul>\n\n\n\n<p class=\"has-white-color has-text-color has-link-color wp-elements-af369c23522f26c5dd29df03a0c72dff wp-block-paragraph\"><strong>Legal Remedies<\/strong>:<br>If you believe your rights have been violated during data processing, you may contact the following authority:<\/p>\n\n\n\n<p class=\"has-white-color has-text-color has-link-color wp-elements-4dcfc3ed11de14e8ab4e0351ebed2cda wp-block-paragraph\"><strong>Hungarian National Authority for Data Protection and Freedom of Information (NAIH)<\/strong><br><strong>Address<\/strong>: 1055 Budapest, Falk Miksa utca 9-11.<br><strong>Website<\/strong>: naih.hu<\/p>\n\n\n\n<h3 class=\"wp-block-heading has-custom-r-zsasz-n-color has-text-color has-link-color wp-elements-1fbb19fa21ed66f7a1ade5d010c408f0\"><strong>6. Cookie Management<\/strong><\/h3>\n\n\n\n<p class=\"has-white-color has-text-color has-link-color wp-elements-05bc1dcd28ed6ae53f6e15b5e68e486c wp-block-paragraph\">The Arto Consulting website uses cookies and relies on the Cookiebot service for cookie management.<\/p>\n\n\n\n<p class=\"has-white-color has-text-color has-link-color wp-elements-eea8763438635cde2752c022b656d2a3 wp-block-paragraph\"><strong>Types of cookies used<\/strong>: Technical, analytical, marketing.<\/p>\n\n\n\n<p class=\"has-white-color has-text-color has-link-color wp-elements-a935b4941c642e6281646d98896148d2 wp-block-paragraph\">For more information, please visit the [Cookiebot Cookie Declaration].<\/p>\n","protected":false},"excerpt":{"rendered":"<p>\u041f\u043e\u043b\u0438\u0442\u0438\u043a\u0430 \u043f\u0440\u0438\u0432\u0430\u0442\u043d\u043e\u0441\u0442\u0438 \u0410\u0440\u0442\u043e \u0426\u043e\u043d\u0441\u0443\u043b\u0442\u0438\u043d\u0433 \u041a\u0444\u0442. \u0443\u043a\u0459\u0443\u0447\u0443\u0458\u0435 \u0441\u043b\u0435\u0434\u0435\u045b\u0435: 1. \u0418\u043c\u0435 \u043a\u043e\u043d\u0442\u0440\u043e\u043b\u043e\u0440\u0430 \u043f\u043e\u0434\u0430\u0442\u0430\u043a\u0430: \u0410\u0440\u0442\u043e \u0426\u043e\u043d\u0441\u0443\u043b\u0442\u0438\u043d\u0433 \u0426\u043e\u043c\u043f\u0430\u043d\u0438 \u041b\u0438\u043c\u0438\u0442\u0435\u0434 \u041b\u0438\u0430\u0431\u0438\u043b\u0438\u0442\u0438 \u0426\u043e\u043c\u043f\u0430\u043d\u0438 \u0420\u0435\u0433\u0438\u0441\u0442\u0440\u043e\u0432\u0430\u043d\u0430 \u0430\u0434\u0440\u0435\u0441\u0430: 2040 \u0411\u0443\u0434\u0430\u043e\u0440\u0441, \u041a\u0430\u0440\u043e\u043b\u0438 \u043a\u0438\u0440\u0430\u043b\u0438 \u0443\u0442\u0446\u0430 38. \u0420\u0435\u0433\u0438\u0441\u0442\u0440\u0430\u0446\u0438\u043e\u043d\u0438 \u0431\u0440\u043e\u0458 \u043a\u043e\u043c\u043f\u0430\u043d\u0438\u0458\u0435: 13-09-265258\u041f\u043e\u0440\u0435\u0441\u043a\u0438 \u0431\u0440\u043e\u0458: 10627709-2-13\u0415-\u043c\u0430\u0438\u043b: +7\u041f\u0445\u043e: 0084 2. \u0421\u0432\u0440\u0445\u0435 \u0438 \u043f\u0440\u0430\u0432\u043d\u0435 \u043e\u0441\u043d\u043e\u0432\u0435 \u043e\u0431\u0440\u0430\u0434\u0435 \u043f\u043e\u0434\u0430\u0442\u0430\u043a\u0430 \u0417\u0430\u0445\u0442\u0435\u0432\u0438 \u0437\u0430 \u043a\u043e\u043d\u0442\u0430\u043a\u0442: \u0414\u0438\u0441\u0442\u0440\u0438\u0431\u0443\u0446\u0438\u0458\u0430 \u0431\u0438\u043b\u0442\u0435\u043d\u0430: \u0420\u0430\u0434 \u043d\u0430 \u0432\u0435\u0431 \u0441\u0430\u0458\u0442\u0443 \u0438 \u0443\u043f\u0440\u0430\u0432\u0459\u0430\u045a\u0435 \u043a\u043e\u043b\u0430\u0447\u0438\u045b\u0438\u043c\u0430: \u0423\u0441\u043b\u0443\u0433\u0435 \u0430\u043f\u043b\u0438\u043a\u0430\u0446\u0438\u0458\u0435 \u0437\u0430 \u0433\u0440\u0430\u043d\u0442\u043e\u0432\u0435: 3. \u041f\u0435\u0440\u0438\u043e\u0434 \u0447\u0443\u0432\u0430\u045a\u0430 \u043f\u043e\u0434\u0430\u0442\u0430\u043a\u0430 4. \u0414\u0435\u0459\u0435\u045a\u0435 \u043f\u043e\u0434\u0430\u0442\u0430\u043a\u0430 \u0410\u0440\u0442\u043e \u0426\u043e\u043d\u0441\u0443\u043b\u0442\u0438\u043d\u0433 \u041a\u0444\u0442. \u043c\u043e\u0436\u0435 \u0434\u0430 \u0434\u0435\u043b\u0438 \u043f\u043e\u0434\u0430\u0442\u043a\u0435 \u0441\u0430 \u0441\u043b\u0435\u0434\u0435\u045b\u0438\u043c \u0442\u0440\u0435\u045b\u0438\u043c \u043b\u0438\u0446\u0438\u043c\u0430: 5. \u041f\u0440\u0430\u0432\u0430 \u0441\u0443\u0431\u0458\u0435\u043a\u0430\u0442\u0430 \u043f\u043e\u0434\u0430\u0442\u0430\u043a\u0430 \u0421\u0443\u0431\u0458\u0435\u043a\u0442\u0438 \u043f\u043e\u0434\u0430\u0442\u0430\u043a\u0430 \u0438\u043c\u0430\u0458\u0443 \u0441\u043b\u0435\u0434\u0435\u045b\u0430 \u043f\u0440\u0430\u0432\u0430: \u041f\u0440\u0430\u0432\u043d\u0438 \u043b\u0435\u043a\u043e\u0432\u0438: \u0410\u043a\u043e \u0432\u0435\u0440\u0443\u0458\u0435\u0442\u0435 \u0434\u0430 \u0441\u0443 \u0432\u0430\u0448\u0430 \u043f\u0440\u0430\u0432\u0430 \u043f\u043e\u0432\u0440\u0435\u0452\u0435\u043d\u0430 \u0442\u043e\u043a\u043e\u043c \u043e\u0431\u0440\u0430\u0434\u0435 \u043f\u043e\u0434\u0430\u0442\u0430\u043a\u0430, \u043c\u043e\u0436\u0435\u0442\u0435<\/p>","protected":false},"author":253070136,"featured_media":0,"parent":0,"menu_order":0,"comment_status":"closed","ping_status":"closed","template":"","meta":{"_crdt_document":"","_themeisle_gutenberg_block_has_review":false,"footnotes":""},"class_list":["post-2894","page","type-page","status-publish","hentry"],"yoast_head":"<!-- This site is optimized with the Yoast SEO plugin v27.4 - https:\/\/yoast.com\/product\/yoast-seo-wordpress\/ -->\n<title>Arto Consulting Kft. Privacy Policy - Arto Consulting<\/title>\n<meta name=\"robots\" content=\"index, follow, max-snippet:-1, max-image-preview:large, max-video-preview:-1\" \/>\n<link rel=\"canonical\" href=\"https:\/\/arto.hu\/sr\/\u0438\u043d\u0444\u043e\u0440\u043c\u0430\u0446\u0438\u0458\u0435-\u043e-\u0443\u043f\u0440\u0430\u0432\u0459\u0430\u045a\u0443-\u043f\u043e\u0434\u0430\u0446\u0438\u043c\u0430\/\" \/>\n<meta property=\"og:locale\" content=\"sr_RS\" \/>\n<meta property=\"og:type\" content=\"article\" \/>\n<meta property=\"og:title\" content=\"Arto Consulting Kft. Privacy Policy - Arto Consulting\" \/>\n<meta property=\"og:description\" content=\"The privacy policy of Arto Consulting Kft. includes the following: 1. Data Controller Information Name: Arto Consulting Limited Liability CompanyRegistered Address: 2040 Buda\u00f6rs, K\u00e1roly kir\u00e1ly utca 38.Company Registration Number: 13-09-265258Tax Number: 10627709-2-13Email: info@arto.huPhone Number: +36 1 770 0084 2. Purposes and Legal Bases of Data Processing Contact Requests: Newsletter Distribution: Website Operation and Cookie Management: Grant Application Services: 3. Data Retention Period 4. Data Sharing Arto Consulting Kft. may share data with the following third parties: 5. Data Subject Rights Data subjects have the following rights: Legal Remedies:If you believe your rights have been violated during data processing, you may\" \/>\n<meta property=\"og:url\" content=\"https:\/\/arto.hu\/sr\/\u0438\u043d\u0444\u043e\u0440\u043c\u0430\u0446\u0438\u0458\u0435-\u043e-\u0443\u043f\u0440\u0430\u0432\u0459\u0430\u045a\u0443-\u043f\u043e\u0434\u0430\u0446\u0438\u043c\u0430\/\" \/>\n<meta property=\"og:site_name\" content=\"Arto Consulting\" \/>\n<meta property=\"article:publisher\" content=\"https:\/\/www.facebook.com\/ArtoConsulting\/?locale=hu_HU\" \/>\n<meta property=\"article:modified_time\" content=\"2025-01-24T13:00:07+00:00\" \/>\n<meta property=\"og:image\" content=\"https:\/\/i0.wp.com\/arto.hu\/wp-content\/uploads\/2024\/11\/cropped-ARTO-VEGLEGES-edited.png?fit=512%2C512&ssl=1\" \/>\n\t<meta property=\"og:image:width\" content=\"512\" \/>\n\t<meta property=\"og:image:height\" content=\"512\" \/>\n\t<meta property=\"og:image:type\" content=\"image\/png\" \/>\n<meta name=\"twitter:card\" content=\"summary_large_image\" \/>\n<meta name=\"twitter:label1\" content=\"\u041f\u0440\u043e\u0446\u0435\u045a\u0435\u043d\u043e \u0432\u0440\u0435\u043c\u0435 \u0447\u0438\u0442\u0430\u045a\u0430\" \/>\n\t<meta name=\"twitter:data1\" content=\"2 \u043c\u0438\u043d\u0443\u0442\u0430\" \/>\n<script type=\"application\/ld+json\" class=\"yoast-schema-graph\">{\"@context\":\"https:\\\/\\\/schema.org\",\"@graph\":[{\"@type\":\"WebPage\",\"@id\":\"https:\\\/\\\/arto.hu\\\/en\\\/adatkezelesi-tajekoztato\\\/\",\"url\":\"https:\\\/\\\/arto.hu\\\/en\\\/adatkezelesi-tajekoztato\\\/\",\"name\":\"Arto Consulting Kft. Privacy Policy - Arto Consulting\",\"isPartOf\":{\"@id\":\"https:\\\/\\\/arto.hu\\\/#website\"},\"datePublished\":\"2025-01-24T12:51:42+00:00\",\"dateModified\":\"2025-01-24T13:00:07+00:00\",\"breadcrumb\":{\"@id\":\"https:\\\/\\\/arto.hu\\\/en\\\/adatkezelesi-tajekoztato\\\/#breadcrumb\"},\"inLanguage\":\"sr-RS\",\"potentialAction\":[{\"@type\":\"ReadAction\",\"target\":[\"https:\\\/\\\/arto.hu\\\/en\\\/adatkezelesi-tajekoztato\\\/\"]}]},{\"@type\":\"BreadcrumbList\",\"@id\":\"https:\\\/\\\/arto.hu\\\/en\\\/adatkezelesi-tajekoztato\\\/#breadcrumb\",\"itemListElement\":[{\"@type\":\"ListItem\",\"position\":1,\"name\":\"Kezd\u0151lap\",\"item\":\"https:\\\/\\\/arto.hu\\\/\"},{\"@type\":\"ListItem\",\"position\":2,\"name\":\"Arto Consulting Kft. Privacy Policy\"}]},{\"@type\":\"WebSite\",\"@id\":\"https:\\\/\\\/arto.hu\\\/#website\",\"url\":\"https:\\\/\\\/arto.hu\\\/\",\"name\":\"Arto Consulting\",\"description\":\"Arto P\u00e1ly\u00e1zatir\u00e1s\",\"publisher\":{\"@id\":\"https:\\\/\\\/arto.hu\\\/#organization\"},\"potentialAction\":[{\"@type\":\"SearchAction\",\"target\":{\"@type\":\"EntryPoint\",\"urlTemplate\":\"https:\\\/\\\/arto.hu\\\/?s={search_term_string}\"},\"query-input\":{\"@type\":\"PropertyValueSpecification\",\"valueRequired\":true,\"valueName\":\"search_term_string\"}}],\"inLanguage\":\"sr-RS\"},{\"@type\":\"Organization\",\"@id\":\"https:\\\/\\\/arto.hu\\\/#organization\",\"name\":\"Arto Consulting\",\"url\":\"https:\\\/\\\/arto.hu\\\/\",\"logo\":{\"@type\":\"ImageObject\",\"inLanguage\":\"sr-RS\",\"@id\":\"https:\\\/\\\/arto.hu\\\/#\\\/schema\\\/logo\\\/image\\\/\",\"url\":\"https:\\\/\\\/i0.wp.com\\\/arto.hu\\\/wp-content\\\/uploads\\\/2024\\\/11\\\/ARTO-VEGLEGES-edited.png?fit=827%2C583&ssl=1\",\"contentUrl\":\"https:\\\/\\\/i0.wp.com\\\/arto.hu\\\/wp-content\\\/uploads\\\/2024\\\/11\\\/ARTO-VEGLEGES-edited.png?fit=827%2C583&ssl=1\",\"width\":827,\"height\":583,\"caption\":\"Arto Consulting\"},\"image\":{\"@id\":\"https:\\\/\\\/arto.hu\\\/#\\\/schema\\\/logo\\\/image\\\/\"},\"sameAs\":[\"https:\\\/\\\/www.facebook.com\\\/ArtoConsulting\\\/?locale=hu_HU\"]}]}<\/script>\n<!-- \/ Yoast SEO plugin. -->","yoast_head_json":{"title":"\u0410\u0440\u0442\u043e \u0426\u043e\u043d\u0441\u0443\u043b\u0442\u0438\u043d\u0433 \u041b\u0442\u0434. \u041f\u043e\u043b\u0438\u0442\u0438\u043a\u0430 \u043f\u0440\u0438\u0432\u0430\u0442\u043d\u043e\u0441\u0442\u0438 - \u0410\u0440\u0442\u043e \u0426\u043e\u043d\u0441\u0443\u043b\u0442\u0438\u043d\u0433","robots":{"index":"index","follow":"follow","max-snippet":"max-snippet:-1","max-image-preview":"max-image-preview:large","max-video-preview":"max-video-preview:-1"},"canonical":"https:\/\/arto.hu\/sr\/\u0438\u043d\u0444\u043e\u0440\u043c\u0430\u0446\u0438\u0458\u0435-\u043e-\u0443\u043f\u0440\u0430\u0432\u0459\u0430\u045a\u0443-\u043f\u043e\u0434\u0430\u0446\u0438\u043c\u0430\/","og_locale":"sr_RS","og_type":"article","og_title":"Arto Consulting Kft. Privacy Policy - Arto Consulting","og_description":"The privacy policy of Arto Consulting Kft. includes the following: 1. Data Controller Information Name: Arto Consulting Limited Liability CompanyRegistered Address: 2040 Buda\u00f6rs, K\u00e1roly kir\u00e1ly utca 38.Company Registration Number: 13-09-265258Tax Number: 10627709-2-13Email: info@arto.huPhone Number: +36 1 770 0084 2. Purposes and Legal Bases of Data Processing Contact Requests: Newsletter Distribution: Website Operation and Cookie Management: Grant Application Services: 3. Data Retention Period 4. Data Sharing Arto Consulting Kft. may share data with the following third parties: 5. Data Subject Rights Data subjects have the following rights: Legal Remedies:If you believe your rights have been violated during data processing, you may","og_url":"https:\/\/arto.hu\/sr\/\u0438\u043d\u0444\u043e\u0440\u043c\u0430\u0446\u0438\u0458\u0435-\u043e-\u0443\u043f\u0440\u0430\u0432\u0459\u0430\u045a\u0443-\u043f\u043e\u0434\u0430\u0446\u0438\u043c\u0430\/","og_site_name":"Arto Consulting","article_publisher":"https:\/\/www.facebook.com\/ArtoConsulting\/?locale=hu_HU","article_modified_time":"2025-01-24T13:00:07+00:00","og_image":[{"width":512,"height":512,"url":"https:\/\/i0.wp.com\/arto.hu\/wp-content\/uploads\/2024\/11\/cropped-ARTO-VEGLEGES-edited.png?fit=512%2C512&ssl=1","type":"image\/png"}],"twitter_card":"summary_large_image","twitter_misc":{"\u041f\u0440\u043e\u0446\u0435\u045a\u0435\u043d\u043e \u0432\u0440\u0435\u043c\u0435 \u0447\u0438\u0442\u0430\u045a\u0430":"2 \u043c\u0438\u043d\u0443\u0442\u0430"},"schema":{"@context":"https:\/\/schema.org","@graph":[{"@type":"WebPage","@id":"https:\/\/arto.hu\/en\/adatkezelesi-tajekoztato\/","url":"https:\/\/arto.hu\/en\/adatkezelesi-tajekoztato\/","name":"\u0410\u0440\u0442\u043e \u0426\u043e\u043d\u0441\u0443\u043b\u0442\u0438\u043d\u0433 \u041b\u0442\u0434. \u041f\u043e\u043b\u0438\u0442\u0438\u043a\u0430 \u043f\u0440\u0438\u0432\u0430\u0442\u043d\u043e\u0441\u0442\u0438 - \u0410\u0440\u0442\u043e \u0426\u043e\u043d\u0441\u0443\u043b\u0442\u0438\u043d\u0433","isPartOf":{"@id":"https:\/\/arto.hu\/#website"},"datePublished":"2025-01-24T12:51:42+00:00","dateModified":"2025-01-24T13:00:07+00:00","breadcrumb":{"@id":"https:\/\/arto.hu\/en\/adatkezelesi-tajekoztato\/#breadcrumb"},"inLanguage":"sr-RS","potentialAction":[{"@type":"ReadAction","target":["https:\/\/arto.hu\/en\/adatkezelesi-tajekoztato\/"]}]},{"@type":"BreadcrumbList","@id":"https:\/\/arto.hu\/en\/adatkezelesi-tajekoztato\/#breadcrumb","itemListElement":[{"@type":"ListItem","position":1,"name":"Kezd\u0151lap","item":"https:\/\/arto.hu\/"},{"@type":"ListItem","position":2,"name":"Arto Consulting Kft. Privacy Policy"}]},{"@type":"WebSite","@id":"https:\/\/arto.hu\/#website","url":"https:\/\/arto.hu\/","name":"\u0410\u0440\u0442\u043e \u0426\u043e\u043d\u0441\u0443\u043b\u0442\u0438\u043d\u0433","description":"\u0410\u0440\u0442\u043e \u043f\u0440\u0438\u0458\u0430\u0432\u043d\u0438 \u043e\u0431\u0440\u0430\u0437\u0430\u0446","publisher":{"@id":"https:\/\/arto.hu\/#organization"},"potentialAction":[{"@type":"SearchAction","target":{"@type":"EntryPoint","urlTemplate":"https:\/\/arto.hu\/?s={search_term_string}"},"query-input":{"@type":"PropertyValueSpecification","valueRequired":true,"valueName":"search_term_string"}}],"inLanguage":"sr-RS"},{"@type":"Organization","@id":"https:\/\/arto.hu\/#organization","name":"\u0410\u0440\u0442\u043e \u0426\u043e\u043d\u0441\u0443\u043b\u0442\u0438\u043d\u0433","url":"https:\/\/arto.hu\/","logo":{"@type":"ImageObject","inLanguage":"sr-RS","@id":"https:\/\/arto.hu\/#\/schema\/logo\/image\/","url":"https:\/\/i0.wp.com\/arto.hu\/wp-content\/uploads\/2024\/11\/ARTO-VEGLEGES-edited.png?fit=827%2C583&ssl=1","contentUrl":"https:\/\/i0.wp.com\/arto.hu\/wp-content\/uploads\/2024\/11\/ARTO-VEGLEGES-edited.png?fit=827%2C583&ssl=1","width":827,"height":583,"caption":"Arto Consulting"},"image":{"@id":"https:\/\/arto.hu\/#\/schema\/logo\/image\/"},"sameAs":["https:\/\/www.facebook.com\/ArtoConsulting\/?locale=hu_HU"]}]}},"jetpack_likes_enabled":true,"jetpack_sharing_enabled":true,"jetpack_shortlink":"https:\/\/wp.me\/PfTTDI-KG","jetpack-related-posts":[],"_links":{"self":[{"href":"https:\/\/arto.hu\/sr\/wp-json\/wp\/v2\/pages\/2894","targetHints":{"allow":["GET"]}}],"collection":[{"href":"https:\/\/arto.hu\/sr\/wp-json\/wp\/v2\/pages"}],"about":[{"href":"https:\/\/arto.hu\/sr\/wp-json\/wp\/v2\/types\/page"}],"author":[{"embeddable":true,"href":"https:\/\/arto.hu\/sr\/wp-json\/wp\/v2\/users\/253070136"}],"replies":[{"embeddable":true,"href":"https:\/\/arto.hu\/sr\/wp-json\/wp\/v2\/comments?post=2894"}],"version-history":[{"count":0,"href":"https:\/\/arto.hu\/sr\/wp-json\/wp\/v2\/pages\/2894\/revisions"}],"wp:attachment":[{"href":"https:\/\/arto.hu\/sr\/wp-json\/wp\/v2\/media?parent=2894"}],"curies":[{"name":"wp","href":"https:\/\/api.w.org\/{rel}","templated":true}]}}